{"id":30098,"date":"2020-06-09T07:29:50","date_gmt":"2020-06-09T05:29:50","guid":{"rendered":"https:\/\/www.orentees.com\/?post_type=product&#038;p=30098"},"modified":"2024-10-17T13:03:15","modified_gmt":"2024-10-17T11:03:15","slug":"location-gants-ski-enfants","status":"publish","type":"product","link":"https:\/\/www.orentees.com\/pt\/product\/location-gants-ski-enfants\/","title":{"rendered":"LUVAS DE ESQUI INFANTIS"},"content":{"rendered":"<h3>LUVAS INFANTIS LEGOWEAR<\/h3>\n<p>Luvas LEGO\u00ae Wear Tec para meninas e meninos.<\/p>\n<p>Luvas LEGO\u00ae Wear Tec fofas e funcionais para crian\u00e7as, com v\u00e1rios detalhes que ajudam a manter as m\u00e3os do seu filho aquecidas e secas em qualquer clima.<\/p>\n<p>As luvas s\u00e3o feitas de um material confort\u00e1vel e dur\u00e1vel para coluna d&#039;\u00e1gua. A membrana respir\u00e1vel Fan-Tex interna as torna imperme\u00e1veis (100%). As luvas tamb\u00e9m s\u00e3o 100% \u00e0 prova de vento e respir\u00e1veis. A superf\u00edcie \u00e9 tratada com o tratamento repelente \u00e0 \u00e1gua Bionic-Finish\u00ae ECO.<\/p>","protected":false},"excerpt":{"rendered":"<h3><span style=\"font-size: 15px;\">Acess\u00f3rios infantis: Luvas de esqui LEGOWEAR<\/span><\/h3>\n<ul>\n<li><span lang=\"fr\" xml:lang=\"fr\"> \u00c0 prova d&#039;\u00e1gua e respir\u00e1vel.<\/span><\/li>\n<li><span lang=\"fr\" xml:lang=\"fr\"> Tamanhos dispon\u00edveis: de 2 anos a 4 anos <\/span><\/li>\n<\/ul>\n<p style=\"margin: 0in; margin-bottom: .0001pt;\">\n<p><em><span lang=\"fr\" style=\"font-size: 10pt; font-family: Verdana, sans-serif; color: #000000;\" xml:lang=\"fr\">* Foto n\u00e3o contratual<\/span><\/em><\/p>","protected":false},"featured_media":84107,"template":"","meta":{"_acf_changed":false},"product_brand":[],"product_cat":[3051],"product_tag":[],"class_list":{"0":"post-30098","1":"product","2":"type-product","3":"status-publish","4":"has-post-thumbnail","6":"product_cat-accueil","7":"pa_taille-1-an","8":"pa_taille-2-ans","10":"first","11":"instock","12":"taxable","13":"shipping-taxable","14":"purchasable","15":"product-type-variable"},"bundled_by":[],"bundle_stock_status":"instock","bundle_stock_quantity":null,"bundle_virtual":false,"bundle_layout":"","bundle_add_to_cart_form_location":"","bundle_editable_in_cart":false,"bundle_sold_individually_context":"","bundle_item_grouping":"","bundle_min_size":"","bundle_max_size":"","bundled_items":[],"bundle_sell_ids":[],"_links":{"self":[{"href":"https:\/\/www.orentees.com\/pt\/wp-json\/wp\/v2\/product\/30098","targetHints":{"allow":["GET"]}}],"collection":[{"href":"https:\/\/www.orentees.com\/pt\/wp-json\/wp\/v2\/product"}],"about":[{"href":"https:\/\/www.orentees.com\/pt\/wp-json\/wp\/v2\/types\/product"}],"version-history":[{"count":2,"href":"https:\/\/www.orentees.com\/pt\/wp-json\/wp\/v2\/product\/30098\/revisions"}],"predecessor-version":[{"id":150197,"href":"https:\/\/www.orentees.com\/pt\/wp-json\/wp\/v2\/product\/30098\/revisions\/150197"}],"wp:featuredmedia":[{"embeddable":true,"href":"https:\/\/www.orentees.com\/pt\/wp-json\/wp\/v2\/media\/84107"}],"wp:attachment":[{"href":"https:\/\/www.orentees.com\/pt\/wp-json\/wp\/v2\/media?parent=30098"}],"wp:term":[{"taxonomy":"product_brand","embeddable":true,"href":"https:\/\/www.orentees.com\/pt\/wp-json\/wp\/v2\/product_brand?post=30098"},{"taxonomy":"product_cat","embeddable":true,"href":"https:\/\/www.orentees.com\/pt\/wp-json\/wp\/v2\/product_cat?post=30098"},{"taxonomy":"product_tag","embeddable":true,"href":"https:\/\/www.orentees.com\/pt\/wp-json\/wp\/v2\/product_tag?post=30098"}],"curies":[{"name":"wp","href":"https:\/\/api.w.org\/{rel}","templated":true}]}}