{"id":30148,"date":"2020-03-29T17:16:29","date_gmt":"2020-03-29T15:16:29","guid":{"rendered":"https:\/\/www.orentees.com\/?post_type=product&#038;p=30148"},"modified":"2024-10-08T13:08:20","modified_gmt":"2024-10-08T11:08:20","slug":"location-sac-a-dos-randonnee-30l","status":"publish","type":"product","link":"https:\/\/www.orentees.com\/pt\/product\/location-sac-a-dos-randonnee-30l\/","title":{"rendered":"Aluguel de mochila de caminhada 30L"},"content":{"rendered":"<h3><strong>Aluguel de mochilas de 30L para caminhadas e acampamentos<\/strong><\/h3>\n<p>Selecionamos o modelo <strong>UBIC 30<\/strong> da marca <strong>Millet<\/strong>.<br \/>\nUma mochila ergon\u00f4mica e vers\u00e1til para montanha e caminhada, projetada para aventura.<\/p>\n<p>Muito confort\u00e1vel gra\u00e7as \u00e0s suas al\u00e7as ergon\u00f4micas, ao cinto e aos seus in\u00fameros ajustes. A parte traseira \u00e9 feita de espuma EVA ventilada para melhor evacua\u00e7\u00e3o do calor e da transpira\u00e7\u00e3o.<\/p>\n<p>Seu sistema Variloop permite transportar todo o equipamento alpino ou de expedi\u00e7\u00e3o necess\u00e1rio, como piolet, esquis de turismo, raquetes de neve, etc. Verdadeiramente 4 esta\u00e7\u00f5es, ele vem com prote\u00e7\u00e3o contra chuva ou neve.<\/p>\n<p>Equipado com v\u00e1rios espa\u00e7os de armazenamento e bolsos com z\u00edper, \u00e9 compat\u00edvel com bolsas de \u00e1gua.<\/p>\n<p>Em resumo:<\/p>\n<ul>\n<li>Capacidade de 30 litros,<\/li>\n<li>5 bolsos com z\u00edper,<\/li>\n<li>1 compartimento central,<\/li>\n<li>1 bolsa imperme\u00e1vel (prote\u00e7\u00e3o contra intemp\u00e9ries),<\/li>\n<li>Sistema Variloop para transportar uma ampla gama de equipamentos,<\/li>\n<li>Muitos ajustes para conforto ideal no transporte.<\/li>\n<\/ul>","protected":false},"excerpt":{"rendered":"<p style=\"text-align: left; font-size: 18px;\"><strong>Apresenta\u00e7\u00e3o:<\/strong><\/p>\n<p><span id=\"p163\">Ideal para caminhadas curtas, a mochila Millet <span id=\"169\">UBIC<\/span> 30 vers\u00e1til e t\u00e9cnico, \u00e9 muito ergon\u00f4mico e confort\u00e1vel gra\u00e7as aos seus in\u00fameros ajustes.<\/span><span id=\"p175\"> Integra um sur <span id=\"176\" class=\"s-rg-t\">bolsa<\/span> para proteger contra a chuva.<\/span><br \/>\n<span id=\"p177\">Al\u00e9m disso, permite pendurar todos os tipos de equipamentos alpinos e de bivaque.<\/span><\/p>\n<hr \/>\n<p style=\"text-align: center;\"><em><strong>Opini\u00e3o de Pierre:<\/strong> \u201cQuando fa\u00e7o uma caminhada curta (de at\u00e9 2 dias), esta \u00e9 a mochila que levo. \u00c9 leve, confort\u00e1vel e permite transportar uma infinidade de equipamentos gra\u00e7as aos seus in\u00fameros acess\u00f3rios, o que significa que sua capacidade real \u00e9 superior a 30 litros.\u201d<\/em><\/p>\n<hr \/>\n<p><em><span lang=\"fr\" style=\"font-size: 10pt; font-family: Verdana, sans-serif; color: #000000;\" xml:lang=\"fr\">* Foto n\u00e3o contratual<\/span><\/em><\/p>\n<p><span style=\"font-size: 10pt;\"> ** Com base em um aluguel de 8 dias<\/span><\/p>","protected":false},"featured_media":144553,"template":"","meta":{"_acf_changed":false},"product_brand":[],"product_cat":[3051,3645],"product_tag":[],"class_list":{"0":"post-30148","1":"product","2":"type-product","3":"status-publish","4":"has-post-thumbnail","6":"product_cat-accueil","7":"product_cat-bagagerie-voyage","9":"first","10":"instock","11":"taxable","12":"shipping-taxable","13":"purchasable","14":"product-type-simple"},"bundled_by":["30215","35400","35403","35406","35417","36071","36175","50565","50579","50770","50778","92979","179951","186205"],"bundle_stock_status":"instock","bundle_stock_quantity":13,"bundle_virtual":false,"bundle_layout":"","bundle_add_to_cart_form_location":"","bundle_editable_in_cart":false,"bundle_sold_individually_context":"","bundle_item_grouping":"","bundle_min_size":"","bundle_max_size":"","bundled_items":[],"bundle_sell_ids":[],"_links":{"self":[{"href":"https:\/\/www.orentees.com\/pt\/wp-json\/wp\/v2\/product\/30148","targetHints":{"allow":["GET"]}}],"collection":[{"href":"https:\/\/www.orentees.com\/pt\/wp-json\/wp\/v2\/product"}],"about":[{"href":"https:\/\/www.orentees.com\/pt\/wp-json\/wp\/v2\/types\/product"}],"version-history":[{"count":4,"href":"https:\/\/www.orentees.com\/pt\/wp-json\/wp\/v2\/product\/30148\/revisions"}],"predecessor-version":[{"id":146661,"href":"https:\/\/www.orentees.com\/pt\/wp-json\/wp\/v2\/product\/30148\/revisions\/146661"}],"wp:featuredmedia":[{"embeddable":true,"href":"https:\/\/www.orentees.com\/pt\/wp-json\/wp\/v2\/media\/144553"}],"wp:attachment":[{"href":"https:\/\/www.orentees.com\/pt\/wp-json\/wp\/v2\/media?parent=30148"}],"wp:term":[{"taxonomy":"product_brand","embeddable":true,"href":"https:\/\/www.orentees.com\/pt\/wp-json\/wp\/v2\/product_brand?post=30148"},{"taxonomy":"product_cat","embeddable":true,"href":"https:\/\/www.orentees.com\/pt\/wp-json\/wp\/v2\/product_cat?post=30148"},{"taxonomy":"product_tag","embeddable":true,"href":"https:\/\/www.orentees.com\/pt\/wp-json\/wp\/v2\/product_tag?post=30148"}],"curies":[{"name":"wp","href":"https:\/\/api.w.org\/{rel}","templated":true}]}}