{"id":30152,"date":"2020-03-29T17:41:45","date_gmt":"2020-03-29T15:41:45","guid":{"rendered":"https:\/\/www.orentees.com\/?post_type=product&#038;p=30152"},"modified":"2024-10-08T13:05:58","modified_gmt":"2024-10-08T11:05:58","slug":"location-sac-a-dos-randonnee-50l","status":"publish","type":"product","link":"https:\/\/www.orentees.com\/pt\/product\/location-sac-a-dos-randonnee-50l\/","title":{"rendered":"Aluguel de mochila de caminhada de 50L"},"content":{"rendered":"<h3><strong>Aluguel de mochilas de 50L para caminhadas \u2013 trekking<\/strong><\/h3>\n<p>Esta mochila Millet foi projetada para montanhismo e caminhadas de longa dist\u00e2ncia. Grande em volume, robusta, ergon\u00f4mica e vers\u00e1til, ela foi projetada para longas aventuras.<\/p>\n<p>Gra\u00e7as aos seus in\u00fameros ajustes, permite um transporte muito confort\u00e1vel. A parte traseira \u00e9 ventilada e permite uma eficaz elimina\u00e7\u00e3o do suor.<\/p>\n<p>A mochila permite a fixa\u00e7\u00e3o r\u00e1pida e f\u00e1cil de machados de gelo e bast\u00f5es de caminhada: muito pr\u00e1tico de usar.<\/p>\n<p>A abertura da mala permite f\u00e1cil acesso a todos os itens armazenados. Ela tamb\u00e9m vem com uma capa de chuva muito f\u00e1cil de posicionar.<\/p>\n<p><strong>Resumidamente:<\/strong><\/p>\n<ul>\n<li>Capacidade de armazenamento 50 litros,<\/li>\n<li>Peso 1,9 kg,<\/li>\n<li>Acesso central, tipo mala, muito pr\u00e1tico,<\/li>\n<li>Numerosos equipamentos de transporte,<\/li>\n<li>Configura\u00e7\u00f5es simples e pr\u00e1ticas,<\/li>\n<li>Cinto resistente que alivia eficazmente a dor nas costas.<\/li>\n<\/ul>","protected":false},"excerpt":{"rendered":"<p style=\"text-align: left; font-size: 18px;\"><strong>Apresenta\u00e7\u00e3o:<\/strong><\/p>\n<p><span id=\"p163\">Vers\u00e1til, ideal para longas caminhadas ou passeios em fam\u00edlia, a mochila Millet <span id=\"169\">HANANG<\/span> 50 oferece um amplo volume de armazenamento. Sua abertura ventral estilo mala \u00e9 muito pr\u00e1tica para acessar todos os equipamentos transportados.<\/span><\/p>\n<p><span id=\"p163\">Gra\u00e7as aos seus in\u00fameros ajustes e ao seu cinto resistente, voc\u00ea poder\u00e1 transportar cargas pesadas sem preocupa\u00e7\u00f5es. Al\u00e9m disso, a parte traseira \u00e9 bem ventilada.<\/span><\/p>\n<p><span id=\"p175\">Integra um sur <span id=\"176\" class=\"s-rg-t\">bolsa<\/span> para proteger eficazmente contra a chuva, tamb\u00e9m \u00e9 equipado com fechos que permitem fixar um grande n\u00famero de equipamentos<\/span><span id=\"p177\">.<\/span><\/p>","protected":false},"featured_media":144555,"template":"","meta":{"_acf_changed":false},"product_brand":[],"product_cat":[3645],"product_tag":[],"class_list":{"0":"post-30152","1":"product","2":"type-product","3":"status-publish","4":"has-post-thumbnail","6":"product_cat-bagagerie-voyage","8":"first","9":"instock","10":"taxable","11":"shipping-taxable","12":"purchasable","13":"product-type-simple"},"bundled_by":["31803","35400","35403","35406","35417","36071","50770","50778","92979","179951","186205"],"bundle_stock_status":"instock","bundle_stock_quantity":23,"bundle_virtual":false,"bundle_layout":"","bundle_add_to_cart_form_location":"","bundle_editable_in_cart":false,"bundle_sold_individually_context":"","bundle_item_grouping":"","bundle_min_size":"","bundle_max_size":"","bundled_items":[],"bundle_sell_ids":[],"_links":{"self":[{"href":"https:\/\/www.orentees.com\/pt\/wp-json\/wp\/v2\/product\/30152","targetHints":{"allow":["GET"]}}],"collection":[{"href":"https:\/\/www.orentees.com\/pt\/wp-json\/wp\/v2\/product"}],"about":[{"href":"https:\/\/www.orentees.com\/pt\/wp-json\/wp\/v2\/types\/product"}],"version-history":[{"count":6,"href":"https:\/\/www.orentees.com\/pt\/wp-json\/wp\/v2\/product\/30152\/revisions"}],"predecessor-version":[{"id":184169,"href":"https:\/\/www.orentees.com\/pt\/wp-json\/wp\/v2\/product\/30152\/revisions\/184169"}],"wp:featuredmedia":[{"embeddable":true,"href":"https:\/\/www.orentees.com\/pt\/wp-json\/wp\/v2\/media\/144555"}],"wp:attachment":[{"href":"https:\/\/www.orentees.com\/pt\/wp-json\/wp\/v2\/media?parent=30152"}],"wp:term":[{"taxonomy":"product_brand","embeddable":true,"href":"https:\/\/www.orentees.com\/pt\/wp-json\/wp\/v2\/product_brand?post=30152"},{"taxonomy":"product_cat","embeddable":true,"href":"https:\/\/www.orentees.com\/pt\/wp-json\/wp\/v2\/product_cat?post=30152"},{"taxonomy":"product_tag","embeddable":true,"href":"https:\/\/www.orentees.com\/pt\/wp-json\/wp\/v2\/product_tag?post=30152"}],"curies":[{"name":"wp","href":"https:\/\/api.w.org\/{rel}","templated":true}]}}