{"id":30192,"date":"2020-03-30T18:58:01","date_gmt":"2020-03-30T16:58:01","guid":{"rendered":"https:\/\/www.orentees.com\/?post_type=product&#038;p=30192"},"modified":"2024-12-04T13:36:39","modified_gmt":"2024-12-04T12:36:39","slug":"location-batons-de-randonnee","status":"publish","type":"product","link":"https:\/\/www.orentees.com\/pt\/product\/location-batons-de-randonnee\/","title":{"rendered":"Aluguel de bast\u00f5es de caminhada"},"content":{"rendered":"<p><strong>Bast\u00f5es de caminhada KOMPERDELL Explorer Contour Powerlock<\/strong><\/p>\n<p>Bast\u00f5es Komperdell, fabricados em alum\u00ednio anodizado, o que lhes confere grande resist\u00eancia<\/p>\n<p>3 fios, eles ser\u00e3o esquecidos quando presos \u00e0 sua mochila.<\/p>\n<p>Ajust\u00e1veis em tamanho de 105 a 140 cm, adaptam-se a todos os tamanhos.<\/p>","protected":false},"excerpt":{"rendered":"<h3>Aluguel de bast\u00f5es de caminhada da Komperdell.<\/h3>\n<ul>\n<li><span lang=\"fr\" xml:lang=\"fr\"> - Modelo <strong>Explorer Contour Powerlock<\/strong>.<\/span><\/li>\n<li><span lang=\"fr\" xml:lang=\"fr\"> \u2013 3 fios, ajust\u00e1veis.<\/span><\/li>\n<li><span lang=\"fr\" xml:lang=\"fr\"> \u2013 muito leve e robusto.<\/span><\/li>\n<\/ul>\n<hr \/>\n<p style=\"text-align: center;\"><em><strong>Opini\u00e3o de Pierre:<\/strong> &#8220;<span id=\"p8\">Muito pr\u00e1ticos, estes bast\u00f5es de caminhada s\u00e3o ajust\u00e1veis ao mil\u00edmetro e adaptam-se a todos os praticantes de caminhada.<\/span><span id=\"p11\"> Gosto muito do tamanho pequeno e da leveza deles.<\/span>&#8220;<\/em><\/p>\n<hr \/>\n<p>&nbsp;<\/p>\n<p><em><span lang=\"fr\" style=\"font-size: 10pt; font-family: Verdana, sans-serif; color: #000000;\" xml:lang=\"fr\">* Foto n\u00e3o contratual<\/span><\/em><\/p>\n<p><span style=\"font-size: 10pt;\"> ** Com base em um aluguel de 8 dias<\/span><\/p>","protected":false},"featured_media":144507,"template":"","meta":{"_acf_changed":false},"product_brand":[],"product_cat":[3671],"product_tag":[],"class_list":{"0":"post-30192","1":"product","2":"type-product","3":"status-publish","4":"has-post-thumbnail","6":"product_cat-location-materiel-randonnee","8":"first","9":"instock","10":"taxable","11":"shipping-taxable","12":"purchasable","13":"product-type-simple"},"bundled_by":["30215","31803","35400","35403","35406","35417","36071","36175","50565","50579","50770","50778","92979","144945","179951","186205"],"bundle_stock_status":"instock","bundle_stock_quantity":31,"bundle_virtual":false,"bundle_layout":"","bundle_add_to_cart_form_location":"","bundle_editable_in_cart":false,"bundle_sold_individually_context":"","bundle_item_grouping":"","bundle_min_size":"","bundle_max_size":"","bundled_items":[],"bundle_sell_ids":[],"_links":{"self":[{"href":"https:\/\/www.orentees.com\/pt\/wp-json\/wp\/v2\/product\/30192","targetHints":{"allow":["GET"]}}],"collection":[{"href":"https:\/\/www.orentees.com\/pt\/wp-json\/wp\/v2\/product"}],"about":[{"href":"https:\/\/www.orentees.com\/pt\/wp-json\/wp\/v2\/types\/product"}],"version-history":[{"count":4,"href":"https:\/\/www.orentees.com\/pt\/wp-json\/wp\/v2\/product\/30192\/revisions"}],"predecessor-version":[{"id":146695,"href":"https:\/\/www.orentees.com\/pt\/wp-json\/wp\/v2\/product\/30192\/revisions\/146695"}],"wp:featuredmedia":[{"embeddable":true,"href":"https:\/\/www.orentees.com\/pt\/wp-json\/wp\/v2\/media\/144507"}],"wp:attachment":[{"href":"https:\/\/www.orentees.com\/pt\/wp-json\/wp\/v2\/media?parent=30192"}],"wp:term":[{"taxonomy":"product_brand","embeddable":true,"href":"https:\/\/www.orentees.com\/pt\/wp-json\/wp\/v2\/product_brand?post=30192"},{"taxonomy":"product_cat","embeddable":true,"href":"https:\/\/www.orentees.com\/pt\/wp-json\/wp\/v2\/product_cat?post=30192"},{"taxonomy":"product_tag","embeddable":true,"href":"https:\/\/www.orentees.com\/pt\/wp-json\/wp\/v2\/product_tag?post=30192"}],"curies":[{"name":"wp","href":"https:\/\/api.w.org\/{rel}","templated":true}]}}