{"id":30278,"date":"2020-05-05T18:20:06","date_gmt":"2020-05-05T16:20:06","guid":{"rendered":"https:\/\/www.orentees.com\/?post_type=product&#038;p=30278"},"modified":"2024-09-30T12:17:45","modified_gmt":"2024-09-30T10:17:45","slug":"location-matelas-oreiller-camping","status":"publish","type":"product","link":"https:\/\/www.orentees.com\/pt\/product\/location-matelas-oreiller-camping\/","title":{"rendered":"Aluguel de colch\u00f5es de camping"},"content":{"rendered":"<h3><strong>colch\u00e3o infl\u00e1vel TRIGANO<\/strong><\/h3>\n<p>Um colch\u00e3o infl\u00e1vel ideal para acampamentos de ver\u00e3o. Suas dimens\u00f5es generosas e capa com toque aveludado garantem noites de sono perfeitas.<\/p>","protected":false},"excerpt":{"rendered":"<p><strong>Apresenta\u00e7\u00e3o:<\/strong><\/p>\n<p><span id=\"p163\">Colch\u00e3o infl\u00e1vel da marca Trigano. Ideal para camping, \u00e9 muito confort\u00e1vel gra\u00e7as \u00e0s suas dimens\u00f5es generosas e toque aveludado.<\/span><\/p>\n<p>Inclui uma bomba de p\u00e9 para inflar.<\/p>\n<hr \/>\n<p><em><strong>Opini\u00e3o de Nancy:<\/strong> \u201cO colch\u00e3o de campismo ideal, muito confort\u00e1vel, sobretudo gra\u00e7as \u00e0 sua generosa largura.\u201d<\/em><em>&#8220;<\/em><\/p>\n<hr \/>\n<p><em><span lang=\"fr\" xml:lang=\"fr\">* Foto n\u00e3o contratual<\/span><\/em><\/p>\n<p>** Com base em um aluguel de 8 dias<\/p>","protected":false},"featured_media":144633,"template":"","meta":{"_acf_changed":false},"product_brand":[],"product_cat":[3051,3685],"product_tag":[],"class_list":{"0":"post-30278","1":"product","2":"type-product","3":"status-publish","4":"has-post-thumbnail","6":"product_cat-accueil","7":"product_cat-location-materiel-camping","9":"first","10":"instock","11":"taxable","12":"shipping-taxable","13":"purchasable","14":"product-type-simple"},"bundled_by":["30227","30236"],"bundle_stock_status":"instock","bundle_stock_quantity":92,"bundle_virtual":false,"bundle_layout":"","bundle_add_to_cart_form_location":"","bundle_editable_in_cart":false,"bundle_sold_individually_context":"","bundle_item_grouping":"","bundle_min_size":"","bundle_max_size":"","bundled_items":[],"bundle_sell_ids":[],"_links":{"self":[{"href":"https:\/\/www.orentees.com\/pt\/wp-json\/wp\/v2\/product\/30278","targetHints":{"allow":["GET"]}}],"collection":[{"href":"https:\/\/www.orentees.com\/pt\/wp-json\/wp\/v2\/product"}],"about":[{"href":"https:\/\/www.orentees.com\/pt\/wp-json\/wp\/v2\/types\/product"}],"version-history":[{"count":2,"href":"https:\/\/www.orentees.com\/pt\/wp-json\/wp\/v2\/product\/30278\/revisions"}],"predecessor-version":[{"id":144701,"href":"https:\/\/www.orentees.com\/pt\/wp-json\/wp\/v2\/product\/30278\/revisions\/144701"}],"wp:featuredmedia":[{"embeddable":true,"href":"https:\/\/www.orentees.com\/pt\/wp-json\/wp\/v2\/media\/144633"}],"wp:attachment":[{"href":"https:\/\/www.orentees.com\/pt\/wp-json\/wp\/v2\/media?parent=30278"}],"wp:term":[{"taxonomy":"product_brand","embeddable":true,"href":"https:\/\/www.orentees.com\/pt\/wp-json\/wp\/v2\/product_brand?post=30278"},{"taxonomy":"product_cat","embeddable":true,"href":"https:\/\/www.orentees.com\/pt\/wp-json\/wp\/v2\/product_cat?post=30278"},{"taxonomy":"product_tag","embeddable":true,"href":"https:\/\/www.orentees.com\/pt\/wp-json\/wp\/v2\/product_tag?post=30278"}],"curies":[{"name":"wp","href":"https:\/\/api.w.org\/{rel}","templated":true}]}}