{"id":31016,"date":"2020-06-10T14:02:19","date_gmt":"2020-06-10T12:02:19","guid":{"rendered":"https:\/\/www.orentees.com\/?post_type=product&#038;p=31016"},"modified":"2024-09-30T12:12:27","modified_gmt":"2024-09-30T10:12:27","slug":"location-sac-glaciere-22l","status":"publish","type":"product","link":"https:\/\/www.orentees.com\/pt\/product\/location-sac-glaciere-22l\/","title":{"rendered":"Bolsa t\u00e9rmica de 22 litros"},"content":{"rendered":"<h3>ALUGUEL DE SACO DE GELO DE 22 LITROS<\/h3>\n<p>Ideal para acampamentos, resistente e pr\u00e1tica, esta bolsa t\u00e9rmica de 22 litros manter\u00e1 seus alimentos e bebidas entre 5 e 15 graus por quase 7 horas.<\/p>\n<p>Possui um bolso com z\u00edper e tamb\u00e9m um bolso de tela.<\/p>\n<p>F\u00e1cil de transportar gra\u00e7as \u00e0 sua al\u00e7a de ombro.<\/p>","protected":false},"excerpt":{"rendered":"<p style=\"text-align: left; font-size: 18px;\"><strong>Apresenta\u00e7\u00e3o:<\/strong><\/p>\n<p><span id=\"p163\">Uma bolsa t\u00e9rmica \u00e9 muito \u00fatil em acampamentos para manter os alimentos frescos de forma eficaz.<\/span><\/p>\n<p>Mant\u00e9m as coisas frias por cerca de 7 horas.<\/p>\n<p>Com sua al\u00e7a de transporte, ela te acompanhar\u00e1 em todos os lugares, da praia ao acampamento.<\/p>\n<hr \/>\n<p style=\"text-align: center;\"><em><strong>Opini\u00e3o de Pierre:<\/strong> \u201cMuito \u00fatil para manter os alimentos frescos durante acampamentos.\u201d<\/em><em>&#8220;<\/em><\/p>\n<hr \/>\n<p><em><span lang=\"fr\" style=\"font-size: 10pt; font-family: Verdana, sans-serif; color: #000000;\" xml:lang=\"fr\">* Foto n\u00e3o contratual<\/span><\/em><\/p>\n<p><span style=\"font-size: 10pt;\"> ** Com base em um aluguel de 8 dias<\/span><\/p>","protected":false},"featured_media":144627,"template":"","meta":{"_acf_changed":false},"product_brand":[],"product_cat":[3685],"product_tag":[],"class_list":{"0":"post-31016","1":"product","2":"type-product","3":"status-publish","4":"has-post-thumbnail","6":"product_cat-location-materiel-camping","8":"first","9":"instock","10":"taxable","11":"shipping-taxable","12":"purchasable","13":"product-type-simple"},"bundled_by":["30227","30236","32015","35438","50940"],"bundle_stock_status":"instock","bundle_stock_quantity":5,"bundle_virtual":false,"bundle_layout":"","bundle_add_to_cart_form_location":"","bundle_editable_in_cart":false,"bundle_sold_individually_context":"","bundle_item_grouping":"","bundle_min_size":"","bundle_max_size":"","bundled_items":[],"bundle_sell_ids":[],"_links":{"self":[{"href":"https:\/\/www.orentees.com\/pt\/wp-json\/wp\/v2\/product\/31016","targetHints":{"allow":["GET"]}}],"collection":[{"href":"https:\/\/www.orentees.com\/pt\/wp-json\/wp\/v2\/product"}],"about":[{"href":"https:\/\/www.orentees.com\/pt\/wp-json\/wp\/v2\/types\/product"}],"version-history":[{"count":2,"href":"https:\/\/www.orentees.com\/pt\/wp-json\/wp\/v2\/product\/31016\/revisions"}],"predecessor-version":[{"id":144671,"href":"https:\/\/www.orentees.com\/pt\/wp-json\/wp\/v2\/product\/31016\/revisions\/144671"}],"wp:featuredmedia":[{"embeddable":true,"href":"https:\/\/www.orentees.com\/pt\/wp-json\/wp\/v2\/media\/144627"}],"wp:attachment":[{"href":"https:\/\/www.orentees.com\/pt\/wp-json\/wp\/v2\/media?parent=31016"}],"wp:term":[{"taxonomy":"product_brand","embeddable":true,"href":"https:\/\/www.orentees.com\/pt\/wp-json\/wp\/v2\/product_brand?post=31016"},{"taxonomy":"product_cat","embeddable":true,"href":"https:\/\/www.orentees.com\/pt\/wp-json\/wp\/v2\/product_cat?post=31016"},{"taxonomy":"product_tag","embeddable":true,"href":"https:\/\/www.orentees.com\/pt\/wp-json\/wp\/v2\/product_tag?post=31016"}],"curies":[{"name":"wp","href":"https:\/\/api.w.org\/{rel}","templated":true}]}}