{"id":33355,"date":"2020-10-25T17:22:10","date_gmt":"2020-10-25T16:22:10","guid":{"rendered":"https:\/\/www.orentees.com\/?post_type=product&#038;p=33355"},"modified":"2024-09-10T21:13:34","modified_gmt":"2024-09-10T19:13:34","slug":"pack-30-filtres-adulte-covid-buff","status":"publish","type":"product","link":"https:\/\/www.orentees.com\/pt\/product\/pack-30-filtres-adulte-covid-buff\/","title":{"rendered":"Pacote com 30 filtros de prote\u00e7\u00e3o COVID para adultos"},"content":{"rendered":"","protected":false},"excerpt":{"rendered":"<p style=\"text-align: left; font-size: 18px;\"><strong>Apresenta\u00e7\u00e3o:<\/strong><\/p>\n<p>Pacote com 30 filtros de reposi\u00e7\u00e3o para cachecol Buff adulto. Filtro com certifica\u00e7\u00e3o EN 14683:2019 que garante filtragem 98% contra bact\u00e9rias.<\/p>\n<p>Os filtros atendem aos padr\u00f5es das m\u00e1scaras cir\u00fargicas.<\/p>\n<hr \/>\n<p style=\"text-align: center;\"><strong><span lang=\"fr\" style=\"font-size: 10pt; font-family: Verdana, sans-serif; color: #000000;\" xml:lang=\"fr\">Item dispon\u00edvel apenas para venda<\/span><\/strong><\/p>\n<p><em><span lang=\"fr\" style=\"font-size: 10pt; font-family: Verdana, sans-serif; color: #000000;\" xml:lang=\"fr\">* Foto n\u00e3o contratual<\/span><\/em><\/p>\n<p>&nbsp;<\/p>","protected":false},"featured_media":109215,"template":"","meta":{"_acf_changed":false},"product_brand":[],"product_cat":[3051],"product_tag":[],"class_list":{"0":"post-33355","1":"product","2":"type-product","3":"status-publish","4":"has-post-thumbnail","6":"product_cat-accueil","8":"first","9":"outofstock","10":"taxable","11":"shipping-taxable","12":"purchasable","13":"product-type-simple"},"bundled_by":[],"bundle_stock_status":"outofstock","bundle_stock_quantity":0,"bundle_virtual":false,"bundle_layout":"","bundle_add_to_cart_form_location":"","bundle_editable_in_cart":false,"bundle_sold_individually_context":"","bundle_item_grouping":"","bundle_min_size":"","bundle_max_size":"","bundled_items":[],"bundle_sell_ids":[],"_links":{"self":[{"href":"https:\/\/www.orentees.com\/pt\/wp-json\/wp\/v2\/product\/33355","targetHints":{"allow":["GET"]}}],"collection":[{"href":"https:\/\/www.orentees.com\/pt\/wp-json\/wp\/v2\/product"}],"about":[{"href":"https:\/\/www.orentees.com\/pt\/wp-json\/wp\/v2\/types\/product"}],"version-history":[{"count":1,"href":"https:\/\/www.orentees.com\/pt\/wp-json\/wp\/v2\/product\/33355\/revisions"}],"predecessor-version":[{"id":109213,"href":"https:\/\/www.orentees.com\/pt\/wp-json\/wp\/v2\/product\/33355\/revisions\/109213"}],"wp:featuredmedia":[{"embeddable":true,"href":"https:\/\/www.orentees.com\/pt\/wp-json\/wp\/v2\/media\/109215"}],"wp:attachment":[{"href":"https:\/\/www.orentees.com\/pt\/wp-json\/wp\/v2\/media?parent=33355"}],"wp:term":[{"taxonomy":"product_brand","embeddable":true,"href":"https:\/\/www.orentees.com\/pt\/wp-json\/wp\/v2\/product_brand?post=33355"},{"taxonomy":"product_cat","embeddable":true,"href":"https:\/\/www.orentees.com\/pt\/wp-json\/wp\/v2\/product_cat?post=33355"},{"taxonomy":"product_tag","embeddable":true,"href":"https:\/\/www.orentees.com\/pt\/wp-json\/wp\/v2\/product_tag?post=33355"}],"curies":[{"name":"wp","href":"https:\/\/api.w.org\/{rel}","templated":true}]}}