{"id":35319,"date":"2021-04-06T18:44:43","date_gmt":"2021-04-06T16:44:43","guid":{"rendered":"https:\/\/www.orentees.com\/?post_type=product&#038;p=35319"},"modified":"2024-12-04T13:36:45","modified_gmt":"2024-12-04T12:36:45","slug":"location-matelas-gonflable-bivouac","status":"publish","type":"product","link":"https:\/\/www.orentees.com\/pt\/product\/location-matelas-gonflable-bivouac\/","title":{"rendered":"Aluguel de colch\u00e3o infl\u00e1vel para acampamento"},"content":{"rendered":"<h3><strong>Aluguel de colch\u00f5es infl\u00e1veis: Comfort Light e Comfort Plus da Sea To Summit<\/strong><\/h3>\n<p>Robusto, o colch\u00e3o \u00e9 compacto e confort\u00e1vel, sendo ideal para caminhadas.<\/p>\n<p>Muito confort\u00e1vel gra\u00e7as \u00e0 sua espessura de 6,3 cm e estrutura em favo de mel.<\/p>\n<p>Al\u00e9m disso, possui um \u00f3timo isolamento t\u00e9rmico, com um valor R de 3,7 a 4, dependendo do tamanho.<\/p>\n<p>A tecnologia Thermolite consiste em uma fina camada de tecido que reflete o calor corporal, proporcionando maior prote\u00e7\u00e3o e isolamento. O colch\u00e3o infl\u00e1vel Sea To Summit vem com a bolsa Airstream, que serve tanto para armazenamento quanto para inflar, funcionando como uma bomba: muito pr\u00e1tica.<\/p>\n<p>O colch\u00e3o tamb\u00e9m recebe tratamento com um agente antimicrobiano.<\/p>\n<p>Gra\u00e7as ao seu tamanho compacto, caber\u00e1 facilmente na sua mochila de caminhada. Pronto para a GR20 ou para trilhas na montanha?<\/p>","protected":false},"excerpt":{"rendered":"<p style=\"text-align: left; font-size: 18px;\"><strong>Apresenta\u00e7\u00e3o:<\/strong><\/p>\n<p>Este colch\u00e3o infl\u00e1vel com sua estrutura em favo de mel oferece um conforto incr\u00edvel. \u00c9 leve e resistente. Suas c\u00e2maras independentes permitem a livre circula\u00e7\u00e3o do ar, proporcionando um conforto excepcional. Seu formato relativamente plano, semelhante a uma m\u00famia, oferece mais espa\u00e7o, o que \u00e9 especialmente bem-vindo ap\u00f3s um longo dia de caminhada.<\/p>\n<p>Em termos de isolamento, o valor R varia de 3,7 a 4, dependendo do tamanho e do modelo, o que faz dele um excelente colch\u00e3o para tr\u00eas esta\u00e7\u00f5es.<\/p>\n<hr \/>\n<p style=\"text-align: center;\"><em><strong>Opini\u00e3o de Pierre:<\/strong> \u201cOs colch\u00f5es infl\u00e1veis que selecionamos s\u00e3o ideais para caminhantes que desejam viajar com pouca bagagem sem abrir m\u00e3o do conforto.\u201d<\/em><\/p>\n<hr \/>\n<div style=\"float: left; width: 50%;\">\n<p><strong>Modelo padr\u00e3o (Comfort Plus Insulated)<\/strong><\/p>\n<ul>\n<li><span lang=\"fr\" xml:lang=\"fr\"> \u2013 Dimens\u00f5es: 184 x 55 cm.<\/span><\/li>\n<li><span lang=\"fr\" xml:lang=\"fr\"> \u2013 Peso: 640g \/ 800g<\/span><\/li>\n<li><span lang=\"fr\" xml:lang=\"fr\"> \u2013 Espessura de 6,3 cm.<\/span><\/li>\n<li><span lang=\"fr\" xml:lang=\"fr\"> \u2013 Valor R: 3,7<\/span><\/li>\n<\/ul>\n<\/div>\n<div style=\"float: left; width: 50%;\">\n<p><strong>Modelo grande (Comfort Light Insulated)<\/strong><\/p>\n<ul>\n<li><span lang=\"fr\" xml:lang=\"fr\"> \u2013 Dimens\u00f5es: 201 x 64 cm.<\/span><\/li>\n<li><span lang=\"fr\" xml:lang=\"fr\"> \u2013 Peso: 1015 g<\/span><\/li>\n<li><span lang=\"fr\" xml:lang=\"fr\"> \u2013 Espessura de 6,3 cm.<\/span><\/li>\n<li><span lang=\"fr\" xml:lang=\"fr\"> \u2013 Valor R: 4<\/span><\/li>\n<\/ul>\n<\/div>\n<p><em><span lang=\"fr\" style=\"font-size: 10pt; font-family: Verdana, sans-serif; color: #000000;\" xml:lang=\"fr\">* Foto n\u00e3o contratual<\/span><\/em><\/p>\n<p><span style=\"font-size: 10pt;\"> ** Com base em um aluguel de 8 dias<\/span><\/p>","protected":false},"featured_media":144527,"template":"","meta":{"_acf_changed":false},"product_brand":[],"product_cat":[3649],"product_tag":[],"class_list":{"0":"post-35319","1":"product","2":"type-product","3":"status-publish","4":"has-post-thumbnail","6":"product_cat-location-materiel-bivouac","7":"pa_dimension-large-201-x-64-cm","8":"pa_dimension-regular-184-x-55-cm","10":"first","11":"instock","12":"taxable","13":"shipping-taxable","14":"purchasable","15":"product-type-variable","16":"has-default-attributes"},"bundled_by":["35400","35403","35406","35417","35993","35997","36000","36036","36071","50770","50778","50795","92979","178911","178917","179951","186205"],"bundle_stock_status":"instock","bundle_stock_quantity":null,"bundle_virtual":false,"bundle_layout":"","bundle_add_to_cart_form_location":"","bundle_editable_in_cart":false,"bundle_sold_individually_context":"","bundle_item_grouping":"","bundle_min_size":"","bundle_max_size":"","bundled_items":[],"bundle_sell_ids":[],"_links":{"self":[{"href":"https:\/\/www.orentees.com\/pt\/wp-json\/wp\/v2\/product\/35319","targetHints":{"allow":["GET"]}}],"collection":[{"href":"https:\/\/www.orentees.com\/pt\/wp-json\/wp\/v2\/product"}],"about":[{"href":"https:\/\/www.orentees.com\/pt\/wp-json\/wp\/v2\/types\/product"}],"version-history":[{"count":4,"href":"https:\/\/www.orentees.com\/pt\/wp-json\/wp\/v2\/product\/35319\/revisions"}],"predecessor-version":[{"id":146691,"href":"https:\/\/www.orentees.com\/pt\/wp-json\/wp\/v2\/product\/35319\/revisions\/146691"}],"wp:featuredmedia":[{"embeddable":true,"href":"https:\/\/www.orentees.com\/pt\/wp-json\/wp\/v2\/media\/144527"}],"wp:attachment":[{"href":"https:\/\/www.orentees.com\/pt\/wp-json\/wp\/v2\/media?parent=35319"}],"wp:term":[{"taxonomy":"product_brand","embeddable":true,"href":"https:\/\/www.orentees.com\/pt\/wp-json\/wp\/v2\/product_brand?post=35319"},{"taxonomy":"product_cat","embeddable":true,"href":"https:\/\/www.orentees.com\/pt\/wp-json\/wp\/v2\/product_cat?post=35319"},{"taxonomy":"product_tag","embeddable":true,"href":"https:\/\/www.orentees.com\/pt\/wp-json\/wp\/v2\/product_tag?post=35319"}],"curies":[{"name":"wp","href":"https:\/\/api.w.org\/{rel}","templated":true}]}}