{"id":35326,"date":"2021-04-07T09:05:38","date_gmt":"2021-04-07T07:05:38","guid":{"rendered":"https:\/\/www.orentees.com\/?post_type=product&#038;p=35326"},"modified":"2024-12-04T13:36:45","modified_gmt":"2024-12-04T12:36:45","slug":"location-matelas-auto-gonflable-bivouac","status":"publish","type":"product","link":"https:\/\/www.orentees.com\/pt\/product\/location-matelas-auto-gonflable-bivouac\/","title":{"rendered":"Aluguel de colch\u00e3o infl\u00e1vel para acampamento"},"content":{"rendered":"<h3><strong>Aluguel de colch\u00e3o infl\u00e1vel Sea to Summit<\/strong><\/h3>\n<p>Os colch\u00f5es autoinfl\u00e1veis Sea To Summit oferecem o m\u00e1ximo conforto gra\u00e7as \u00e0 sua tecnologia dupla: Ar + Espuma. Al\u00e9m disso, s\u00e3o muito resistentes, pois mesmo se furados, mant\u00eam o conforto da espuma: uma caracter\u00edstica valiosa quando se est\u00e1 em meio \u00e0 natureza e os reparos s\u00e3o imposs\u00edveis.<\/p>\n<p>Os colch\u00f5es autoinfl\u00e1veis s\u00e3o muito f\u00e1ceis de montar; basta destravar a v\u00e1lvula de infla\u00e7\u00e3o e esperar alguns minutos para o ar entrar no colch\u00e3o. Para inflar mais r\u00e1pido, basta dar algumas sopradas e o colch\u00e3o estar\u00e1 pronto.<\/p>\n<p>A espessura dos colch\u00f5es varia de 4 a 5 cm, dependendo do modelo\/tamanho, o que os torna muito confort\u00e1veis independentemente da posi\u00e7\u00e3o em que se dorme.<\/p>\n<p>O \u00edndice R, entre 3,1 e 4,2, torna-o um verdadeiro colch\u00e3o de acampamento para 3 a 4 esta\u00e7\u00f5es.<\/p>\n<p>Os colch\u00f5es autoinfl\u00e1veis da Sea To Summit v\u00eam equipados com um revestimento antiderrapante muito pr\u00e1tico para evitar que voc\u00ea caia da barraca!<\/p>\n<p>De tamanho compacto, ser\u00e1 o companheiro perfeito para uma viagem de acampamento de fim de semana com a fam\u00edlia ou amigos.<\/p>","protected":false},"excerpt":{"rendered":"<p style=\"text-align: left; font-size: 18px;\"><strong>Apresenta\u00e7\u00e3o:<\/strong><\/p>\n<p>O colch\u00e3o autoinfl\u00e1vel SEA TO SUMMIT oferece conforto ideal e facilidade de uso. Gra\u00e7as \u00e0 sua espuma e \u00e0s c\u00e9lulas de ar infl\u00e1veis, a sensa\u00e7\u00e3o e o conforto s\u00e3o garantidos: a infla\u00e7\u00e3o \u00e9 autom\u00e1tica ao desenroscar a v\u00e1lvula; basta esperar alguns minutos e o colch\u00e3o estar\u00e1 pronto.<\/p>\n<p>Uma vez dobrado, seu tamanho \u00e9 reduzido e seu peso m\u00ednimo: ser\u00e1 esquecido.<\/p>\n<p>Em termos de isolamento, o valor R varia de 3,1 a 4,2, dependendo do tamanho e do modelo, o que faz dele um excelente colch\u00e3o para uso em tr\u00eas esta\u00e7\u00f5es.<\/p>\n<hr \/>\n<p style=\"text-align: center;\"><em><strong>Opini\u00e3o de Nancy:<\/strong> &quot;Aprecio os colch\u00f5es autoinfl\u00e1veis da Sea To Summit pelo conforto e tamanho compacto. A capa e a espuma fazem com que seja um colch\u00e3o muito silencioso. Depois de inflado, durmo como um beb\u00ea!&quot;<\/em><\/p>\n<hr \/>\n<div style=\"float: left; width: 50%;\">\n<p><strong>Modelo padr\u00e3o (Comfort Light e Camp SI)<\/strong><\/p>\n<ul>\n<li><span lang=\"fr\" xml:lang=\"fr\"> \u2013 Dimens\u00f5es: 184 x 51 cm.<\/span><\/li>\n<li><span lang=\"fr\" xml:lang=\"fr\"> \u2013 Peso: 650g a 880g<\/span><\/li>\n<li><span lang=\"fr\" xml:lang=\"fr\"> \u2013 Espessura de 4 a 5 cm.<\/span><\/li>\n<li><span lang=\"fr\" xml:lang=\"fr\"> \u2013 Valor R: 3,1 a 4,2<\/span><\/li>\n<\/ul>\n<\/div>\n<div style=\"float: left; width: 50%;\">\n<p><strong>Modelo Grande (Acampamento SI)<\/strong><\/p>\n<ul>\n<li><span lang=\"fr\" xml:lang=\"fr\"> \u2013 Dimens\u00f5es: 201 x 64 cm.<\/span><\/li>\n<li><span lang=\"fr\" xml:lang=\"fr\"> \u2013 Peso: 1180 g<\/span><\/li>\n<li><span lang=\"fr\" xml:lang=\"fr\"> \u2013 Espessura de 4 cm.<\/span><\/li>\n<li><span lang=\"fr\" xml:lang=\"fr\"> \u2013 Valor R: 4,2<\/span><\/li>\n<\/ul>\n<\/div>\n<p>&nbsp;<\/p>\n<p><em><span lang=\"fr\" style=\"font-size: 10pt; font-family: Verdana, sans-serif; color: #000000;\" xml:lang=\"fr\">* Foto n\u00e3o contratual<\/span><\/em><\/p>\n<p><span style=\"font-size: 10pt;\"> ** Com base em um aluguel de 8 dias<\/span><\/p>","protected":false},"featured_media":144525,"template":"","meta":{"_acf_changed":false},"product_brand":[],"product_cat":[3649],"product_tag":[],"class_list":{"0":"post-35326","1":"product","2":"type-product","3":"status-publish","4":"has-post-thumbnail","6":"product_cat-location-materiel-bivouac","7":"pa_dimension-large-201-x-64-cm","8":"pa_dimension-regular-183-x-51-cm","10":"first","11":"instock","12":"taxable","13":"shipping-taxable","14":"purchasable","15":"product-type-variable","16":"has-default-attributes"},"bundled_by":["35400","35403","35406","35417","35993","35997","36000","36036","36071","50770","50778","50795","87287","92979","178911","178917","179951","186205"],"bundle_stock_status":"instock","bundle_stock_quantity":null,"bundle_virtual":false,"bundle_layout":"","bundle_add_to_cart_form_location":"","bundle_editable_in_cart":false,"bundle_sold_individually_context":"","bundle_item_grouping":"","bundle_min_size":"","bundle_max_size":"","bundled_items":[],"bundle_sell_ids":[],"_links":{"self":[{"href":"https:\/\/www.orentees.com\/pt\/wp-json\/wp\/v2\/product\/35326","targetHints":{"allow":["GET"]}}],"collection":[{"href":"https:\/\/www.orentees.com\/pt\/wp-json\/wp\/v2\/product"}],"about":[{"href":"https:\/\/www.orentees.com\/pt\/wp-json\/wp\/v2\/types\/product"}],"version-history":[{"count":3,"href":"https:\/\/www.orentees.com\/pt\/wp-json\/wp\/v2\/product\/35326\/revisions"}],"predecessor-version":[{"id":146663,"href":"https:\/\/www.orentees.com\/pt\/wp-json\/wp\/v2\/product\/35326\/revisions\/146663"}],"wp:featuredmedia":[{"embeddable":true,"href":"https:\/\/www.orentees.com\/pt\/wp-json\/wp\/v2\/media\/144525"}],"wp:attachment":[{"href":"https:\/\/www.orentees.com\/pt\/wp-json\/wp\/v2\/media?parent=35326"}],"wp:term":[{"taxonomy":"product_brand","embeddable":true,"href":"https:\/\/www.orentees.com\/pt\/wp-json\/wp\/v2\/product_brand?post=35326"},{"taxonomy":"product_cat","embeddable":true,"href":"https:\/\/www.orentees.com\/pt\/wp-json\/wp\/v2\/product_cat?post=35326"},{"taxonomy":"product_tag","embeddable":true,"href":"https:\/\/www.orentees.com\/pt\/wp-json\/wp\/v2\/product_tag?post=35326"}],"curies":[{"name":"wp","href":"https:\/\/api.w.org\/{rel}","templated":true}]}}