{"id":35330,"date":"2021-04-07T14:21:01","date_gmt":"2021-04-07T12:21:01","guid":{"rendered":"https:\/\/www.orentees.com\/?post_type=product&#038;p=35330"},"modified":"2025-05-05T10:40:27","modified_gmt":"2025-05-05T08:40:27","slug":"location-sac-de-couchage-bivouac","status":"publish","type":"product","link":"https:\/\/www.orentees.com\/pt\/product\/location-sac-de-couchage-bivouac\/","title":{"rendered":"Aluguel de sacos de dormir para bivaque"},"content":{"rendered":"<h3><strong>Aluguel de saco de dormir Bivouac (+ len\u00e7ol)<\/strong><\/h3>\n<p>Nossos sacos de dormir de plumas s\u00e3o projetados para caminhadas em montanhas. Altamente compactos gra\u00e7as ao seu alto poder de enchimento, eles proteger\u00e3o voc\u00ea do frio com efic\u00e1cia.<\/p>\n<p>Nossa sele\u00e7\u00e3o se concentrou em marcas de renome mundial como Millet e Sea To Summit com os seguintes modelos:<\/p>\n<ul>\n<li>Millet Light Down 5<\/li>\n<li>Millet Light Down 0<\/li>\n<li>Millet Light Down -5<\/li>\n<li>Do mar ao cume Treeline TLI<\/li>\n<li>Millet Light Down -10<\/li>\n<\/ul>\n<p>Uma linha de 3 e 4 esta\u00e7\u00f5es que cobre perfeitamente todos os tipos de trekking.<\/p>\n<p>Nossos sacos de dormir bivouac s\u00e3o sistematicamente fornecidos com um forro de saco de dormir adequado (Sea To Summit Polycotton)<\/p>\n<p>Em termos de transporte, eles passar\u00e3o despercebidos gra\u00e7as ao seu tamanho modesto e peso m\u00ednimo (de 600 a 1260 g).<\/p>","protected":false},"excerpt":{"rendered":"<p style=\"text-align: left; font-size: 18px;\"><strong>Apresenta\u00e7\u00e3o:<\/strong><\/p>\n<p>Os sacos de dormir de penas de pato naturais que selecionamos s\u00e3o ideais para caminhadas em acampamentos de abril at\u00e9 o final de outubro. S\u00e3o muito f\u00e1ceis de transportar, pois s\u00e3o compactos e leves.<\/p>\n<p>Sua composi\u00e7\u00e3o de penas de pato proporciona excelente respirabilidade e isolamento.<\/p>\n<p>Nossos sacos de dormir da Millet e Sea To Summit proteger\u00e3o voc\u00ea efetivamente contra o frio, com suas faixas de temperatura de 5 a -3 graus (limite de temperatura de conforto \u2013 norma EN13537).<\/p>\n<p>Todos os sacos de dormir s\u00e3o fornecidos com um forro de saco de dormir (Sea To Summit Polycotton)<\/p>\n<hr \/>\n<p style=\"text-align: center;\"><em><strong>Opini\u00e3o de Pierre:<\/strong> \u201cSelecionei esses 3 modelos porque acho que eles oferecem conforto e uma sensa\u00e7\u00e3o de calor muito apreci\u00e1vel sem comprometer o peso e o volume.\u201d<\/em><\/p>\n<hr \/>\n<div style=\"float: left; width: 50%;\">\n<p><strong> Limite de temperatura de conforto 5<\/strong><\/p>\n<ul>\n<li><span lang=\"fr\" xml:lang=\"fr\"> \u2013 Millet Light Down 5<\/span><\/li>\n<li><span lang=\"fr\" xml:lang=\"fr\"> \u2013 Peso: 600 gr<\/span><\/li>\n<li><span lang=\"fr\" xml:lang=\"fr\"> \u2013 Temperatura de conforto: 10\u00b0C <\/span><\/li>\n<li><span lang=\"fr\" xml:lang=\"fr\"> \u2013 Temperatura Limite de Conforto: 5\u00b0C<\/span><\/li>\n<li><span lang=\"fr\" xml:lang=\"fr\"> \u2013 Dobrado: 30 x 14 cm<\/span><\/li>\n<\/ul>\n<\/div>\n<div style=\"float: left; width: 50%;\">\n<p><strong> Limite de temperatura de conforto 0<\/strong><\/p>\n<ul>\n<li><span lang=\"fr\" xml:lang=\"fr\"> \u2013 Millet Light Down 0<\/span><\/li>\n<li><span lang=\"fr\" xml:lang=\"fr\"> \u2013 Peso: 750 gr<\/span><\/li>\n<li><span lang=\"fr\" xml:lang=\"fr\"> \u2013 Temperatura de conforto: 5\u00b0C <\/span><\/li>\n<li><span lang=\"fr\" xml:lang=\"fr\"> \u2013 Temperatura Limite de Conforto: 0\u00b0C<\/span><\/li>\n<li><span lang=\"fr\" xml:lang=\"fr\"> \u2013 Dobrado: 30 x 16 cm<\/span><\/li>\n<\/ul>\n<\/div>\n<p>&nbsp;<\/p>\n<div style=\"float: left; width: 50%;\">\n<p><strong>Limite de temperatura de conforto -3<\/strong><\/p>\n<ul>\n<li><span lang=\"fr\" xml:lang=\"fr\"> \u2013 STS Treeline TLI.<\/span><\/li>\n<li><span lang=\"fr\" xml:lang=\"fr\"> \u2013 Peso: 970 gr<\/span><\/li>\n<li><span lang=\"fr\" xml:lang=\"fr\"> \u2013 Temperatura de conforto: 2\u00b0C<\/span><\/li>\n<li><span lang=\"fr\" xml:lang=\"fr\"> \u2013 Temperatura Limite de Conforto: -3\u00b0C<\/span><\/li>\n<li><span lang=\"fr\" xml:lang=\"fr\"> \u2013 Dobrado: 30 x 20 cm<\/span><\/li>\n<\/ul>\n<\/div>\n<div style=\"float: left; width: 50%;\">\n<p><strong> Limite de temperatura de conforto -10<\/strong><\/p>\n<ul>\n<li><span lang=\"fr\" xml:lang=\"fr\"> \u2013 Millet Light Down -10<\/span><\/li>\n<li><span lang=\"fr\" xml:lang=\"fr\"> \u2013 Peso: 1260 gr<\/span><\/li>\n<li><span lang=\"fr\" xml:lang=\"fr\"> \u2013 Temperatura de conforto: -4\u00b0C <\/span><\/li>\n<li><span lang=\"fr\" xml:lang=\"fr\"> \u2013 Temperatura Limite de Conforto: -10\u00b0C<\/span><\/li>\n<li><span lang=\"fr\" xml:lang=\"fr\"> \u2013 Dobrado: 23 x 20 cm<\/span><\/li>\n<\/ul>\n<\/div>\n<p><em><span lang=\"fr\" style=\"font-size: 10pt; font-family: Verdana, sans-serif; color: #000000;\" xml:lang=\"fr\">* Foto n\u00e3o contratual<\/span><\/em><\/p>\n<p><span style=\"font-size: 10pt;\"> ** Com base em um aluguel de 8 dias<\/span><\/p>","protected":false},"featured_media":84295,"template":"","meta":{"_acf_changed":false},"product_brand":[],"product_cat":[3649],"product_tag":[],"class_list":{"0":"post-35330","1":"product","2":"type-product","3":"status-publish","4":"has-post-thumbnail","6":"product_cat-location-materiel-bivouac","7":"pa_dimension-temp-confort-limit-10","8":"pa_dimension-temp-confort-limit-3","9":"pa_dimension-temp-confort-limit-0","10":"pa_dimension-temp-confort-limit-5","12":"first","13":"instock","14":"taxable","15":"shipping-taxable","16":"purchasable","17":"product-type-variable","18":"has-default-attributes"},"bundled_by":["35400","35403","35406","35417","35993","35997","36000","36036","36071","50770","50774","50778","50795","87287","87891","87893","92979","178911","178917","179951","186205"],"bundle_stock_status":"instock","bundle_stock_quantity":null,"bundle_virtual":false,"bundle_layout":"","bundle_add_to_cart_form_location":"","bundle_editable_in_cart":false,"bundle_sold_individually_context":"","bundle_item_grouping":"","bundle_min_size":"","bundle_max_size":"","bundled_items":[],"bundle_sell_ids":[],"_links":{"self":[{"href":"https:\/\/www.orentees.com\/pt\/wp-json\/wp\/v2\/product\/35330","targetHints":{"allow":["GET"]}}],"collection":[{"href":"https:\/\/www.orentees.com\/pt\/wp-json\/wp\/v2\/product"}],"about":[{"href":"https:\/\/www.orentees.com\/pt\/wp-json\/wp\/v2\/types\/product"}],"version-history":[{"count":5,"href":"https:\/\/www.orentees.com\/pt\/wp-json\/wp\/v2\/product\/35330\/revisions"}],"predecessor-version":[{"id":182415,"href":"https:\/\/www.orentees.com\/pt\/wp-json\/wp\/v2\/product\/35330\/revisions\/182415"}],"wp:featuredmedia":[{"embeddable":true,"href":"https:\/\/www.orentees.com\/pt\/wp-json\/wp\/v2\/media\/84295"}],"wp:attachment":[{"href":"https:\/\/www.orentees.com\/pt\/wp-json\/wp\/v2\/media?parent=35330"}],"wp:term":[{"taxonomy":"product_brand","embeddable":true,"href":"https:\/\/www.orentees.com\/pt\/wp-json\/wp\/v2\/product_brand?post=35330"},{"taxonomy":"product_cat","embeddable":true,"href":"https:\/\/www.orentees.com\/pt\/wp-json\/wp\/v2\/product_cat?post=35330"},{"taxonomy":"product_tag","embeddable":true,"href":"https:\/\/www.orentees.com\/pt\/wp-json\/wp\/v2\/product_tag?post=35330"}],"curies":[{"name":"wp","href":"https:\/\/api.w.org\/{rel}","templated":true}]}}