{"id":35354,"date":"2021-04-08T18:08:02","date_gmt":"2021-04-08T16:08:02","guid":{"rendered":"https:\/\/www.orentees.com\/?post_type=product&#038;p=35354"},"modified":"2024-09-30T12:13:12","modified_gmt":"2024-09-30T10:13:12","slug":"location-kit-rechaud-popote-4-pers","status":"publish","type":"product","link":"https:\/\/www.orentees.com\/pt\/product\/location-kit-rechaud-popote-4-pers\/","title":{"rendered":"Aluguel de kit de cozinha para 4 pessoas"},"content":{"rendered":"<h3><strong>Aluguel de kit de refei\u00e7\u00e3o para 4 pessoas<\/strong><\/h3>\n<p>Este conjunto inclui tudo o que voc\u00ea precisa para acampar para 4 pessoas.<br \/>\nInclui utens\u00edlios para cozinhar e comer.<\/p>\n<p>O conjunto de cozinha inclui:<br \/>\n1 panela de 2,7 litros<br \/>\n1 tampa de peneira<br \/>\n4 tigelas<br \/>\n4 x\u00edcaras<br \/>\n4 jogos de talheres.<\/p>\n<p>Tudo \u00e9 leve e compacto.<\/p>","protected":false},"excerpt":{"rendered":"<p style=\"text-align: left; font-size: 18px;\"><strong>Apresenta\u00e7\u00e3o:<\/strong><\/p>\n<p><span id=\"p163\">O kit de cozinha para 4 pessoas \u00e9 realmente pr\u00e1tico. Leve e completo, permite cozinhar e servir refei\u00e7\u00f5es para 4 pessoas.<\/span><\/p>\n<p><span id=\"p163\">\u00c9 composto por uma panela grande, uma tampa\/coador, 4 tigelas grandes, 4 canecas e 4 jogos de talheres.<\/span><\/p>\n<p>Uma vez dobrado, tudo cabe na panela.<\/p>\n<hr \/>\n<p style=\"text-align: center;\"><em><strong>Opini\u00e3o de Pierre:<\/strong> Ideal para um acampamento em fam\u00edlia ou com amigos. Pr\u00e1tico e leve, pesando menos de 1 kg.<\/em><em>&#8220;<\/em><\/p>\n<hr \/>\n<p><em><span lang=\"fr\" style=\"font-size: 10pt; font-family: Verdana, sans-serif; color: #000000;\" xml:lang=\"fr\">* Foto n\u00e3o contratual<\/span><\/em><\/p>\n<p><span style=\"font-size: 10pt;\"> ** Com base em um aluguel de 8 dias<\/span><\/p>","protected":false},"featured_media":144547,"template":"","meta":{"_acf_changed":false},"product_brand":[],"product_cat":[3649,3685],"product_tag":[],"class_list":{"0":"post-35354","1":"product","2":"type-product","3":"status-publish","4":"has-post-thumbnail","6":"product_cat-location-materiel-bivouac","7":"product_cat-location-materiel-camping","9":"first","10":"instock","11":"taxable","12":"shipping-taxable","13":"purchasable","14":"product-type-simple"},"bundled_by":["30236","32015","35406","50940","87891","87893","179951"],"bundle_stock_status":"instock","bundle_stock_quantity":null,"bundle_virtual":false,"bundle_layout":"","bundle_add_to_cart_form_location":"","bundle_editable_in_cart":false,"bundle_sold_individually_context":"","bundle_item_grouping":"","bundle_min_size":"","bundle_max_size":"","bundled_items":[],"bundle_sell_ids":[],"_links":{"self":[{"href":"https:\/\/www.orentees.com\/pt\/wp-json\/wp\/v2\/product\/35354","targetHints":{"allow":["GET"]}}],"collection":[{"href":"https:\/\/www.orentees.com\/pt\/wp-json\/wp\/v2\/product"}],"about":[{"href":"https:\/\/www.orentees.com\/pt\/wp-json\/wp\/v2\/types\/product"}],"version-history":[{"count":2,"href":"https:\/\/www.orentees.com\/pt\/wp-json\/wp\/v2\/product\/35354\/revisions"}],"predecessor-version":[{"id":144675,"href":"https:\/\/www.orentees.com\/pt\/wp-json\/wp\/v2\/product\/35354\/revisions\/144675"}],"wp:featuredmedia":[{"embeddable":true,"href":"https:\/\/www.orentees.com\/pt\/wp-json\/wp\/v2\/media\/144547"}],"wp:attachment":[{"href":"https:\/\/www.orentees.com\/pt\/wp-json\/wp\/v2\/media?parent=35354"}],"wp:term":[{"taxonomy":"product_brand","embeddable":true,"href":"https:\/\/www.orentees.com\/pt\/wp-json\/wp\/v2\/product_brand?post=35354"},{"taxonomy":"product_cat","embeddable":true,"href":"https:\/\/www.orentees.com\/pt\/wp-json\/wp\/v2\/product_cat?post=35354"},{"taxonomy":"product_tag","embeddable":true,"href":"https:\/\/www.orentees.com\/pt\/wp-json\/wp\/v2\/product_tag?post=35354"}],"curies":[{"name":"wp","href":"https:\/\/api.w.org\/{rel}","templated":true}]}}