{"id":35421,"date":"2021-04-10T15:01:07","date_gmt":"2021-04-10T13:01:07","guid":{"rendered":"https:\/\/www.orentees.com\/?post_type=product&#038;p=35421"},"modified":"2024-10-01T08:45:34","modified_gmt":"2024-10-01T06:45:34","slug":"location-kit-popote-6-pers","status":"publish","type":"product","link":"https:\/\/www.orentees.com\/pt\/product\/location-kit-popote-6-pers\/","title":{"rendered":"Aluguel de kit de cozinha para 6 pessoas"},"content":{"rendered":"<h3><strong>Aluguel de kit de refei\u00e7\u00e3o para 6 pessoas<\/strong><\/h3>\n<p>Este conjunto inclui tudo o que voc\u00ea precisa para acampar para 6 pessoas.<br \/>\nInclui utens\u00edlios para cozinhar e comer.<\/p>\n<p>O conjunto de cozinha inclui:<br \/>\n1 panela de 2,7 litros<br \/>\n1 tampa de peneira<br \/>\n6 tigelas<br \/>\n6 x\u00edcaras<br \/>\n6 jogos de talheres.<\/p>\n<p>Tudo \u00e9 leve e compacto.<\/p>","protected":false},"excerpt":{"rendered":"<p style=\"text-align: left; font-size: 18px;\"><strong>Apresenta\u00e7\u00e3o:<\/strong><\/p>\n<p><span id=\"p163\">O kit de cozinha para 6 pessoas \u00e9 realmente pr\u00e1tico. Leve e completo, permite cozinhar e servir refei\u00e7\u00f5es para 6 pessoas.<\/span><\/p>\n<p><span id=\"p163\">\u00c9 composto por uma panela grande, uma tampa\/coador, 6 tigelas grandes, 6 canecas e 6 jogos de talheres.<\/span><\/p>\n<p>Uma vez dobrado, tudo cabe na panela.<\/p>\n<hr \/>\n<p style=\"text-align: center;\"><em><strong>  A ferramenta essencial para acampamentos em fam\u00edlia ou em grupo. Supercompacto para transporte!&quot;<\/em><\/p>\n<hr \/>\n<p><em><span lang=\"fr\" style=\"font-size: 10pt; font-family: Verdana, sans-serif; color: #000000;\" xml:lang=\"fr\">* Foto n\u00e3o contratual<\/span><\/em><\/p>\n<p><span style=\"font-size: 10pt;\"> ** Com base em um aluguel de 8 dias<\/span><\/p>","protected":false},"featured_media":144547,"template":"","meta":{"_acf_changed":false},"product_brand":[],"product_cat":[3649],"product_tag":[],"class_list":{"0":"post-35421","1":"product","2":"type-product","3":"status-publish","4":"has-post-thumbnail","6":"product_cat-location-materiel-bivouac","8":"first","9":"instock","10":"taxable","11":"shipping-taxable","12":"purchasable","13":"product-type-simple"},"bundled_by":["35417","179951","186205"],"bundle_stock_status":"instock","bundle_stock_quantity":null,"bundle_virtual":false,"bundle_layout":"","bundle_add_to_cart_form_location":"","bundle_editable_in_cart":false,"bundle_sold_individually_context":"","bundle_item_grouping":"","bundle_min_size":"","bundle_max_size":"","bundled_items":[],"bundle_sell_ids":[],"_links":{"self":[{"href":"https:\/\/www.orentees.com\/pt\/wp-json\/wp\/v2\/product\/35421","targetHints":{"allow":["GET"]}}],"collection":[{"href":"https:\/\/www.orentees.com\/pt\/wp-json\/wp\/v2\/product"}],"about":[{"href":"https:\/\/www.orentees.com\/pt\/wp-json\/wp\/v2\/types\/product"}],"version-history":[{"count":2,"href":"https:\/\/www.orentees.com\/pt\/wp-json\/wp\/v2\/product\/35421\/revisions"}],"predecessor-version":[{"id":145445,"href":"https:\/\/www.orentees.com\/pt\/wp-json\/wp\/v2\/product\/35421\/revisions\/145445"}],"wp:featuredmedia":[{"embeddable":true,"href":"https:\/\/www.orentees.com\/pt\/wp-json\/wp\/v2\/media\/144547"}],"wp:attachment":[{"href":"https:\/\/www.orentees.com\/pt\/wp-json\/wp\/v2\/media?parent=35421"}],"wp:term":[{"taxonomy":"product_brand","embeddable":true,"href":"https:\/\/www.orentees.com\/pt\/wp-json\/wp\/v2\/product_brand?post=35421"},{"taxonomy":"product_cat","embeddable":true,"href":"https:\/\/www.orentees.com\/pt\/wp-json\/wp\/v2\/product_cat?post=35421"},{"taxonomy":"product_tag","embeddable":true,"href":"https:\/\/www.orentees.com\/pt\/wp-json\/wp\/v2\/product_tag?post=35421"}],"curies":[{"name":"wp","href":"https:\/\/api.w.org\/{rel}","templated":true}]}}