{"id":35432,"date":"2021-04-11T17:26:24","date_gmt":"2021-04-11T15:26:24","guid":{"rendered":"https:\/\/www.orentees.com\/?post_type=product&#038;p=35432"},"modified":"2024-12-04T13:36:45","modified_gmt":"2024-12-04T12:36:45","slug":"location-chaise-camping-helinox-chair-zero","status":"publish","type":"product","link":"https:\/\/www.orentees.com\/pt\/product\/location-chaise-camping-helinox-chair-zero\/","title":{"rendered":"Aluguel de cadeira de camping Helinox Chair Zero"},"content":{"rendered":"<h3><strong>Cadeira de acampamento CHAIR ZERO HELINOX<\/strong><\/h3>\n<p>A cadeira Helinox \u00e9 a mais compacta e confort\u00e1vel do mercado.<\/p>\n<p>\u00c9 muito resistente e leve (510 gr)<\/p>","protected":false},"excerpt":{"rendered":"<p><strong>Apresenta\u00e7\u00e3o:<\/strong><\/p>\n<p><span id=\"p163\">Cadeira premium para acampamentos e acampamentos. A CHAIR ZERO da HELINOX oferece um conforto incr\u00edvel com um tamanho compacto e um peso de apenas 510 g.<\/span><\/p>\n<p>Muito robusto, suporta at\u00e9 120 kg de carga.<\/p>\n<p>Dobrado, ele ser\u00e1 esquecido na sua bolsa ou porta-malas.<\/p>\n<hr \/>\n<p><em><strong>Opini\u00e3o de Pierre:<\/strong> \u201cIMPERD\u00cdVEL para levar a experi\u00eancia de acampamento a um n\u00edvel de conforto incompar\u00e1vel, o Chic Camping \u00e9 seu!<\/em><em>&#8220;<\/em><\/p>\n<hr \/>\n<p><em><span lang=\"fr\" xml:lang=\"fr\">* Foto n\u00e3o contratual<\/span><\/em><\/p>\n<p>** Com base em um aluguel de 8 dias<\/p>","protected":false},"featured_media":144625,"template":"","meta":{"_acf_changed":false},"product_brand":[],"product_cat":[3649,3685],"product_tag":[],"class_list":{"0":"post-35432","1":"product","2":"type-product","3":"status-publish","4":"has-post-thumbnail","6":"product_cat-location-materiel-bivouac","7":"product_cat-location-materiel-camping","9":"first","10":"instock","11":"taxable","12":"shipping-taxable","13":"purchasable","14":"product-type-simple"},"bundled_by":["30227","30236","32015","35438","50940"],"bundle_stock_status":"instock","bundle_stock_quantity":13,"bundle_virtual":false,"bundle_layout":"","bundle_add_to_cart_form_location":"","bundle_editable_in_cart":false,"bundle_sold_individually_context":"","bundle_item_grouping":"","bundle_min_size":"","bundle_max_size":"","bundled_items":[],"bundle_sell_ids":[],"_links":{"self":[{"href":"https:\/\/www.orentees.com\/pt\/wp-json\/wp\/v2\/product\/35432","targetHints":{"allow":["GET"]}}],"collection":[{"href":"https:\/\/www.orentees.com\/pt\/wp-json\/wp\/v2\/product"}],"about":[{"href":"https:\/\/www.orentees.com\/pt\/wp-json\/wp\/v2\/types\/product"}],"version-history":[{"count":2,"href":"https:\/\/www.orentees.com\/pt\/wp-json\/wp\/v2\/product\/35432\/revisions"}],"predecessor-version":[{"id":144685,"href":"https:\/\/www.orentees.com\/pt\/wp-json\/wp\/v2\/product\/35432\/revisions\/144685"}],"wp:featuredmedia":[{"embeddable":true,"href":"https:\/\/www.orentees.com\/pt\/wp-json\/wp\/v2\/media\/144625"}],"wp:attachment":[{"href":"https:\/\/www.orentees.com\/pt\/wp-json\/wp\/v2\/media?parent=35432"}],"wp:term":[{"taxonomy":"product_brand","embeddable":true,"href":"https:\/\/www.orentees.com\/pt\/wp-json\/wp\/v2\/product_brand?post=35432"},{"taxonomy":"product_cat","embeddable":true,"href":"https:\/\/www.orentees.com\/pt\/wp-json\/wp\/v2\/product_cat?post=35432"},{"taxonomy":"product_tag","embeddable":true,"href":"https:\/\/www.orentees.com\/pt\/wp-json\/wp\/v2\/product_tag?post=35432"}],"curies":[{"name":"wp","href":"https:\/\/api.w.org\/{rel}","templated":true}]}}