{"id":35948,"date":"2021-05-05T06:24:42","date_gmt":"2021-05-05T04:24:42","guid":{"rendered":"https:\/\/www.orentees.com\/?post_type=product&#038;p=35948"},"modified":"2024-12-04T13:36:47","modified_gmt":"2024-12-04T12:36:47","slug":"location-sacoche-de-selle-zefal-17-litres","status":"publish","type":"product","link":"https:\/\/www.orentees.com\/pt\/product\/location-sacoche-de-selle-zefal-17-litres\/","title":{"rendered":"Alforje de aluguel ORTLIEB 16,5 litros"},"content":{"rendered":"<h3><strong>Bolsa de selim para bicicleta ORTLIEB 16,5 L<\/strong><\/h3>\n<p>A bolsa de selim ORTLIEB \u00e9 ideal para bikepackers que buscam uma solu\u00e7\u00e3o de transporte grande.<\/p>\n<p>Suas grandes dimens\u00f5es permitem transportar equipamentos para bivaque. A bolsa suporta at\u00e9 5 kg de carga.<\/p>\n<p>Pr\u00e1ticos, os cabos <span id=\"18\" class=\"s-rg-t\">exterior<\/span> faixas el\u00e1sticas permitem que voc\u00ea prenda rapidamente equipamentos adicionais.<\/p>\n<p>&nbsp;<\/p>","protected":false},"excerpt":{"rendered":"<p><strong>Apresenta\u00e7\u00e3o:<\/strong><\/p>\n<p><span id=\"p163\">A bolsa de selim ORTLIEB permite transportar uma grande quantidade de produtos sem a necessidade de um bagageiro. Ela se fixa facilmente ao canote da bicicleta, sem a necessidade de ferramentas.<\/span><\/p>\n<p>Sua capacidade de armazenamento \u00e9 enorme e vari\u00e1vel: de 8 a 16,5 litros para um peso de at\u00e9 5 kg.<\/p>\n<p>As dimens\u00f5es s\u00e3o generosas: 64 x 30 x 22 cm. O suficiente para levar tudo o que voc\u00ea precisa para sua aventura.<\/p>\n<p>Seus pertences estar\u00e3o perfeitamente protegidos dos elementos, pois a bolsa de selim \u00e9 feita de material \u00e0 prova d&#039;\u00e1gua com costuras seladas a quente.<\/p>\n<p><span id=\"p163\">O Ortlieb 16,5 L \u00e9 equipado com faixas refletivas e uma tampa de compress\u00e3o para ajustar o volume da melhor forma poss\u00edvel.<\/span><\/p>\n<p>Adapta-se a qualquer tipo de bicicleta, ideal para bicicletas de montanha com suspens\u00e3o total<\/p>","protected":false},"featured_media":145085,"template":"","meta":{"_acf_changed":false},"product_brand":[],"product_cat":[3767,3673],"product_tag":[],"class_list":{"0":"post-35948","1":"product","2":"type-product","3":"status-publish","4":"has-post-thumbnail","6":"product_cat-portage-bikepacking","7":"product_cat-location-bikepacking","8":"pa_dimension-64-x-30-x-22-cm","9":"pa_marque-ortlieb","10":"pa_modele-seat-pack-ps21r-16-5l","12":"first","13":"instock","14":"taxable","15":"shipping-taxable","16":"purchasable","17":"product-type-simple"},"bundled_by":["35993","35997","36000","36036","50795","178911","178917"],"bundle_stock_status":"instock","bundle_stock_quantity":9,"bundle_virtual":false,"bundle_layout":"","bundle_add_to_cart_form_location":"","bundle_editable_in_cart":false,"bundle_sold_individually_context":"","bundle_item_grouping":"","bundle_min_size":"","bundle_max_size":"","bundled_items":[],"bundle_sell_ids":[],"_links":{"self":[{"href":"https:\/\/www.orentees.com\/pt\/wp-json\/wp\/v2\/product\/35948","targetHints":{"allow":["GET"]}}],"collection":[{"href":"https:\/\/www.orentees.com\/pt\/wp-json\/wp\/v2\/product"}],"about":[{"href":"https:\/\/www.orentees.com\/pt\/wp-json\/wp\/v2\/types\/product"}],"version-history":[{"count":2,"href":"https:\/\/www.orentees.com\/pt\/wp-json\/wp\/v2\/product\/35948\/revisions"}],"predecessor-version":[{"id":145113,"href":"https:\/\/www.orentees.com\/pt\/wp-json\/wp\/v2\/product\/35948\/revisions\/145113"}],"wp:featuredmedia":[{"embeddable":true,"href":"https:\/\/www.orentees.com\/pt\/wp-json\/wp\/v2\/media\/145085"}],"wp:attachment":[{"href":"https:\/\/www.orentees.com\/pt\/wp-json\/wp\/v2\/media?parent=35948"}],"wp:term":[{"taxonomy":"product_brand","embeddable":true,"href":"https:\/\/www.orentees.com\/pt\/wp-json\/wp\/v2\/product_brand?post=35948"},{"taxonomy":"product_cat","embeddable":true,"href":"https:\/\/www.orentees.com\/pt\/wp-json\/wp\/v2\/product_cat?post=35948"},{"taxonomy":"product_tag","embeddable":true,"href":"https:\/\/www.orentees.com\/pt\/wp-json\/wp\/v2\/product_tag?post=35948"}],"curies":[{"name":"wp","href":"https:\/\/api.w.org\/{rel}","templated":true}]}}