{"id":36071,"date":"2021-05-07T11:14:31","date_gmt":"2021-05-07T09:14:31","guid":{"rendered":"https:\/\/www.orentees.com\/?post_type=product&#038;p=36071"},"modified":"2025-04-15T17:00:07","modified_gmt":"2025-04-15T15:00:07","slug":"pack-tente-bivouac-hubba-nx-solo","status":"publish","type":"product","link":"https:\/\/www.orentees.com\/pt\/product\/pack-tente-bivouac-hubba-nx-solo\/","title":{"rendered":"PACOTE DE BIVAQUE HUBBA NX SOLO"},"content":{"rendered":"<h2><strong>Mochila de caminhada MSR Hubba NX Bivouac para 1 pessoa<\/strong><\/h2>\n<h2>Equipamento de bivaque e aluguel de tendas MSR HUBBA NX SOLO<\/h2>\n<p>Com este pacote, voc\u00ea ter\u00e1 o equipamento completo para partir em uma aventura, descobrir o GR20 na C\u00f3rsega, escapar pelos caminhos de Saint Jacques de Compostelle, o passeio pelo Mont Blanc, etc.<\/p>\n<p>Resumindo, saia com tranquilidade e aproveite!!<\/p>\n<p><em>Para mais informa\u00e7\u00f5es t\u00e9cnicas sobre equipamentos de aluguel, clique em: <span style=\"text-decoration: underline;\"><a href=\"https:\/\/www.orentees.com\/pt\/bien-choisir-son-equipement-bivouac-le-guide-complet-de-nos-produits-en-location\/\" target=\"_blank\" rel=\"noopener\">aqui<\/a><\/span><\/em><\/p>\n<p>As marcas que selecionamos s\u00e3o reconhecidas pela qualidade de seus produtos.<\/p>\n<p><strong>Marmota, MSR, SALEWA<\/strong>\u00a0para tendas<\/p>\n<p><strong>Pain\u00e7o, do mar ao cume\u00a0<\/strong> para sacos de dormir, mochilas de caminhada, cal\u00e7ados de caminhada<\/p>\n<p><strong>MSR, do mar ao cume<\/strong> para colch\u00f5es, travesseiros, len\u00e7\u00f3is para sacos de dormir, sacos de dormir, panelas,<\/p>\n<p><strong>JetBoil,<\/strong>\u00a0<strong>Grau 360 e MSR<\/strong> para os fog\u00f5es.<\/p>\n<p>Todos os nossos produtos s\u00e3o verificados, limpos e desinfetados com o maior cuidado ap\u00f3s cada aluguel.<\/p>\n<p>Seu conforto e seguran\u00e7a s\u00e3o nossa prioridade.<\/p>\n<h4><\/h4>\n<h4><span style=\"font-size: 19px;\">Tenda para duas pessoas:<\/span><\/h4>\n<p>Esta \u00e9 uma tenda bivaque para 2 pessoas. A tenda bivaque difere da tenda de acampamento em v\u00e1rios aspectos:<\/p>\n<ul>\n<li>\u00c9 mais compacto: permite acomodar colch\u00f5es de bivaque, que s\u00e3o mais estreitos do que os colch\u00f5es de acampamento, que geralmente t\u00eam 70 cm para 1 pessoa.<\/li>\n<li>\u00c9 mais leve: a barraca bivouac foi projetada para abrigo noturno durante caminhadas de v\u00e1rios dias, por isso \u00e9 mais leve e f\u00e1cil de transportar.<\/li>\n<li>\u00c9 mais robusta: a tenda bivouac deve proteg\u00ea-lo em todas as circunst\u00e2ncias, por isso suas qualidades \u00e0 prova d&#039;\u00e1gua e resist\u00eancia aos ventos e outros elementos externos s\u00e3o geralmente muito mais importantes.<\/li>\n<li>\u00c9 mais cara: E sim... para ser mais compacta, mais leve, mais resistente, a barraca de bivaque exige habilidades t\u00e9cnicas e materiais espec\u00edficos. A qualidade tem um custo, e \u00e9 por isso que esse tipo de barraca custa mais.<\/li>\n<\/ul>\n<h4><span style=\"font-size: 19px;\">Sele\u00e7\u00e3o de sacos de dormir:<\/span><\/h4>\n<p><span style=\"text-decoration: underline;\"><strong>As diferentes caracter\u00edsticas:<\/strong><\/span><\/p>\n<h5><span style=\"text-decoration: underline;\"><strong>Tipos de isolamento:<\/strong><\/span><\/h5>\n<ul>\n<li>Down: leve, compacto, melhor isolamento<\/li>\n<li>Sint\u00e9tico: dur\u00e1vel, bom isolamento mesmo quando molhado, f\u00e1cil de manter<\/li>\n<\/ul>\n<p>&nbsp;<\/p>\n<h5><span style=\"text-decoration: underline;\"><strong>Temperatura de opera\u00e7\u00e3o:<\/strong><\/span><\/h5>\n<p>Existem 3 tipos de temperatura indicada:<\/p>\n<ul>\n<li>Temperatura de conforto: Corresponde \u00e0 temperatura de utiliza\u00e7\u00e3o, sem sensa\u00e7\u00e3o de frio, com conforto ideal.<\/li>\n<li>Temperatura limite de conforto: corresponde \u00e0s temperaturas que podem ser toleradas enquanto estivermos encolhidos.<\/li>\n<li>Temperatura extrema: corresponde exatamente \u00e0 temperatura limite de uso, para condi\u00e7\u00f5es extremas. Al\u00e9m disso, o risco de hipotermia \u00e9 muito alto.<\/li>\n<\/ul>\n<p><span style=\"text-decoration: underline;\"><strong>Peso:<\/strong><\/span><\/p>\n<p>O peso de um saco de dormir \u00e9 um fator importante a ser considerado em caminhadas\/trekkings. Algumas centenas de gramas podem fazer uma grande diferen\u00e7a em uma caminhada longa e cansativa.<\/p>\n<h4><\/h4>\n<h4><span style=\"font-size: 19px;\">Escolha de colch\u00f5es:<\/span><\/h4>\n<p><span style=\"text-decoration: underline;\"><strong>As diferentes caracter\u00edsticas:<\/strong><\/span><\/p>\n<h5><span style=\"text-decoration: underline;\"><strong>Diferentes tipos de design:<\/strong><\/span><\/h5>\n<ul>\n<li>Auto-infl\u00e1vel: instala\u00e7\u00e3o r\u00e1pida, confort\u00e1vel, isolamento<\/li>\n<li>Infl\u00e1vel: leve, compacto,<\/li>\n<\/ul>\n<h5><span style=\"text-decoration: underline;\"><strong>Grossura:<\/strong><\/span><\/h5>\n<p>A espessura \u00e9 um elemento importante a ser considerado para o conforto. Ali\u00e1s, quanto maior a espessura, maior o conforto. A desvantagem, especialmente para colch\u00f5es autoinfl\u00e1veis, \u00e9 que a espessura afeta o peso do colch\u00e3o.<\/p>\n<h5><span style=\"text-decoration: underline;\"><strong>\u00cdndice de isolamento:<\/strong><\/span><\/h5>\n<p>O \u00edndice de isolamento \u00e9 medido com o valor R: quanto maior, maior o isolamento (do frio vindo do solo).<\/p>\n<h5><span style=\"text-decoration: underline;\"><strong>Forma:<\/strong><\/span><\/h5>\n<p>Os colch\u00f5es v\u00eam em v\u00e1rios formatos: retangular, sarc\u00f3fago, etc. \u00c9 uma escolha bastante pessoal, mas, como regra geral, quanto mais o formato se ajusta ao formato do corpo (sarc\u00f3fago), menor ser\u00e1 o peso e maior ser\u00e1 o conforto, dependendo de como voc\u00ea dorme (se voc\u00ea se movimenta muito ou n\u00e3o).<\/p>\n<p><span style=\"text-decoration: underline;\"><strong>Peso:<\/strong><\/span><\/p>\n<p>O peso de um colch\u00e3o \u00e9 um elemento importante a ser considerado quando se trata de caminhadas\/trekking.<\/p>","protected":false},"excerpt":{"rendered":"<p style=\"text-align: left; font-size: 18px;\"><strong>Apresenta\u00e7\u00e3o:<\/strong><\/p>\n<p>Nosso Pacote de Caminhada \u2013 Bivouac com barraca\u00a0<strong>MSR HUBBA NX<\/strong>\u00a0utiliz\u00e1vel para 1 pessoa \u00e9 totalmente personaliz\u00e1vel:<\/p>\n<p>\u00c9 baseado na ic\u00f4nica tenda <strong>HUBBA NX<\/strong> de <strong>MSR <\/strong>ultra leve com peso de 730 gr a 1,29 kg dependendo da configura\u00e7\u00e3o. <a href=\"https:\/\/lespetitsmontagnards.com\/p\/location-tente-msr-hubba-nx-solo\/\" target=\"_blank\" rel=\"noopener noreferrer\">(Detalhes aqui)<\/a><\/p>\n<p>Ent\u00e3o <strong>personalizar<\/strong> seu <strong>pacote<\/strong> caminhadas adicionando os itens que voc\u00ea precisa entre os <strong>muitas op\u00e7\u00f5es<\/strong>:<\/p>\n<div style=\"float: left; width: 50%;\">\n<ul>\n<li>Mochilas de caminhada <a href=\"https:\/\/www.orentees.com\/pt\/bien-choisir-son-equipement-bivouac-le-guide-complet-de-nos-produits-en-location\/#SAD\" target=\"_blank\" rel=\"noopener\"><span style=\"text-decoration: underline;\">(+)<\/span><\/a><\/li>\n<li>Colch\u00e3o autoinfl\u00e1vel \/ Infl\u00e1vel\u00a0<a href=\"https:\/\/www.orentees.com\/pt\/bien-choisir-son-equipement-bivouac-le-guide-complet-de-nos-produits-en-location\/#MATELAS\" target=\"_blank\" rel=\"noopener\"><span style=\"text-decoration: underline;\">(+)<\/span><\/a><\/li>\n<li>Travesseiros<\/li>\n<li>Sacos de dormir <a href=\"https:\/\/www.orentees.com\/pt\/bien-choisir-son-equipement-bivouac-le-guide-complet-de-nos-produits-en-location\/#SDC\" target=\"_blank\" rel=\"noopener\"><span style=\"text-decoration: underline;\">(+)<\/span><\/a><\/li>\n<\/ul>\n<\/div>\n<div style=\"float: left; width: 50%;\">\n<ul>\n<li>Fog\u00e3o e utens\u00edlios de cozinha<\/li>\n<li>Acess\u00f3rios de cozinha<\/li>\n<li>Hidrata\u00e7\u00e3o<\/li>\n<li>Acess\u00f3rios para caminhada<\/li>\n<\/ul>\n<\/div>\n<p>&nbsp;<\/p>\n<p>&nbsp;<\/p>\n<p><strong>Para mais informa\u00e7\u00f5es sobre os produtos, <\/strong>clique no \u00edcone <img loading=\"lazy\" decoding=\"async\" class=\"wp-image-35744 alignnone\" src=\"https:\/\/lespetitsmontagnards.com\/wp-content\/uploads\/Icone-detail-low-300x300.jpg\" alt=\"\" width=\"22\" height=\"22\" \/> durante a sele\u00e7\u00e3o<\/p>\n<p>Nota: Sacos de dormir s\u00e3o fornecidos <span style=\"text-decoration: underline;\"><strong>com<\/strong> <\/span>len\u00e7\u00f3is (saco de dormir) a barraca <span style=\"text-decoration: underline;\"><strong>com<\/strong> <\/span>tapete (pegada). O fog\u00e3o <span style=\"text-decoration: underline;\"><strong>sem<\/strong> <\/span>cartucho de g\u00e1s (norma EN 417)<\/p>","protected":false},"featured_media":178737,"template":"","meta":{"_acf_changed":false},"product_brand":[],"product_cat":[6235,3649,3927,3051],"product_tag":[],"class_list":{"0":"post-36071","1":"product","2":"type-product","3":"status-publish","4":"has-post-thumbnail","6":"product_cat-test_filter","7":"product_cat-location-materiel-bivouac","8":"product_cat-pack-tente-bivouac","9":"product_cat-accueil","11":"first","12":"instock","13":"virtual","14":"taxable","15":"purchasable","16":"product-type-bundle"},"bundled_by":[],"bundle_stock_status":"instock","bundle_stock_quantity":27,"bundle_virtual":false,"bundle_layout":"default","bundle_add_to_cart_form_location":"default","bundle_editable_in_cart":false,"bundle_sold_individually_context":"product","bundle_item_grouping":"parent","bundle_min_size":"","bundle_max_size":"","bundled_items":[{"bundled_item_id":3019,"product_id":35980,"menu_order":0,"quantity_min":1,"quantity_max":1,"quantity_default":1,"priced_individually":true,"shipped_individually":true,"override_title":true,"title":"Tente MSR Hubba NX 1P","override_description":true,"description":"Padr\u00e3o no pacote","optional":false,"hide_thumbnail":false,"discount":"","override_variations":false,"allowed_variations":[],"override_default_variation_attributes":false,"default_variation_attributes":[],"single_product_visibility":"visible","cart_visibility":"visible","order_visibility":"visible","single_product_price_visibility":"hidden","cart_price_visibility":"hidden","order_price_visibility":"hidden","stock_status":"in_stock"},{"bundled_item_id":3021,"product_id":30148,"menu_order":1,"quantity_min":1,"quantity_max":3,"quantity_default":1,"priced_individually":true,"shipped_individually":false,"override_title":true,"title":"Sac \u00e0 dos 30 L :","override_description":true,"description":"4 \u20ac \/ dia **","optional":true,"hide_thumbnail":false,"discount":"","override_variations":false,"allowed_variations":[],"override_default_variation_attributes":false,"default_variation_attributes":[],"single_product_visibility":"visible","cart_visibility":"visible","order_visibility":"visible","single_product_price_visibility":"hidden","cart_price_visibility":"hidden","order_price_visibility":"hidden","stock_status":"in_stock"},{"bundled_item_id":3023,"product_id":30152,"menu_order":2,"quantity_min":1,"quantity_max":3,"quantity_default":1,"priced_individually":true,"shipped_individually":false,"override_title":true,"title":"Sac \u00e0 dos 50 L","override_description":true,"description":"\u20ac 4,75\/dia **","optional":true,"hide_thumbnail":false,"discount":"","override_variations":false,"allowed_variations":[],"override_default_variation_attributes":false,"default_variation_attributes":[],"single_product_visibility":"visible","cart_visibility":"visible","order_visibility":"visible","single_product_price_visibility":"hidden","cart_price_visibility":"hidden","order_price_visibility":"hidden","stock_status":"in_stock"},{"bundled_item_id":3025,"product_id":35342,"menu_order":3,"quantity_min":1,"quantity_max":3,"quantity_default":1,"priced_individually":true,"shipped_individually":false,"override_title":true,"title":"Sac \u00e0 dos 75 L","override_description":true,"description":"\u20ac 5,25\/dia **","optional":true,"hide_thumbnail":false,"discount":"","override_variations":false,"allowed_variations":[],"override_default_variation_attributes":false,"default_variation_attributes":[],"single_product_visibility":"visible","cart_visibility":"visible","order_visibility":"visible","single_product_price_visibility":"hidden","cart_price_visibility":"hidden","order_price_visibility":"hidden","stock_status":"in_stock"},{"bundled_item_id":3027,"product_id":35326,"menu_order":4,"quantity_min":1,"quantity_max":4,"quantity_default":1,"priced_individually":true,"shipped_individually":false,"override_title":true,"title":"Matelas auto-gonflable","override_description":true,"description":"\u20ac 4,25\/dia **","optional":true,"hide_thumbnail":false,"discount":"","override_variations":false,"allowed_variations":[],"override_default_variation_attributes":false,"default_variation_attributes":[],"single_product_visibility":"visible","cart_visibility":"visible","order_visibility":"visible","single_product_price_visibility":"hidden","cart_price_visibility":"hidden","order_price_visibility":"hidden","stock_status":"in_stock"},{"bundled_item_id":3029,"product_id":35319,"menu_order":5,"quantity_min":1,"quantity_max":4,"quantity_default":1,"priced_individually":true,"shipped_individually":false,"override_title":true,"title":"Matelas gonflable","override_description":true,"description":"\u20ac 4,75\/dia **","optional":true,"hide_thumbnail":false,"discount":"","override_variations":false,"allowed_variations":[],"override_default_variation_attributes":false,"default_variation_attributes":[],"single_product_visibility":"visible","cart_visibility":"visible","order_visibility":"visible","single_product_price_visibility":"hidden","cart_price_visibility":"hidden","order_price_visibility":"hidden","stock_status":"in_stock"},{"bundled_item_id":3031,"product_id":30156,"menu_order":6,"quantity_min":1,"quantity_max":3,"quantity_default":1,"priced_individually":true,"shipped_individually":false,"override_title":true,"title":"Oreiller Premium","override_description":true,"description":"\u20ac 2,25\/dia **","optional":true,"hide_thumbnail":false,"discount":"","override_variations":false,"allowed_variations":[],"override_default_variation_attributes":false,"default_variation_attributes":[],"single_product_visibility":"visible","cart_visibility":"visible","order_visibility":"visible","single_product_price_visibility":"hidden","cart_price_visibility":"hidden","order_price_visibility":"hidden","stock_status":"in_stock"},{"bundled_item_id":3033,"product_id":35330,"menu_order":7,"quantity_min":1,"quantity_max":4,"quantity_default":1,"priced_individually":true,"shipped_individually":false,"override_title":true,"title":"Sac de couchage (details ici)","override_description":true,"description":"\u20ac 4,50 \/ dia **","optional":true,"hide_thumbnail":false,"discount":"","override_variations":false,"allowed_variations":[],"override_default_variation_attributes":false,"default_variation_attributes":[],"single_product_visibility":"visible","cart_visibility":"visible","order_visibility":"visible","single_product_price_visibility":"hidden","cart_price_visibility":"hidden","order_price_visibility":"hidden","stock_status":"in_stock"},{"bundled_item_id":3035,"product_id":30196,"menu_order":8,"quantity_min":1,"quantity_max":4,"quantity_default":1,"priced_individually":true,"shipped_individually":false,"override_title":true,"title":"Farol","override_description":true,"description":"1 \u20ac \/ dia **","optional":true,"hide_thumbnail":false,"discount":"","override_variations":false,"allowed_variations":[],"override_default_variation_attributes":false,"default_variation_attributes":[],"single_product_visibility":"visible","cart_visibility":"visible","order_visibility":"visible","single_product_price_visibility":"hidden","cart_price_visibility":"hidden","order_price_visibility":"hidden","stock_status":"in_stock"},{"bundled_item_id":3037,"product_id":87177,"menu_order":9,"quantity_min":1,"quantity_max":1,"quantity_default":1,"priced_individually":true,"shipped_individually":false,"override_title":true,"title":"Panneau Solaire 6,5 W  - Solar Brother -","override_description":true,"description":"\u20ac 3,75\/dia **","optional":true,"hide_thumbnail":false,"discount":"","override_variations":false,"allowed_variations":[],"override_default_variation_attributes":false,"default_variation_attributes":[],"single_product_visibility":"visible","cart_visibility":"visible","order_visibility":"visible","single_product_price_visibility":"hidden","cart_price_visibility":"hidden","order_price_visibility":"hidden","stock_status":"in_stock"},{"bundled_item_id":3039,"product_id":87165,"menu_order":10,"quantity_min":1,"quantity_max":1,"quantity_default":1,"priced_individually":true,"shipped_individually":false,"override_title":true,"title":"Panneau Solaire 16 W  - Solar Brother -","override_description":true,"description":"\u20ac 6,62 \/ dia **","optional":true,"hide_thumbnail":false,"discount":"","override_variations":false,"allowed_variations":[],"override_default_variation_attributes":false,"default_variation_attributes":[],"single_product_visibility":"visible","cart_visibility":"visible","order_visibility":"visible","single_product_price_visibility":"hidden","cart_price_visibility":"hidden","order_price_visibility":"hidden","stock_status":"in_stock"},{"bundled_item_id":3041,"product_id":87185,"menu_order":11,"quantity_min":1,"quantity_max":1,"quantity_default":1,"priced_individually":true,"shipped_individually":false,"override_title":true,"title":"Lampe - Batterie USB 10'000mA - Solar Brother -","override_description":true,"description":"3 \u20ac \/ dia **","optional":true,"hide_thumbnail":false,"discount":"","override_variations":false,"allowed_variations":[],"override_default_variation_attributes":false,"default_variation_attributes":[],"single_product_visibility":"visible","cart_visibility":"visible","order_visibility":"visible","single_product_price_visibility":"hidden","cart_price_visibility":"hidden","order_price_visibility":"hidden","stock_status":"in_stock"},{"bundled_item_id":3043,"product_id":35350,"menu_order":12,"quantity_min":1,"quantity_max":3,"quantity_default":1,"priced_individually":true,"shipped_individually":false,"override_title":true,"title":"Kit R\u00e9chaud & Popote","override_description":true,"description":"3 \u20ac \/ dia **","optional":true,"hide_thumbnail":false,"discount":"","override_variations":false,"allowed_variations":[],"override_default_variation_attributes":false,"default_variation_attributes":[],"single_product_visibility":"visible","cart_visibility":"visible","order_visibility":"visible","single_product_price_visibility":"hidden","cart_price_visibility":"hidden","order_price_visibility":"hidden","stock_status":"in_stock"},{"bundled_item_id":3045,"product_id":35359,"menu_order":13,"quantity_min":1,"quantity_max":3,"quantity_default":1,"priced_individually":true,"shipped_individually":false,"override_title":true,"title":"Po\u00eble - Faitout","override_description":true,"description":"\u20ac 3,15\/dia **","optional":true,"hide_thumbnail":false,"discount":"","override_variations":false,"allowed_variations":[],"override_default_variation_attributes":false,"default_variation_attributes":[],"single_product_visibility":"visible","cart_visibility":"visible","order_visibility":"visible","single_product_price_visibility":"hidden","cart_price_visibility":"hidden","order_price_visibility":"hidden","stock_status":"in_stock"},{"bundled_item_id":3047,"product_id":35361,"menu_order":14,"quantity_min":1,"quantity_max":3,"quantity_default":1,"priced_individually":true,"shipped_individually":false,"override_title":true,"title":"R\u00e9servoir eau","override_description":true,"description":"1 \u20ac \/ dia **","optional":true,"hide_thumbnail":false,"discount":"","override_variations":false,"allowed_variations":[],"override_default_variation_attributes":false,"default_variation_attributes":[],"single_product_visibility":"visible","cart_visibility":"visible","order_visibility":"visible","single_product_price_visibility":"hidden","cart_price_visibility":"hidden","order_price_visibility":"hidden","stock_status":"in_stock"},{"bundled_item_id":3049,"product_id":30280,"menu_order":15,"quantity_min":1,"quantity_max":1,"quantity_default":1,"priced_individually":true,"shipped_individually":false,"override_title":true,"title":"Cuisine \u00e9tanche","override_description":true,"description":"1 \u20ac \/ dia **","optional":true,"hide_thumbnail":false,"discount":"","override_variations":false,"allowed_variations":[],"override_default_variation_attributes":false,"default_variation_attributes":[],"single_product_visibility":"visible","cart_visibility":"visible","order_visibility":"visible","single_product_price_visibility":"hidden","cart_price_visibility":"hidden","order_price_visibility":"hidden","stock_status":"in_stock"},{"bundled_item_id":3051,"product_id":36112,"menu_order":16,"quantity_min":1,"quantity_max":3,"quantity_default":1,"priced_individually":true,"shipped_individually":false,"override_title":true,"title":"Gourde SIGG Original 750ml","override_description":true,"description":"2 \u20ac \/ dia **","optional":true,"hide_thumbnail":false,"discount":"","override_variations":false,"allowed_variations":[],"override_default_variation_attributes":false,"default_variation_attributes":[],"single_product_visibility":"visible","cart_visibility":"visible","order_visibility":"visible","single_product_price_visibility":"hidden","cart_price_visibility":"hidden","order_price_visibility":"hidden","stock_status":"in_stock"},{"bundled_item_id":3053,"product_id":30290,"menu_order":17,"quantity_min":1,"quantity_max":3,"quantity_default":1,"priced_individually":true,"shipped_individually":false,"override_title":true,"title":"Paille filtrante","override_description":true,"description":"1 \u20ac \/ dia **","optional":true,"hide_thumbnail":false,"discount":"","override_variations":false,"allowed_variations":[],"override_default_variation_attributes":false,"default_variation_attributes":[],"single_product_visibility":"visible","cart_visibility":"visible","order_visibility":"visible","single_product_price_visibility":"hidden","cart_price_visibility":"hidden","order_price_visibility":"hidden","stock_status":"in_stock"},{"bundled_item_id":3055,"product_id":36106,"menu_order":18,"quantity_min":1,"quantity_max":3,"quantity_default":1,"priced_individually":true,"shipped_individually":false,"override_title":true,"title":"Gourde Isotherme Filtrante 700ml","override_description":true,"description":"2 \u20ac \/ dia **","optional":true,"hide_thumbnail":false,"discount":"","override_variations":false,"allowed_variations":[],"override_default_variation_attributes":false,"default_variation_attributes":[],"single_product_visibility":"visible","cart_visibility":"visible","order_visibility":"visible","single_product_price_visibility":"hidden","cart_price_visibility":"hidden","order_price_visibility":"hidden","stock_status":"in_stock"},{"bundled_item_id":3057,"product_id":30190,"menu_order":19,"quantity_min":1,"quantity_max":3,"quantity_default":1,"priced_individually":true,"shipped_individually":false,"override_title":true,"title":"Poncho - tarp","override_description":true,"description":"\u20ac 1,25\/dia **","optional":true,"hide_thumbnail":false,"discount":"","override_variations":false,"allowed_variations":[],"override_default_variation_attributes":false,"default_variation_attributes":[],"single_product_visibility":"visible","cart_visibility":"visible","order_visibility":"visible","single_product_price_visibility":"hidden","cart_price_visibility":"hidden","order_price_visibility":"hidden","stock_status":"in_stock"},{"bundled_item_id":3059,"product_id":30192,"menu_order":20,"quantity_min":1,"quantity_max":3,"quantity_default":1,"priced_individually":true,"shipped_individually":false,"override_title":true,"title":"Bast\u00f5es de caminhada","override_description":true,"description":"\u20ac 1,50 \/ dia **","optional":true,"hide_thumbnail":false,"discount":"","override_variations":false,"allowed_variations":[],"override_default_variation_attributes":false,"default_variation_attributes":[],"single_product_visibility":"visible","cart_visibility":"visible","order_visibility":"visible","single_product_price_visibility":"hidden","cart_price_visibility":"hidden","order_price_visibility":"visible","stock_status":"in_stock"},{"bundled_item_id":3061,"product_id":36169,"menu_order":21,"quantity_min":1,"quantity_max":1,"quantity_default":1,"priced_individually":true,"shipped_individually":false,"override_title":true,"title":"kit de primeiros socorros","override_description":true,"description":"2 \u20ac \/ dia **","optional":true,"hide_thumbnail":false,"discount":"","override_variations":false,"allowed_variations":[],"override_default_variation_attributes":false,"default_variation_attributes":[],"single_product_visibility":"visible","cart_visibility":"visible","order_visibility":"visible","single_product_price_visibility":"hidden","cart_price_visibility":"hidden","order_price_visibility":"hidden","stock_status":"in_stock"},{"bundled_item_id":3065,"product_id":31104,"menu_order":22,"quantity_min":1,"quantity_max":1,"quantity_default":1,"priced_individually":true,"shipped_individually":true,"override_title":true,"title":"ASSURANCE TRANQUILITE (+10 \u20ac)","override_description":false,"description":"","optional":true,"hide_thumbnail":true,"discount":"","override_variations":false,"allowed_variations":[],"override_default_variation_attributes":false,"default_variation_attributes":[],"single_product_visibility":"visible","cart_visibility":"visible","order_visibility":"visible","single_product_price_visibility":"hidden","cart_price_visibility":"hidden","order_price_visibility":"hidden","stock_status":"in_stock"},{"bundled_item_id":3067,"product_id":31106,"menu_order":23,"quantity_min":1,"quantity_max":1,"quantity_default":1,"priced_individually":true,"shipped_individually":true,"override_title":true,"title":"ASSURANCE ANNULATION (+10 \u20ac)","override_description":false,"description":"","optional":true,"hide_thumbnail":true,"discount":"","override_variations":false,"allowed_variations":[],"override_default_variation_attributes":false,"default_variation_attributes":[],"single_product_visibility":"visible","cart_visibility":"visible","order_visibility":"visible","single_product_price_visibility":"hidden","cart_price_visibility":"hidden","order_price_visibility":"hidden","stock_status":"in_stock"}],"bundle_sell_ids":[],"_links":{"self":[{"href":"https:\/\/www.orentees.com\/pt\/wp-json\/wp\/v2\/product\/36071","targetHints":{"allow":["GET"]}}],"collection":[{"href":"https:\/\/www.orentees.com\/pt\/wp-json\/wp\/v2\/product"}],"about":[{"href":"https:\/\/www.orentees.com\/pt\/wp-json\/wp\/v2\/types\/product"}],"version-history":[{"count":16,"href":"https:\/\/www.orentees.com\/pt\/wp-json\/wp\/v2\/product\/36071\/revisions"}],"predecessor-version":[{"id":181473,"href":"https:\/\/www.orentees.com\/pt\/wp-json\/wp\/v2\/product\/36071\/revisions\/181473"}],"wp:featuredmedia":[{"embeddable":true,"href":"https:\/\/www.orentees.com\/pt\/wp-json\/wp\/v2\/media\/178737"}],"wp:attachment":[{"href":"https:\/\/www.orentees.com\/pt\/wp-json\/wp\/v2\/media?parent=36071"}],"wp:term":[{"taxonomy":"product_brand","embeddable":true,"href":"https:\/\/www.orentees.com\/pt\/wp-json\/wp\/v2\/product_brand?post=36071"},{"taxonomy":"product_cat","embeddable":true,"href":"https:\/\/www.orentees.com\/pt\/wp-json\/wp\/v2\/product_cat?post=36071"},{"taxonomy":"product_tag","embeddable":true,"href":"https:\/\/www.orentees.com\/pt\/wp-json\/wp\/v2\/product_tag?post=36071"}],"curies":[{"name":"wp","href":"https:\/\/api.w.org\/{rel}","templated":true}]}}