{"id":36106,"date":"2021-05-10T11:47:43","date_gmt":"2021-05-10T09:47:43","guid":{"rendered":"https:\/\/www.orentees.com\/?post_type=product&#038;p=36106"},"modified":"2025-08-05T11:58:38","modified_gmt":"2025-08-05T09:58:38","slug":"gourde-isotherme-700ml-filtrante-lifestraw","status":"publish","type":"product","link":"https:\/\/www.orentees.com\/pt\/product\/gourde-isotherme-700ml-filtrante-lifestraw\/","title":{"rendered":"Garrafa t\u00e9rmica filtrante Lifestraw de 700ml"},"content":{"rendered":"<h3>Filtro LifeStraw Go de 2 est\u00e1gios em a\u00e7o inoxid\u00e1vel 0,7L<\/h3>\n<p>Com capacidade para 700 ml, a garrafa Lifestraw \u00e9 isolada termicamente, permitindo que voc\u00ea mantenha a \u00e1gua coletada de uma fonte durante sua caminhada por v\u00e1rias horas.<\/p>\n<p>Ela filtra part\u00edculas de at\u00e9 0,2 m\u00edcron, permitindo que voc\u00ea beba \u00e1gua pura, livre de bact\u00e9rias, parasitas, pesticidas e outros micropl\u00e1sticos.<\/p>\n<p>Um local imperd\u00edvel para os amantes de caminhadas!<\/p>\n<p>&nbsp;<\/p>","protected":false},"excerpt":{"rendered":"<h3>Aluguel de garrafa t\u00e9rmica LIFESTRAW GO 2 com filtro.<\/h3>\n<ul>\n<li><span lang=\"fr\" xml:lang=\"fr\"> \u2013 Isot\u00e9rmico,\u00a0<\/span><\/li>\n<li>\u2013 Fabricado em a\u00e7o inoxid\u00e1vel,<\/li>\n<li><span lang=\"fr\" xml:lang=\"fr\">\u2013 Ultraleve,<\/span><\/li>\n<li><span lang=\"fr\" xml:lang=\"fr\"> \u2013 Dupla filtra\u00e7\u00e3o: Palha e carv\u00e3o ativado, at\u00e9 4.000 litros de \u00e1gua,<\/span><\/li>\n<li><span lang=\"fr\" xml:lang=\"fr\"> \u2013 Elimina 99,9999% de bact\u00e9rias, parasitas, al\u00e9m de pesticidas e res\u00edduos pl\u00e1sticos.<\/span><\/li>\n<\/ul>\n<p style=\"text-align: center;\"><strong>Todos os nossos produtos de hidrata\u00e7\u00e3o s\u00e3o sistematicamente lavados e desinfetados ap\u00f3s cada utiliza\u00e7\u00e3o.<\/strong><\/p>\n<hr \/>\n<p style=\"text-align: center;\"><em><strong>Opini\u00e3o de Nancy:<\/strong> \u201cAdoro passear com o Lifestraw Go: \u00e9 sempre divertido (e seguro) poder parar em um lago ou rio e beber \u00e1gua rec\u00e9m-coletada.\u201d<\/em><\/p>\n<hr \/>\n<p><em><span lang=\"fr\" style=\"font-size: 10pt; font-family: Verdana, sans-serif; color: #000000;\" xml:lang=\"fr\">* Foto n\u00e3o contratual<\/span><\/em><\/p>\n<p><span style=\"font-size: 10pt;\"> ** Com base em um aluguel de 8 dias<\/span><\/p>","protected":false},"featured_media":144523,"template":"","meta":{"_acf_changed":false},"product_brand":[],"product_cat":[3051],"product_tag":[],"class_list":{"0":"post-36106","1":"product","2":"type-product","3":"status-publish","4":"has-post-thumbnail","6":"product_cat-accueil","7":"pa_poids-500-gr","9":"first","10":"instock","11":"taxable","12":"shipping-taxable","13":"purchasable","14":"product-type-simple"},"bundled_by":["30215","35400","35403","35406","35417","36071","36175","50565","50579","50770","50774","50778","92979","179951","186205"],"bundle_stock_status":"instock","bundle_stock_quantity":10,"bundle_virtual":false,"bundle_layout":"","bundle_add_to_cart_form_location":"","bundle_editable_in_cart":false,"bundle_sold_individually_context":"","bundle_item_grouping":"","bundle_min_size":"","bundle_max_size":"","bundled_items":[],"bundle_sell_ids":[],"_links":{"self":[{"href":"https:\/\/www.orentees.com\/pt\/wp-json\/wp\/v2\/product\/36106","targetHints":{"allow":["GET"]}}],"collection":[{"href":"https:\/\/www.orentees.com\/pt\/wp-json\/wp\/v2\/product"}],"about":[{"href":"https:\/\/www.orentees.com\/pt\/wp-json\/wp\/v2\/types\/product"}],"version-history":[{"count":4,"href":"https:\/\/www.orentees.com\/pt\/wp-json\/wp\/v2\/product\/36106\/revisions"}],"predecessor-version":[{"id":186831,"href":"https:\/\/www.orentees.com\/pt\/wp-json\/wp\/v2\/product\/36106\/revisions\/186831"}],"wp:featuredmedia":[{"embeddable":true,"href":"https:\/\/www.orentees.com\/pt\/wp-json\/wp\/v2\/media\/144523"}],"wp:attachment":[{"href":"https:\/\/www.orentees.com\/pt\/wp-json\/wp\/v2\/media?parent=36106"}],"wp:term":[{"taxonomy":"product_brand","embeddable":true,"href":"https:\/\/www.orentees.com\/pt\/wp-json\/wp\/v2\/product_brand?post=36106"},{"taxonomy":"product_cat","embeddable":true,"href":"https:\/\/www.orentees.com\/pt\/wp-json\/wp\/v2\/product_cat?post=36106"},{"taxonomy":"product_tag","embeddable":true,"href":"https:\/\/www.orentees.com\/pt\/wp-json\/wp\/v2\/product_tag?post=36106"}],"curies":[{"name":"wp","href":"https:\/\/api.w.org\/{rel}","templated":true}]}}