{"id":36175,"date":"2021-05-12T08:20:25","date_gmt":"2021-05-12T06:20:25","guid":{"rendered":"https:\/\/www.orentees.com\/?post_type=product&#038;p=36175"},"modified":"2025-03-14T15:29:08","modified_gmt":"2025-03-14T14:29:08","slug":"pack-rando-famille","status":"publish","type":"product","link":"https:\/\/www.orentees.com\/pt\/product\/pack-rando-famille\/","title":{"rendered":"PACOTE DE CAMINHADA FAMILIAR"},"content":{"rendered":"<h2><strong>Pacote de caminhada para a fam\u00edlia<\/strong><\/h2>\n<h2>Aluguel de porta-beb\u00eas e equipamentos para caminhadas<\/h2>\n<ul>\n<li>Canguru para caminhada Osprey Poco<\/li>\n<li>Mochila Millet UBIC 30 (30 litros) -opcional-<\/li>\n<li>Bengalas (Komperdell) -opcional-<\/li>\n<li>Garrafa de \u00e1gua (com ou sem filtragem) -opcional-<\/li>\n<li>Kit de primeiros socorros -opcional-<\/li>\n<\/ul>\n<p>&nbsp;<\/p>","protected":false},"excerpt":{"rendered":"<p style=\"text-align: left; font-size: 18px;\"><strong>Apresenta\u00e7\u00e3o:<\/strong><\/p>\n<p>Nosso pacote de caminhada para a fam\u00edlia foi projetado para permitir que voc\u00ea leve tudo o que precisa para passeios de um dia.<\/p>\n<p><strong>A partir do <a href=\"https:\/\/lespetitsmontagnards.com\/p\/osprey-poco-ag\/\">Canguru Osprey<\/a>, voc\u00ea pode ent\u00e3o personalizar seu pacote adicionando os elementos necess\u00e1rios:<\/strong><\/p>\n<ul>\n<li>Mochilas de caminhada,<\/li>\n<li>Hidrata\u00e7\u00e3o: Garrafa t\u00e9rmica, canudo com filtro, etc.<\/li>\n<li>Poncho,<\/li>\n<li>Bengalas,<\/li>\n<li>Kit de primeiros socorros<\/li>\n<\/ul>\n<p><strong>Para mais informa\u00e7\u00f5es sobre os produtos, <\/strong>clique no \u00edcone <img loading=\"lazy\" decoding=\"async\" class=\"wp-image-35744 alignnone\" src=\"https:\/\/lespetitsmontagnards.com\/wp-content\/uploads\/Icone-detail-low-300x300.jpg\" alt=\"\" width=\"22\" height=\"22\" \/> ao selecionar.<\/p>","protected":false},"featured_media":179245,"template":"","meta":{"_acf_changed":false},"product_brand":[],"product_cat":[3051,3671,3179],"product_tag":[],"class_list":{"0":"post-36175","1":"product","2":"type-product","3":"status-publish","4":"has-post-thumbnail","6":"product_cat-accueil","7":"product_cat-location-materiel-randonnee","8":"product_cat-porte-bebe-location-materiel-bivouac","10":"first","11":"instock","12":"taxable","13":"shipping-taxable","14":"purchasable","15":"product-type-bundle"},"bundled_by":[],"bundle_stock_status":"instock","bundle_stock_quantity":24,"bundle_virtual":false,"bundle_layout":"default","bundle_add_to_cart_form_location":"default","bundle_editable_in_cart":false,"bundle_sold_individually_context":"product","bundle_item_grouping":"parent","bundle_min_size":"","bundle_max_size":"","bundled_items":[{"bundled_item_id":15735,"product_id":161575,"menu_order":0,"quantity_min":1,"quantity_max":1,"quantity_default":1,"priced_individually":true,"shipped_individually":false,"override_title":true,"title":"Porte-b\u00e9b\u00e9 Osprey Poco","override_description":true,"description":"","optional":false,"hide_thumbnail":false,"discount":"","override_variations":false,"allowed_variations":[],"override_default_variation_attributes":false,"default_variation_attributes":[],"single_product_visibility":"visible","cart_visibility":"visible","order_visibility":"visible","single_product_price_visibility":"hidden","cart_price_visibility":"hidden","order_price_visibility":"hidden","stock_status":"in_stock"},{"bundled_item_id":3071,"product_id":30148,"menu_order":1,"quantity_min":1,"quantity_max":2,"quantity_default":1,"priced_individually":true,"shipped_individually":false,"override_title":true,"title":"Sac \u00e0 Dos 30 L","override_description":true,"description":"4 \u20ac \/ dia **","optional":true,"hide_thumbnail":false,"discount":"","override_variations":false,"allowed_variations":[],"override_default_variation_attributes":false,"default_variation_attributes":[],"single_product_visibility":"visible","cart_visibility":"visible","order_visibility":"visible","single_product_price_visibility":"hidden","cart_price_visibility":"hidden","order_price_visibility":"hidden","stock_status":"in_stock"},{"bundled_item_id":3073,"product_id":30192,"menu_order":2,"quantity_min":1,"quantity_max":2,"quantity_default":1,"priced_individually":true,"shipped_individually":false,"override_title":true,"title":"Bast\u00f5es de caminhada","override_description":true,"description":"\u20ac 1,50 \/ dia **","optional":true,"hide_thumbnail":false,"discount":"","override_variations":false,"allowed_variations":[],"override_default_variation_attributes":false,"default_variation_attributes":[],"single_product_visibility":"visible","cart_visibility":"visible","order_visibility":"visible","single_product_price_visibility":"hidden","cart_price_visibility":"hidden","order_price_visibility":"hidden","stock_status":"in_stock"},{"bundled_item_id":3075,"product_id":36112,"menu_order":3,"quantity_min":1,"quantity_max":2,"quantity_default":1,"priced_individually":true,"shipped_individually":false,"override_title":true,"title":"Gourde SIGG Original 750ml","override_description":true,"description":"2 \u20ac \/ dia **","optional":true,"hide_thumbnail":false,"discount":"","override_variations":false,"allowed_variations":[],"override_default_variation_attributes":false,"default_variation_attributes":[],"single_product_visibility":"visible","cart_visibility":"visible","order_visibility":"visible","single_product_price_visibility":"hidden","cart_price_visibility":"hidden","order_price_visibility":"hidden","stock_status":"in_stock"},{"bundled_item_id":3077,"product_id":36106,"menu_order":4,"quantity_min":1,"quantity_max":2,"quantity_default":1,"priced_individually":true,"shipped_individually":false,"override_title":true,"title":"Gourde Isotherme Filtrante 700ml","override_description":true,"description":"2 \u20ac \/ dia **","optional":true,"hide_thumbnail":false,"discount":"","override_variations":false,"allowed_variations":[],"override_default_variation_attributes":false,"default_variation_attributes":[],"single_product_visibility":"visible","cart_visibility":"visible","order_visibility":"visible","single_product_price_visibility":"hidden","cart_price_visibility":"hidden","order_price_visibility":"hidden","stock_status":"in_stock"},{"bundled_item_id":3079,"product_id":30190,"menu_order":5,"quantity_min":1,"quantity_max":2,"quantity_default":1,"priced_individually":true,"shipped_individually":false,"override_title":true,"title":"Poncho - tarp","override_description":true,"description":"\u20ac 1,25\/dia **","optional":true,"hide_thumbnail":false,"discount":"","override_variations":false,"allowed_variations":[],"override_default_variation_attributes":false,"default_variation_attributes":[],"single_product_visibility":"visible","cart_visibility":"visible","order_visibility":"visible","single_product_price_visibility":"hidden","cart_price_visibility":"hidden","order_price_visibility":"hidden","stock_status":"in_stock"},{"bundled_item_id":3081,"product_id":36169,"menu_order":6,"quantity_min":1,"quantity_max":2,"quantity_default":1,"priced_individually":true,"shipped_individually":false,"override_title":true,"title":"kit de primeiros socorros","override_description":true,"description":"2 \u20ac \/ dia **","optional":true,"hide_thumbnail":false,"discount":"","override_variations":false,"allowed_variations":[],"override_default_variation_attributes":false,"default_variation_attributes":[],"single_product_visibility":"visible","cart_visibility":"visible","order_visibility":"visible","single_product_price_visibility":"hidden","cart_price_visibility":"hidden","order_price_visibility":"hidden","stock_status":"in_stock"},{"bundled_item_id":3083,"product_id":31104,"menu_order":7,"quantity_min":1,"quantity_max":1,"quantity_default":1,"priced_individually":true,"shipped_individually":true,"override_title":true,"title":"ASSURANCE TRANQUILITE (+10 \u20ac)","override_description":false,"description":"","optional":true,"hide_thumbnail":true,"discount":"","override_variations":false,"allowed_variations":[],"override_default_variation_attributes":false,"default_variation_attributes":[],"single_product_visibility":"visible","cart_visibility":"visible","order_visibility":"visible","single_product_price_visibility":"hidden","cart_price_visibility":"hidden","order_price_visibility":"hidden","stock_status":"in_stock"},{"bundled_item_id":3085,"product_id":31106,"menu_order":8,"quantity_min":1,"quantity_max":1,"quantity_default":1,"priced_individually":true,"shipped_individually":true,"override_title":true,"title":"ASSURANCE ANNULATION (+10 \u20ac)","override_description":false,"description":"","optional":true,"hide_thumbnail":true,"discount":"","override_variations":false,"allowed_variations":[],"override_default_variation_attributes":false,"default_variation_attributes":[],"single_product_visibility":"visible","cart_visibility":"visible","order_visibility":"visible","single_product_price_visibility":"hidden","cart_price_visibility":"hidden","order_price_visibility":"hidden","stock_status":"in_stock"}],"bundle_sell_ids":[],"_links":{"self":[{"href":"https:\/\/www.orentees.com\/pt\/wp-json\/wp\/v2\/product\/36175","targetHints":{"allow":["GET"]}}],"collection":[{"href":"https:\/\/www.orentees.com\/pt\/wp-json\/wp\/v2\/product"}],"about":[{"href":"https:\/\/www.orentees.com\/pt\/wp-json\/wp\/v2\/types\/product"}],"version-history":[{"count":8,"href":"https:\/\/www.orentees.com\/pt\/wp-json\/wp\/v2\/product\/36175\/revisions"}],"predecessor-version":[{"id":179267,"href":"https:\/\/www.orentees.com\/pt\/wp-json\/wp\/v2\/product\/36175\/revisions\/179267"}],"wp:featuredmedia":[{"embeddable":true,"href":"https:\/\/www.orentees.com\/pt\/wp-json\/wp\/v2\/media\/179245"}],"wp:attachment":[{"href":"https:\/\/www.orentees.com\/pt\/wp-json\/wp\/v2\/media?parent=36175"}],"wp:term":[{"taxonomy":"product_brand","embeddable":true,"href":"https:\/\/www.orentees.com\/pt\/wp-json\/wp\/v2\/product_brand?post=36175"},{"taxonomy":"product_cat","embeddable":true,"href":"https:\/\/www.orentees.com\/pt\/wp-json\/wp\/v2\/product_cat?post=36175"},{"taxonomy":"product_tag","embeddable":true,"href":"https:\/\/www.orentees.com\/pt\/wp-json\/wp\/v2\/product_tag?post=36175"}],"curies":[{"name":"wp","href":"https:\/\/api.w.org\/{rel}","templated":true}]}}