{"id":36882,"date":"2021-06-28T17:42:19","date_gmt":"2021-06-28T15:42:19","guid":{"rendered":"https:\/\/www.orentees.com\/?post_type=product&#038;p=36882"},"modified":"2024-09-30T17:56:12","modified_gmt":"2024-09-30T15:56:12","slug":"location-sacoche-de-cadre-zefal-console-pack-t3","status":"publish","type":"product","link":"https:\/\/www.orentees.com\/pt\/product\/location-sacoche-de-cadre-zefal-console-pack-t3\/","title":{"rendered":"Aluguel de bolsa para quadro ZEFAL console pack T3"},"content":{"rendered":"<h3><strong>Bolsa para quadro ZEFAL console pack T3<\/strong><\/h3>\n<p>Um verdadeiro 2 em 1: permite que voc\u00ea tenha seu telefone vis\u00edvel (mant\u00e9m a tela sens\u00edvel ao toque) e carregue todos os pequenos equipamentos necess\u00e1rios para reparos ou para lanches.<\/p>\n<p>Adapt\u00e1vel, adapta-se a qualquer tipo de arma\u00e7\u00e3o.<\/p>\n<p>Oferece um bom volume de armazenamento com sua capacidade de 1,8 L.<\/p>\n<p>Tamanho m\u00e1ximo do telefone: 175 x 80 mm<\/p>\n<p>&nbsp;<\/p>","protected":false},"excerpt":{"rendered":"<p><strong>Apresenta\u00e7\u00e3o:<\/strong><\/p>\n<p>A bolsa para quadro ZEFAL T3 \u00e9 super pr\u00e1tica, pode ser instalada sem ferramentas em qualquer quadro.<\/p>\n<p>2 em 1, tamb\u00e9m funciona como suporte para celular (touchscreen) e bolsa de quadro para transportar muitos equipamentos pequenos gra\u00e7as ao seu volume generoso (pap\u00e9is, ferramentas, nutri\u00e7\u00e3o, etc.)<\/p>\n<p>Ele \u00e9 equipado com um z\u00edper \u00e0 prova d&#039;\u00e1gua para proteger seus pertences de forma eficaz.<\/p>","protected":false},"featured_media":145091,"template":"","meta":{"_acf_changed":false},"product_brand":[],"product_cat":[3767,3673],"product_tag":[],"class_list":{"0":"post-36882","1":"product","2":"type-product","3":"status-publish","4":"has-post-thumbnail","6":"product_cat-portage-bikepacking","7":"product_cat-location-bikepacking","9":"first","10":"instock","11":"taxable","12":"shipping-taxable","13":"purchasable","14":"product-type-simple"},"bundled_by":["35993","35997","36000","36036","50795","178911","178917"],"bundle_stock_status":"instock","bundle_stock_quantity":20,"bundle_virtual":false,"bundle_layout":"","bundle_add_to_cart_form_location":"","bundle_editable_in_cart":false,"bundle_sold_individually_context":"","bundle_item_grouping":"","bundle_min_size":"","bundle_max_size":"","bundled_items":[],"bundle_sell_ids":[],"_links":{"self":[{"href":"https:\/\/www.orentees.com\/pt\/wp-json\/wp\/v2\/product\/36882","targetHints":{"allow":["GET"]}}],"collection":[{"href":"https:\/\/www.orentees.com\/pt\/wp-json\/wp\/v2\/product"}],"about":[{"href":"https:\/\/www.orentees.com\/pt\/wp-json\/wp\/v2\/types\/product"}],"version-history":[{"count":2,"href":"https:\/\/www.orentees.com\/pt\/wp-json\/wp\/v2\/product\/36882\/revisions"}],"predecessor-version":[{"id":145101,"href":"https:\/\/www.orentees.com\/pt\/wp-json\/wp\/v2\/product\/36882\/revisions\/145101"}],"wp:featuredmedia":[{"embeddable":true,"href":"https:\/\/www.orentees.com\/pt\/wp-json\/wp\/v2\/media\/145091"}],"wp:attachment":[{"href":"https:\/\/www.orentees.com\/pt\/wp-json\/wp\/v2\/media?parent=36882"}],"wp:term":[{"taxonomy":"product_brand","embeddable":true,"href":"https:\/\/www.orentees.com\/pt\/wp-json\/wp\/v2\/product_brand?post=36882"},{"taxonomy":"product_cat","embeddable":true,"href":"https:\/\/www.orentees.com\/pt\/wp-json\/wp\/v2\/product_cat?post=36882"},{"taxonomy":"product_tag","embeddable":true,"href":"https:\/\/www.orentees.com\/pt\/wp-json\/wp\/v2\/product_tag?post=36882"}],"curies":[{"name":"wp","href":"https:\/\/api.w.org\/{rel}","templated":true}]}}