{"id":37114,"date":"2021-07-06T10:46:14","date_gmt":"2021-07-06T08:46:14","guid":{"rendered":"https:\/\/www.orentees.com\/?post_type=product&#038;p=37114"},"modified":"2024-09-30T17:52:15","modified_gmt":"2024-09-30T15:52:15","slug":"location-sacoche-zefal-traveler-80-32l","status":"publish","type":"product","link":"https:\/\/www.orentees.com\/pt\/product\/location-sacoche-zefal-traveler-80-32l\/","title":{"rendered":"Aluguel de bolsa ZEFAL Traveler 80 32L"},"content":{"rendered":"<h3><strong>Bolsa ZEFAL Traveler 80 32L<\/strong><\/h3>\n<p>A bolsa Traveler 80 da ZEFAL se adapta a todos os bagageiros gra\u00e7as ao sistema de velcro.<\/p>\n<p>Oferece uma grande capacidade de armazenamento de 32 L<\/p>\n<p>&nbsp;<\/p>\n<p>&nbsp;<\/p>","protected":false},"excerpt":{"rendered":"<p><strong>Apresenta\u00e7\u00e3o:<\/strong><\/p>\n<p>A bolsa TRAVELER 80 da ZEFAL \u00e9 muito f\u00e1cil de instalar. N\u00e3o requer ferramentas.<\/p>\n<p>Adapta-se a todos os bagageiros gra\u00e7as ao seu inteligente sistema de velcro.<\/p>\n<p>Com suas belas dimens\u00f5es de 320 x 230 x 215 mm, ele oferece um bom volume de armazenamento de 20 L.<\/p>\n<p>Esta bolsa \u00e9 o complemento perfeito para o bagageiro Raider R30, tamb\u00e9m dispon\u00edvel para aluguel.<\/p>\n<p>A bolsa ZEFAL vem com uma capa \u00e0 prova d&#039;\u00e1gua para proteger efetivamente seu conte\u00fado.<\/p>","protected":false},"featured_media":145089,"template":"","meta":{"_acf_changed":false},"product_brand":[],"product_cat":[3767,3673],"product_tag":[],"class_list":{"0":"post-37114","1":"product","2":"type-product","3":"status-publish","4":"has-post-thumbnail","6":"product_cat-portage-bikepacking","7":"product_cat-location-bikepacking","9":"first","10":"instock","11":"taxable","12":"shipping-taxable","13":"purchasable","14":"product-type-simple"},"bundled_by":["35993","35997","36000","36036","50795","178911","178917"],"bundle_stock_status":"instock","bundle_stock_quantity":4,"bundle_virtual":false,"bundle_layout":"","bundle_add_to_cart_form_location":"","bundle_editable_in_cart":false,"bundle_sold_individually_context":"","bundle_item_grouping":"","bundle_min_size":"","bundle_max_size":"","bundled_items":[],"bundle_sell_ids":[],"_links":{"self":[{"href":"https:\/\/www.orentees.com\/pt\/wp-json\/wp\/v2\/product\/37114","targetHints":{"allow":["GET"]}}],"collection":[{"href":"https:\/\/www.orentees.com\/pt\/wp-json\/wp\/v2\/product"}],"about":[{"href":"https:\/\/www.orentees.com\/pt\/wp-json\/wp\/v2\/types\/product"}],"version-history":[{"count":3,"href":"https:\/\/www.orentees.com\/pt\/wp-json\/wp\/v2\/product\/37114\/revisions"}],"predecessor-version":[{"id":145095,"href":"https:\/\/www.orentees.com\/pt\/wp-json\/wp\/v2\/product\/37114\/revisions\/145095"}],"wp:featuredmedia":[{"embeddable":true,"href":"https:\/\/www.orentees.com\/pt\/wp-json\/wp\/v2\/media\/145089"}],"wp:attachment":[{"href":"https:\/\/www.orentees.com\/pt\/wp-json\/wp\/v2\/media?parent=37114"}],"wp:term":[{"taxonomy":"product_brand","embeddable":true,"href":"https:\/\/www.orentees.com\/pt\/wp-json\/wp\/v2\/product_brand?post=37114"},{"taxonomy":"product_cat","embeddable":true,"href":"https:\/\/www.orentees.com\/pt\/wp-json\/wp\/v2\/product_cat?post=37114"},{"taxonomy":"product_tag","embeddable":true,"href":"https:\/\/www.orentees.com\/pt\/wp-json\/wp\/v2\/product_tag?post=37114"}],"curies":[{"name":"wp","href":"https:\/\/api.w.org\/{rel}","templated":true}]}}