{"id":50565,"date":"2022-04-22T17:28:35","date_gmt":"2022-04-22T15:28:35","guid":{"rendered":"https:\/\/www.orentees.com\/?post_type=product&#038;p=50565"},"modified":"2025-08-22T07:14:02","modified_gmt":"2025-08-22T05:14:02","slug":"pack-rando-journee-homme","status":"publish","type":"product","link":"https:\/\/www.orentees.com\/pt\/product\/pack-rando-journee-homme\/","title":{"rendered":"PACOTE DE CAMINHADA PARA O DIA DOS HOMENS"},"content":{"rendered":"<h2><strong>Mochila de caminhada para o dia dos homens<\/strong><\/h2>\n<h2>Aluguel de equipamentos e materiais para caminhadas e trekking para homens<\/h2>\n<p>A mochila para caminhadas di\u00e1rias \u00e9 uma mochila personaliz\u00e1vel baseada na mochila <strong>Pain\u00e7o UBIC 30<\/strong>. Com capacidade para <strong>30 litros<\/strong>, \u00e9 ideal para carregar tudo o que voc\u00ea precisa para um dia ao ar livre. Confort\u00e1vel e pr\u00e1tico, permite transportar o m\u00e1ximo de equipamentos.<\/p>\n<p>O pacote pode ser conclu\u00eddo por:<\/p>\n<h4>Jaqueta de caminhada GORETEX:<\/h4>\n<ul>\n<li>Modelo <strong>JAIPUR GTX<\/strong> Para <strong>homens<\/strong>, Jaqueta Gore-tex da <strong>Lafuma<\/strong> Ideal para caminhadas\/trekkings em 3 esta\u00e7\u00f5es. Leve, respir\u00e1vel e \u00e0 prova d&#039;\u00e1gua, ele vai ficar esquecido na sua mochila.<\/li>\n<\/ul>\n<p>&nbsp;<\/p>\n<h4>Cal\u00e7as de caminhada GORETEX:<\/h4>\n<ul>\n<li>Modelo <strong>MOOVE\u00a0<\/strong> tamb\u00e9m para <strong>homens <\/strong>E <strong>mulheres<\/strong> , essas cal\u00e7as de tecido Gore-tex da <strong>Lafuma<\/strong> \u00e9 muito pr\u00e1tico: leve e muito f\u00e1cil de vestir gra\u00e7as aos seus z\u00edperes laterais.<\/li>\n<\/ul>\n<h4>Cal\u00e7ados de caminhada de pain\u00e7o:<\/h4>\n<ul>\n<li style=\"list-style-type: none;\">\n<ul>\n<li style=\"list-style-type: none;\">\n<ul>\n<li>Modelo <strong>Super Tridente<\/strong> para o <strong>homens<\/strong>, s\u00e3o de cano m\u00e9dio-alto, perfeitos tanto para caminhadas-trekking quanto para montanhismo. <strong>equipar<\/strong> al\u00e9m do <strong>Guias de Chamonix<\/strong>! Muito confort\u00e1veis, os sapatos <strong>Millet<\/strong> est\u00e3o em <strong>Goretex<\/strong> , a sola aderente est\u00e1 em <strong>Vibram<\/strong>.<\/li>\n<\/ul>\n<\/li>\n<\/ul>\n<\/li>\n<\/ul>\n<p>&nbsp;<\/p>\n<h4>Hidrata\u00e7\u00e3o:<\/h4>\n<ul>\n<li style=\"list-style-type: none;\">\n<ul>\n<li style=\"list-style-type: none;\">\n<ul>\n<li>L\u00e1 <strong>canudo de filtro<\/strong> de <strong>Canudo salva-vidas<\/strong>, pr\u00e1tico, <strong>minimalista<\/strong>, pode ser esquecido no pesco\u00e7o ou pendurado na mochila. O canudo com filtro permite que voc\u00ea se refresque bebendo \u00e1gua de lagos ou riachos. <strong>filtrado<\/strong> <strong>99.99% de impurezas.<\/strong><\/li>\n<\/ul>\n<\/li>\n<\/ul>\n<\/li>\n<\/ul>\n<h4>Andar:<\/h4>\n<ul>\n<li style=\"list-style-type: none;\">\n<ul>\n<li style=\"list-style-type: none;\">\n<ul>\n<li><strong>Poncho<\/strong>:O poncho \/ lona de <strong>Do mar ao cume<\/strong> oferece um <strong>prote\u00e7\u00e3o<\/strong> prote\u00e7\u00e3o ideal contra intemp\u00e9ries. Voc\u00ea e seu equipamento estar\u00e3o protegidos <strong>contra a chuva<\/strong>. Seu grande tamanho permite que seja transformado em um <strong>abrigo improvisado<\/strong> e assim criar prote\u00e7\u00e3o para o pequeno grupo, enquanto espera que as condi\u00e7\u00f5es melhorem.<\/li>\n<\/ul>\n<\/li>\n<\/ul>\n<\/li>\n<\/ul>\n<p>&nbsp;<\/p>\n<ul>\n<li style=\"list-style-type: none;\">\n<ul>\n<li style=\"list-style-type: none;\">\n<ul>\n<li><strong>Bengalas<\/strong>: <strong>Komperdell<\/strong> em 3 fios, s\u00e3o extremamente resistentes e <strong>adapt\u00e1vel a todos<\/strong>Caminhar com bast\u00f5es de caminhada oferece um conforto realmente apreci\u00e1vel. <strong>Experimente e voc\u00ea vai adorar!<\/strong><\/li>\n<\/ul>\n<\/li>\n<\/ul>\n<\/li>\n<\/ul>\n<p>&nbsp;<\/p>","protected":false},"excerpt":{"rendered":"<p style=\"text-align: left; font-size: 18px;\"><strong>Apresenta\u00e7\u00e3o:<\/strong><\/p>\n<p>Nosso pacote de caminhada de um dia: para se equipar bem para suas caminhadas<\/p>\n<p><strong>Personalize sua mochila de caminhada adicionando os itens que voc\u00ea precisa dentre as muitas op\u00e7\u00f5es:<\/strong><\/p>\n<ul>\n<li>Mochilas de caminhada,<\/li>\n<li>Jaqueta de caminhada GORE-TEX,<\/li>\n<li>Cal\u00e7as de caminhada GORE-TEX,<\/li>\n<li>Hidrata\u00e7\u00e3o: Garrafa t\u00e9rmica, canudo com filtro, etc.<\/li>\n<li>Poncho,<\/li>\n<li>Bengalas,<\/li>\n<li>Cal\u00e7ados para caminhada<\/li>\n<\/ul>\n<p><strong>Para mais informa\u00e7\u00f5es sobre os produtos, <\/strong>clique no \u00edcone <img loading=\"lazy\" decoding=\"async\" class=\"wp-image-35744 alignnone\" src=\"https:\/\/lespetitsmontagnards.com\/wp-content\/uploads\/Icone-detail-low-300x300.jpg\" alt=\"\" width=\"22\" height=\"22\" \/> ao selecionar.<\/p>","protected":false},"featured_media":179241,"template":"","meta":{"_acf_changed":false},"product_brand":[],"product_cat":[3051,3671],"product_tag":[],"class_list":{"0":"post-50565","1":"product","2":"type-product","3":"status-publish","4":"has-post-thumbnail","6":"product_cat-accueil","7":"product_cat-location-materiel-randonnee","9":"first","10":"instock","11":"virtual","12":"taxable","13":"purchasable","14":"product-type-bundle"},"bundled_by":[],"bundle_stock_status":"instock","bundle_stock_quantity":"","bundle_virtual":false,"bundle_layout":"default","bundle_add_to_cart_form_location":"default","bundle_editable_in_cart":false,"bundle_sold_individually_context":"product","bundle_item_grouping":"parent","bundle_min_size":"","bundle_max_size":"","bundled_items":[{"bundled_item_id":3143,"product_id":30148,"menu_order":0,"quantity_min":1,"quantity_max":2,"quantity_default":1,"priced_individually":true,"shipped_individually":false,"override_title":true,"title":"","override_description":true,"description":"","optional":true,"hide_thumbnail":false,"discount":"","override_variations":false,"allowed_variations":[],"override_default_variation_attributes":false,"default_variation_attributes":[],"single_product_visibility":"visible","cart_visibility":"visible","order_visibility":"visible","single_product_price_visibility":"hidden","cart_price_visibility":"hidden","order_price_visibility":"hidden","stock_status":"in_stock"},{"bundled_item_id":3145,"product_id":50532,"menu_order":1,"quantity_min":1,"quantity_max":1,"quantity_default":1,"priced_individually":true,"shipped_individually":false,"override_title":true,"title":"Veste Homme Gore-Tex Lafuma","override_description":true,"description":"\u20ac 7,50 \/ dia **","optional":true,"hide_thumbnail":false,"discount":"","override_variations":false,"allowed_variations":[],"override_default_variation_attributes":true,"default_variation_attributes":[{"id":0,"name":"Tamanho","option":"S"}],"single_product_visibility":"visible","cart_visibility":"visible","order_visibility":"visible","single_product_price_visibility":"hidden","cart_price_visibility":"hidden","order_price_visibility":"hidden","stock_status":"in_stock"},{"bundled_item_id":3147,"product_id":50548,"menu_order":2,"quantity_min":1,"quantity_max":1,"quantity_default":1,"priced_individually":true,"shipped_individually":false,"override_title":true,"title":"Surpantalon  Gore-Tex Lafuma Unisexe","override_description":true,"description":"3 \u20ac \/ dia **","optional":true,"hide_thumbnail":false,"discount":"","override_variations":false,"allowed_variations":[],"override_default_variation_attributes":true,"default_variation_attributes":[{"id":0,"name":"Tamanho","option":"S"}],"single_product_visibility":"visible","cart_visibility":"visible","order_visibility":"visible","single_product_price_visibility":"hidden","cart_price_visibility":"hidden","order_price_visibility":"hidden","stock_status":"in_stock"},{"bundled_item_id":3149,"product_id":30167,"menu_order":3,"quantity_min":1,"quantity_max":1,"quantity_default":1,"priced_individually":true,"shipped_individually":false,"override_title":true,"title":"Chaussures Randonn\u00e9e Homme","override_description":true,"description":"\u20ac 6,75\/dia **","optional":true,"hide_thumbnail":false,"discount":"","override_variations":false,"allowed_variations":[],"override_default_variation_attributes":false,"default_variation_attributes":[],"single_product_visibility":"visible","cart_visibility":"visible","order_visibility":"visible","single_product_price_visibility":"hidden","cart_price_visibility":"hidden","order_price_visibility":"hidden","stock_status":"in_stock"},{"bundled_item_id":3151,"product_id":30192,"menu_order":4,"quantity_min":1,"quantity_max":2,"quantity_default":1,"priced_individually":true,"shipped_individually":false,"override_title":true,"title":"Bast\u00f5es de caminhada","override_description":true,"description":"\u20ac 1,50 \/ dia **","optional":true,"hide_thumbnail":false,"discount":"","override_variations":false,"allowed_variations":[],"override_default_variation_attributes":false,"default_variation_attributes":[],"single_product_visibility":"visible","cart_visibility":"visible","order_visibility":"visible","single_product_price_visibility":"hidden","cart_price_visibility":"hidden","order_price_visibility":"hidden","stock_status":"in_stock"},{"bundled_item_id":3153,"product_id":36112,"menu_order":5,"quantity_min":1,"quantity_max":2,"quantity_default":1,"priced_individually":true,"shipped_individually":false,"override_title":true,"title":"Gourde SIGG Original 750ml","override_description":true,"description":"2 \u20ac \/ dia **","optional":true,"hide_thumbnail":false,"discount":"","override_variations":false,"allowed_variations":[],"override_default_variation_attributes":false,"default_variation_attributes":[],"single_product_visibility":"visible","cart_visibility":"visible","order_visibility":"visible","single_product_price_visibility":"hidden","cart_price_visibility":"hidden","order_price_visibility":"hidden","stock_status":"in_stock"},{"bundled_item_id":3155,"product_id":36106,"menu_order":6,"quantity_min":1,"quantity_max":2,"quantity_default":1,"priced_individually":true,"shipped_individually":false,"override_title":true,"title":"Gourde Isotherme Filtrante 700ml","override_description":true,"description":"2 \u20ac \/ dia **","optional":true,"hide_thumbnail":false,"discount":"","override_variations":false,"allowed_variations":[],"override_default_variation_attributes":false,"default_variation_attributes":[],"single_product_visibility":"visible","cart_visibility":"visible","order_visibility":"visible","single_product_price_visibility":"hidden","cart_price_visibility":"hidden","order_price_visibility":"hidden","stock_status":"in_stock"},{"bundled_item_id":3157,"product_id":30290,"menu_order":7,"quantity_min":1,"quantity_max":2,"quantity_default":1,"priced_individually":true,"shipped_individually":false,"override_title":true,"title":"Paille filtrante","override_description":true,"description":"1 \u20ac \/ dia **","optional":true,"hide_thumbnail":false,"discount":"","override_variations":false,"allowed_variations":[],"override_default_variation_attributes":false,"default_variation_attributes":[],"single_product_visibility":"visible","cart_visibility":"visible","order_visibility":"visible","single_product_price_visibility":"hidden","cart_price_visibility":"hidden","order_price_visibility":"hidden","stock_status":"in_stock"},{"bundled_item_id":3159,"product_id":30190,"menu_order":8,"quantity_min":1,"quantity_max":2,"quantity_default":1,"priced_individually":true,"shipped_individually":false,"override_title":true,"title":"Poncho - tarp","override_description":true,"description":"\u20ac 1,25\/dia **","optional":true,"hide_thumbnail":false,"discount":"","override_variations":false,"allowed_variations":[],"override_default_variation_attributes":false,"default_variation_attributes":[],"single_product_visibility":"visible","cart_visibility":"visible","order_visibility":"visible","single_product_price_visibility":"hidden","cart_price_visibility":"hidden","order_price_visibility":"hidden","stock_status":"in_stock"},{"bundled_item_id":3161,"product_id":36169,"menu_order":9,"quantity_min":1,"quantity_max":2,"quantity_default":1,"priced_individually":true,"shipped_individually":false,"override_title":true,"title":"kit de primeiros socorros","override_description":true,"description":"2 \u20ac \/ dia **","optional":true,"hide_thumbnail":false,"discount":"","override_variations":false,"allowed_variations":[],"override_default_variation_attributes":false,"default_variation_attributes":[],"single_product_visibility":"visible","cart_visibility":"visible","order_visibility":"visible","single_product_price_visibility":"hidden","cart_price_visibility":"hidden","order_price_visibility":"hidden","stock_status":"in_stock"},{"bundled_item_id":3163,"product_id":31104,"menu_order":10,"quantity_min":1,"quantity_max":1,"quantity_default":1,"priced_individually":true,"shipped_individually":true,"override_title":true,"title":"ASSURANCE TRANQUILITE (+10 \u20ac)","override_description":false,"description":"","optional":true,"hide_thumbnail":true,"discount":"","override_variations":false,"allowed_variations":[],"override_default_variation_attributes":false,"default_variation_attributes":[],"single_product_visibility":"visible","cart_visibility":"visible","order_visibility":"visible","single_product_price_visibility":"hidden","cart_price_visibility":"hidden","order_price_visibility":"hidden","stock_status":"in_stock"},{"bundled_item_id":3165,"product_id":31106,"menu_order":11,"quantity_min":1,"quantity_max":1,"quantity_default":1,"priced_individually":true,"shipped_individually":true,"override_title":true,"title":"ASSURANCE ANNULATION (+10 \u20ac)","override_description":false,"description":"","optional":true,"hide_thumbnail":true,"discount":"","override_variations":false,"allowed_variations":[],"override_default_variation_attributes":false,"default_variation_attributes":[],"single_product_visibility":"visible","cart_visibility":"visible","order_visibility":"visible","single_product_price_visibility":"hidden","cart_price_visibility":"hidden","order_price_visibility":"hidden","stock_status":"in_stock"}],"bundle_sell_ids":[],"_links":{"self":[{"href":"https:\/\/www.orentees.com\/pt\/wp-json\/wp\/v2\/product\/50565","targetHints":{"allow":["GET"]}}],"collection":[{"href":"https:\/\/www.orentees.com\/pt\/wp-json\/wp\/v2\/product"}],"about":[{"href":"https:\/\/www.orentees.com\/pt\/wp-json\/wp\/v2\/types\/product"}],"version-history":[{"count":7,"href":"https:\/\/www.orentees.com\/pt\/wp-json\/wp\/v2\/product\/50565\/revisions"}],"predecessor-version":[{"id":188039,"href":"https:\/\/www.orentees.com\/pt\/wp-json\/wp\/v2\/product\/50565\/revisions\/188039"}],"wp:featuredmedia":[{"embeddable":true,"href":"https:\/\/www.orentees.com\/pt\/wp-json\/wp\/v2\/media\/179241"}],"wp:attachment":[{"href":"https:\/\/www.orentees.com\/pt\/wp-json\/wp\/v2\/media?parent=50565"}],"wp:term":[{"taxonomy":"product_brand","embeddable":true,"href":"https:\/\/www.orentees.com\/pt\/wp-json\/wp\/v2\/product_brand?post=50565"},{"taxonomy":"product_cat","embeddable":true,"href":"https:\/\/www.orentees.com\/pt\/wp-json\/wp\/v2\/product_cat?post=50565"},{"taxonomy":"product_tag","embeddable":true,"href":"https:\/\/www.orentees.com\/pt\/wp-json\/wp\/v2\/product_tag?post=50565"}],"curies":[{"name":"wp","href":"https:\/\/api.w.org\/{rel}","templated":true}]}}