{"id":50741,"date":"2022-05-05T13:35:51","date_gmt":"2022-05-05T11:35:51","guid":{"rendered":"https:\/\/www.orentees.com\/?post_type=product&#038;p=50741"},"modified":"2024-09-30T17:08:28","modified_gmt":"2024-09-30T15:08:28","slug":"location-bivy-sursac-bivouac-millet","status":"publish","type":"product","link":"https:\/\/www.orentees.com\/pt\/product\/location-bivy-sursac-bivouac-millet\/","title":{"rendered":"Aluguel de barraca Bivouac Millet"},"content":{"rendered":"<h3><strong>Aluguel de BIVY MILLET para acampamento minimalista.<\/strong><\/h3>\n<p>Para suas aventuras de sobreviv\u00eancia, trekking minimalista ou viagens de bikepacking leves, a capa para saco de dormir Millet BIVY BAG \u00e9 a companheira ideal.<\/p>\n<p>Altamente imperme\u00e1vel (10.000 mm), ir\u00e1 proteg\u00ea-lo eficazmente.<\/p>\n<p>Seu peso reduzido \u00e9 de 450g e suas dimens\u00f5es s\u00e3o generosas: 235 x 83 cm.<\/p>","protected":false},"excerpt":{"rendered":"<p style=\"text-align: left; font-size: 18px;\"><strong>Apresenta\u00e7\u00e3o:<\/strong><\/p>\n<p>Inicia\u00e7\u00e3o em t\u00e9cnicas de sobreviv\u00eancia na natureza? Viagem de bicicleta com mochila nas costas? Caminhada minimalista?<\/p>\n<p>A capa para saco de dormir Millet BIVY BAG \u00e9 a companheira perfeita para voc\u00ea!<\/p>\n<p>Extremamente leve (menos de 500g), oferece excelente prote\u00e7\u00e3o gra\u00e7as ao tecido Millet \u201cDRYEDGE\u201d. Possui \u00f3tima impermeabilidade (10.000 mm) e respirabilidade (5.000 g\/m\u00b2\/24h).<\/p>\n<p>Suas dimens\u00f5es de 235 x 83 cm s\u00e3o bastante generosas e adequadas para a maioria das pessoas.<\/p>\n<p>Tamb\u00e9m dispon\u00edvel em pacote<\/p>\n<hr \/>\n<p style=\"text-align: center;\"><em><strong>Opini\u00e3o de Pierre:<\/strong> \u201cIdeal para quem quer viajar leve, seja a p\u00e9 ou de bicicleta.\u201d<\/em><em>&#8220;<\/em><\/p>\n<hr \/>\n<p>&nbsp;<\/p>\n<p>&nbsp;<\/p>\n<p><em><span lang=\"fr\" style=\"font-size: 10pt; font-family: Verdana, sans-serif; color: #000000;\" xml:lang=\"fr\">* Foto n\u00e3o contratual<\/span><\/em><\/p>\n<p><span style=\"font-size: 10pt;\"> ** Com base em um aluguel de 8 dias<\/span><\/p>","protected":false},"featured_media":144997,"template":"","meta":{"_acf_changed":false},"product_brand":[],"product_cat":[3051],"product_tag":[],"class_list":{"0":"post-50741","1":"product","2":"type-product","3":"status-publish","4":"has-post-thumbnail","6":"product_cat-accueil","7":"pa_impermeabilite-10000-mm","8":"pa_marque-millet","9":"pa_poids-450-gr","10":"pa_respirabilite-5000-gr-m2","12":"first","13":"instock","14":"taxable","15":"shipping-taxable","16":"purchasable","17":"product-type-simple"},"bundled_by":["50770","50774","50778","50795"],"bundle_stock_status":"instock","bundle_stock_quantity":10,"bundle_virtual":false,"bundle_layout":"","bundle_add_to_cart_form_location":"","bundle_editable_in_cart":false,"bundle_sold_individually_context":"","bundle_item_grouping":"","bundle_min_size":"","bundle_max_size":"","bundled_items":[],"bundle_sell_ids":[],"_links":{"self":[{"href":"https:\/\/www.orentees.com\/pt\/wp-json\/wp\/v2\/product\/50741","targetHints":{"allow":["GET"]}}],"collection":[{"href":"https:\/\/www.orentees.com\/pt\/wp-json\/wp\/v2\/product"}],"about":[{"href":"https:\/\/www.orentees.com\/pt\/wp-json\/wp\/v2\/types\/product"}],"version-history":[{"count":2,"href":"https:\/\/www.orentees.com\/pt\/wp-json\/wp\/v2\/product\/50741\/revisions"}],"predecessor-version":[{"id":145029,"href":"https:\/\/www.orentees.com\/pt\/wp-json\/wp\/v2\/product\/50741\/revisions\/145029"}],"wp:featuredmedia":[{"embeddable":true,"href":"https:\/\/www.orentees.com\/pt\/wp-json\/wp\/v2\/media\/144997"}],"wp:attachment":[{"href":"https:\/\/www.orentees.com\/pt\/wp-json\/wp\/v2\/media?parent=50741"}],"wp:term":[{"taxonomy":"product_brand","embeddable":true,"href":"https:\/\/www.orentees.com\/pt\/wp-json\/wp\/v2\/product_brand?post=50741"},{"taxonomy":"product_cat","embeddable":true,"href":"https:\/\/www.orentees.com\/pt\/wp-json\/wp\/v2\/product_cat?post=50741"},{"taxonomy":"product_tag","embeddable":true,"href":"https:\/\/www.orentees.com\/pt\/wp-json\/wp\/v2\/product_tag?post=50741"}],"curies":[{"name":"wp","href":"https:\/\/api.w.org\/{rel}","templated":true}]}}