{"id":87089,"date":"2023-03-31T11:46:05","date_gmt":"2023-03-31T09:46:05","guid":{"rendered":"https:\/\/www.orentees.com\/?post_type=product&#038;p=87089"},"modified":"2024-12-04T13:36:48","modified_gmt":"2024-12-04T12:36:48","slug":"location-sac-de-guidon-ortlieb-15-l","status":"publish","type":"product","link":"https:\/\/www.orentees.com\/pt\/product\/location-sac-de-guidon-ortlieb-15-l\/","title":{"rendered":"Aluguel de bolsa de guiador ORTLIEB 15 L"},"content":{"rendered":"<h3><strong>Bolsa para guiador BIKEPACKING ORTLIEB 15 LITER <\/strong><\/h3>\n<p>A bolsa de guid\u00e3o oferece grande capacidade de armazenamento, permitindo transportar uma infinidade de itens, incluindo barracas. Ela pode transportar at\u00e9 5 kg de carga.<\/p>\n<p>Perfeitamente \u00e0 prova d&#039;\u00e1gua, seus pertences permanecer\u00e3o secos.<\/p>\n<p>Universal, adapta-se a todas as bicicletas gra\u00e7as aos seus ganchos ajust\u00e1veis.<\/p>\n<p>&nbsp;<\/p>\n<p>&nbsp;<\/p>","protected":false},"excerpt":{"rendered":"<p><strong>Apresenta\u00e7\u00e3o:<\/strong><\/p>\n<p><span id=\"p163\">A bolsa de guid\u00e3o ORTLIEB de 15 litros se adapta a todas as bicicletas gra\u00e7as \u00e0s suas al\u00e7as ajust\u00e1veis. N\u00e3o s\u00e3o necess\u00e1rias ferramentas para instal\u00e1-la.<\/span><\/p>\n<p>Oferece excelente capacidade de carga (15 litros e 5 kg). Tamb\u00e9m permite acoplar uma barraca para acampar.<\/p>\n<p>Em termos de seguran\u00e7a, ele \u00e9 equipado com faixas refletivas 3M e um la\u00e7o para prender uma luz.<span id=\"p163\"><\/span><\/p>\n<p>Perfeitamente \u00e0 prova d&#039;\u00e1gua \u2013 IP 64 \u2013 seus pertences permanecer\u00e3o protegidos.<\/p>","protected":false},"featured_media":145081,"template":"","meta":{"_acf_changed":false},"product_brand":[],"product_cat":[3767,3673],"product_tag":[],"class_list":{"0":"post-87089","1":"product","2":"type-product","3":"status-publish","4":"has-post-thumbnail","6":"product_cat-portage-bikepacking","7":"product_cat-location-bikepacking","8":"pa_dimension-58-x-20-x-20-cm","9":"pa_marque-ortlieb","10":"pa_modele-handlebar-pack-ps21r-15l","12":"first","13":"instock","14":"taxable","15":"shipping-taxable","16":"purchasable","17":"product-type-simple"},"bundled_by":["35993","35997","36000","36036","50795"],"bundle_stock_status":"instock","bundle_stock_quantity":9,"bundle_virtual":false,"bundle_layout":"","bundle_add_to_cart_form_location":"","bundle_editable_in_cart":false,"bundle_sold_individually_context":"","bundle_item_grouping":"","bundle_min_size":"","bundle_max_size":"","bundled_items":[],"bundle_sell_ids":[],"_links":{"self":[{"href":"https:\/\/www.orentees.com\/pt\/wp-json\/wp\/v2\/product\/87089","targetHints":{"allow":["GET"]}}],"collection":[{"href":"https:\/\/www.orentees.com\/pt\/wp-json\/wp\/v2\/product"}],"about":[{"href":"https:\/\/www.orentees.com\/pt\/wp-json\/wp\/v2\/types\/product"}],"version-history":[{"count":2,"href":"https:\/\/www.orentees.com\/pt\/wp-json\/wp\/v2\/product\/87089\/revisions"}],"predecessor-version":[{"id":145111,"href":"https:\/\/www.orentees.com\/pt\/wp-json\/wp\/v2\/product\/87089\/revisions\/145111"}],"wp:featuredmedia":[{"embeddable":true,"href":"https:\/\/www.orentees.com\/pt\/wp-json\/wp\/v2\/media\/145081"}],"wp:attachment":[{"href":"https:\/\/www.orentees.com\/pt\/wp-json\/wp\/v2\/media?parent=87089"}],"wp:term":[{"taxonomy":"product_brand","embeddable":true,"href":"https:\/\/www.orentees.com\/pt\/wp-json\/wp\/v2\/product_brand?post=87089"},{"taxonomy":"product_cat","embeddable":true,"href":"https:\/\/www.orentees.com\/pt\/wp-json\/wp\/v2\/product_cat?post=87089"},{"taxonomy":"product_tag","embeddable":true,"href":"https:\/\/www.orentees.com\/pt\/wp-json\/wp\/v2\/product_tag?post=87089"}],"curies":[{"name":"wp","href":"https:\/\/api.w.org\/{rel}","templated":true}]}}