{"id":87107,"date":"2023-03-31T12:32:38","date_gmt":"2023-03-31T10:32:38","guid":{"rendered":"https:\/\/www.orentees.com\/?post_type=product&#038;p=87107"},"modified":"2024-12-04T13:36:48","modified_gmt":"2024-12-04T12:36:48","slug":"location-sacoche-de-cadre-ortlieb-4-l","status":"publish","type":"product","link":"https:\/\/www.orentees.com\/pt\/product\/location-sacoche-de-cadre-ortlieb-4-l\/","title":{"rendered":"Aluguel de bolsa para quadro ORTLIEB 4 L"},"content":{"rendered":"<h3><strong>Bolsa quadro BIKEPACKING ORTLIEB 4 LITER <\/strong><\/h3>\n<p>A bolsa para quadro Ortlieb pode armazenar at\u00e9 3 kg de equipamento. Ideal para itens &quot;pesados&quot;.<br \/>\nO fechamento \u00e9 feito por rolamento<\/p>\n<p>Perfeitamente \u00e0 prova d&#039;\u00e1gua, seus pertences permanecer\u00e3o secos.<\/p>\n<p>Universal, adapta-se a todas as bicicletas gra\u00e7as aos seus ganchos ajust\u00e1veis.<\/p>\n<p>&nbsp;<\/p>\n<p>&nbsp;<\/p>","protected":false},"excerpt":{"rendered":"<p><strong>Apresenta\u00e7\u00e3o:<\/strong><\/p>\n<p><span id=\"p163\">A bolsa de quadro ORTLIEB de 4 litros se adapta a praticamente qualquer bicicleta gra\u00e7as \u00e0s suas al\u00e7as ajust\u00e1veis. N\u00e3o s\u00e3o necess\u00e1rias ferramentas para instal\u00e1-la.<\/span><\/p>\n<p>Oferece excelente capacidade de carga (4 litros e 3 kg): ideal para equipamentos pesados.<\/p>\n<p>O fechamento \u00e9 feito por meio de enrolamento.<span id=\"p163\"><\/span><\/p>\n<p>Perfeitamente \u00e0 prova d&#039;\u00e1gua \u2013 IP 64 \u2013 seus pertences permanecer\u00e3o protegidos.<\/p>","protected":false},"featured_media":145087,"template":"","meta":{"_acf_changed":false},"product_brand":[],"product_cat":[3767,3673],"product_tag":[],"class_list":{"0":"post-87107","1":"product","2":"type-product","3":"status-publish","4":"has-post-thumbnail","6":"product_cat-portage-bikepacking","7":"product_cat-location-bikepacking","8":"pa_dimension-24-x-40-x-6-cm","9":"pa_marque-ortlieb","10":"pa_modele-frame-pack-rc-4l","12":"first","13":"instock","14":"taxable","15":"shipping-taxable","16":"purchasable","17":"product-type-simple"},"bundled_by":["35993","35997","36000","36036","50795","178911","178917"],"bundle_stock_status":"instock","bundle_stock_quantity":8,"bundle_virtual":false,"bundle_layout":"","bundle_add_to_cart_form_location":"","bundle_editable_in_cart":false,"bundle_sold_individually_context":"","bundle_item_grouping":"","bundle_min_size":"","bundle_max_size":"","bundled_items":[],"bundle_sell_ids":[],"_links":{"self":[{"href":"https:\/\/www.orentees.com\/pt\/wp-json\/wp\/v2\/product\/87107","targetHints":{"allow":["GET"]}}],"collection":[{"href":"https:\/\/www.orentees.com\/pt\/wp-json\/wp\/v2\/product"}],"about":[{"href":"https:\/\/www.orentees.com\/pt\/wp-json\/wp\/v2\/types\/product"}],"version-history":[{"count":3,"href":"https:\/\/www.orentees.com\/pt\/wp-json\/wp\/v2\/product\/87107\/revisions"}],"predecessor-version":[{"id":145107,"href":"https:\/\/www.orentees.com\/pt\/wp-json\/wp\/v2\/product\/87107\/revisions\/145107"}],"wp:featuredmedia":[{"embeddable":true,"href":"https:\/\/www.orentees.com\/pt\/wp-json\/wp\/v2\/media\/145087"}],"wp:attachment":[{"href":"https:\/\/www.orentees.com\/pt\/wp-json\/wp\/v2\/media?parent=87107"}],"wp:term":[{"taxonomy":"product_brand","embeddable":true,"href":"https:\/\/www.orentees.com\/pt\/wp-json\/wp\/v2\/product_brand?post=87107"},{"taxonomy":"product_cat","embeddable":true,"href":"https:\/\/www.orentees.com\/pt\/wp-json\/wp\/v2\/product_cat?post=87107"},{"taxonomy":"product_tag","embeddable":true,"href":"https:\/\/www.orentees.com\/pt\/wp-json\/wp\/v2\/product_tag?post=87107"}],"curies":[{"name":"wp","href":"https:\/\/api.w.org\/{rel}","templated":true}]}}