{"id":87115,"date":"2023-03-31T14:25:38","date_gmt":"2023-03-31T12:25:38","guid":{"rendered":"https:\/\/www.orentees.com\/?post_type=product&#038;p=87115"},"modified":"2024-12-04T13:36:48","modified_gmt":"2024-12-04T12:36:48","slug":"location-paire-de-sacoches-de-fourche-zefal-6l","status":"publish","type":"product","link":"https:\/\/www.orentees.com\/pt\/product\/location-paire-de-sacoches-de-fourche-zefal-6l\/","title":{"rendered":"Aluguel de um par de bolsas para garfos Zefal 6L"},"content":{"rendered":"<h3><strong>2 bolsas para garfos ZEFAL 6 LITROS <\/strong><\/h3>\n<p>As bolsas para garfo Zefal s\u00e3o compat\u00edveis com bicicletas 99% com di\u00e2metros entre 16 e 36 mm, com ou sem pinos roscados. A bolsa \u00e9 fixada por tr\u00eas tiras de velcro.<\/p>\n<p>Eles podem armazenar at\u00e9 2,5 kg cada, ou 5 kg para o conjunto inteiro.<\/p>\n<p>Perfeitamente \u00e0 prova d&#039;\u00e1gua, seus pertences permanecer\u00e3o secos.<\/p>\n<p>&nbsp;<\/p>\n<p>&nbsp;<\/p>","protected":false},"excerpt":{"rendered":"<p><strong>Apresenta\u00e7\u00e3o:<\/strong><\/p>\n<p><span id=\"p163\">O par de bolsas para garfo ZEFAL de 6 litros se adapta a quase qualquer bicicleta gra\u00e7as \u00e0s suas al\u00e7as ajust\u00e1veis. <\/span><\/p>\n<p><span id=\"p163\">O Z Adventure Fork Pack pode ser montado em qualquer tipo de garfo, com ou sem inser\u00e7\u00f5es rosqueadas.<\/span><\/p>\n<p>Eles oferecem uma excelente capacidade de carga (2 x 6 litros e 2 x 2,5 kg): ideais para roupas ou equipamentos de bivaque.<\/p>\n<p>Perfeitamente imperme\u00e1vel gra\u00e7as ao seu tecido imperme\u00e1vel e costuras soldadas.<\/p>","protected":false},"featured_media":145079,"template":"","meta":{"_acf_changed":false},"product_brand":[],"product_cat":[3767,3673],"product_tag":[],"class_list":{"0":"post-87115","1":"product","2":"type-product","3":"status-publish","4":"has-post-thumbnail","6":"product_cat-portage-bikepacking","7":"product_cat-location-bikepacking","8":"pa_marque-zefal","9":"pa_modele-z-adventure-fork-pack","11":"first","12":"instock","13":"taxable","14":"shipping-taxable","15":"purchasable","16":"product-type-simple"},"bundled_by":["35993","35997","36000","36036","50795","178911","178917"],"bundle_stock_status":"instock","bundle_stock_quantity":4,"bundle_virtual":false,"bundle_layout":"","bundle_add_to_cart_form_location":"","bundle_editable_in_cart":false,"bundle_sold_individually_context":"","bundle_item_grouping":"","bundle_min_size":"","bundle_max_size":"","bundled_items":[],"bundle_sell_ids":[],"_links":{"self":[{"href":"https:\/\/www.orentees.com\/pt\/wp-json\/wp\/v2\/product\/87115","targetHints":{"allow":["GET"]}}],"collection":[{"href":"https:\/\/www.orentees.com\/pt\/wp-json\/wp\/v2\/product"}],"about":[{"href":"https:\/\/www.orentees.com\/pt\/wp-json\/wp\/v2\/types\/product"}],"version-history":[{"count":2,"href":"https:\/\/www.orentees.com\/pt\/wp-json\/wp\/v2\/product\/87115\/revisions"}],"predecessor-version":[{"id":145109,"href":"https:\/\/www.orentees.com\/pt\/wp-json\/wp\/v2\/product\/87115\/revisions\/145109"}],"wp:featuredmedia":[{"embeddable":true,"href":"https:\/\/www.orentees.com\/pt\/wp-json\/wp\/v2\/media\/145079"}],"wp:attachment":[{"href":"https:\/\/www.orentees.com\/pt\/wp-json\/wp\/v2\/media?parent=87115"}],"wp:term":[{"taxonomy":"product_brand","embeddable":true,"href":"https:\/\/www.orentees.com\/pt\/wp-json\/wp\/v2\/product_brand?post=87115"},{"taxonomy":"product_cat","embeddable":true,"href":"https:\/\/www.orentees.com\/pt\/wp-json\/wp\/v2\/product_cat?post=87115"},{"taxonomy":"product_tag","embeddable":true,"href":"https:\/\/www.orentees.com\/pt\/wp-json\/wp\/v2\/product_tag?post=87115"}],"curies":[{"name":"wp","href":"https:\/\/api.w.org\/{rel}","templated":true}]}}