{"id":87127,"date":"2023-03-31T16:04:40","date_gmt":"2023-03-31T14:04:40","guid":{"rendered":"https:\/\/www.orentees.com\/?post_type=product&#038;p=87127"},"modified":"2024-09-30T18:57:18","modified_gmt":"2024-09-30T16:57:18","slug":"location-duffel-40-l","status":"publish","type":"product","link":"https:\/\/www.orentees.com\/pt\/product\/location-duffel-40-l\/","title":{"rendered":"Aluguel de mochila de 40 L"},"content":{"rendered":"","protected":false},"excerpt":{"rendered":"<p style=\"text-align: left; font-size: 18px;\"><strong>Apresenta\u00e7\u00e3o:<\/strong><\/p>\n<p><span id=\"p163\">A melhor bolsa de viagem, a Duffel de 40L da <strong>ORTLIEB<\/strong> \u00a0\u00e9 \u00e0 prova d&#039;\u00e1gua e ultra-resistente.<\/span><\/p>\n<p><span id=\"p163\">A mochila pode ser usada transversalmente ao corpo ou nas costas gra\u00e7as \u00e0s suas al\u00e7as acolchoadas. As dimens\u00f5es podem ser reduzidas gra\u00e7as \u00e0 al\u00e7a de compress\u00e3o interna.<\/span><\/p>\n<p><span id=\"p163\">Pode ser fechado com um pequeno cabo antirroubo (n\u00e3o fornecido).<\/span><\/p>","protected":false},"featured_media":145153,"template":"","meta":{"_acf_changed":false},"product_brand":[],"product_cat":[3645,3643],"product_tag":[],"class_list":{"0":"post-87127","1":"product","2":"type-product","3":"status-publish","4":"has-post-thumbnail","6":"product_cat-bagagerie-voyage","7":"product_cat-location-equipement-voyage","8":"pa_dimension-55-x-32-x-21-cm","9":"pa_marque-ortlieb","10":"pa_volume-sac-a-dos-en-litre-3999","12":"first","13":"instock","14":"taxable","15":"shipping-taxable","16":"purchasable","17":"product-type-simple"},"bundled_by":["88539","88547","88549"],"bundle_stock_status":"instock","bundle_stock_quantity":1,"bundle_virtual":false,"bundle_layout":"","bundle_add_to_cart_form_location":"","bundle_editable_in_cart":false,"bundle_sold_individually_context":"","bundle_item_grouping":"","bundle_min_size":"","bundle_max_size":"","bundled_items":[],"bundle_sell_ids":[],"_links":{"self":[{"href":"https:\/\/www.orentees.com\/pt\/wp-json\/wp\/v2\/product\/87127","targetHints":{"allow":["GET"]}}],"collection":[{"href":"https:\/\/www.orentees.com\/pt\/wp-json\/wp\/v2\/product"}],"about":[{"href":"https:\/\/www.orentees.com\/pt\/wp-json\/wp\/v2\/types\/product"}],"version-history":[{"count":2,"href":"https:\/\/www.orentees.com\/pt\/wp-json\/wp\/v2\/product\/87127\/revisions"}],"predecessor-version":[{"id":145157,"href":"https:\/\/www.orentees.com\/pt\/wp-json\/wp\/v2\/product\/87127\/revisions\/145157"}],"wp:featuredmedia":[{"embeddable":true,"href":"https:\/\/www.orentees.com\/pt\/wp-json\/wp\/v2\/media\/145153"}],"wp:attachment":[{"href":"https:\/\/www.orentees.com\/pt\/wp-json\/wp\/v2\/media?parent=87127"}],"wp:term":[{"taxonomy":"product_brand","embeddable":true,"href":"https:\/\/www.orentees.com\/pt\/wp-json\/wp\/v2\/product_brand?post=87127"},{"taxonomy":"product_cat","embeddable":true,"href":"https:\/\/www.orentees.com\/pt\/wp-json\/wp\/v2\/product_cat?post=87127"},{"taxonomy":"product_tag","embeddable":true,"href":"https:\/\/www.orentees.com\/pt\/wp-json\/wp\/v2\/product_tag?post=87127"}],"curies":[{"name":"wp","href":"https:\/\/api.w.org\/{rel}","templated":true}]}}