{"id":87137,"date":"2023-03-31T16:33:42","date_gmt":"2023-03-31T14:33:42","guid":{"rendered":"https:\/\/www.orentees.com\/?post_type=product&#038;p=87137"},"modified":"2024-09-30T18:49:12","modified_gmt":"2024-09-30T16:49:12","slug":"location-duffel-60-l","status":"publish","type":"product","link":"https:\/\/www.orentees.com\/pt\/product\/location-duffel-60-l\/","title":{"rendered":"Aluguel de mochila 60 L"},"content":{"rendered":"","protected":false},"excerpt":{"rendered":"<p style=\"text-align: left; font-size: 18px;\"><strong>Apresenta\u00e7\u00e3o:<\/strong><\/p>\n<p><span id=\"p163\">Uma bolsa de viagem com design elegante, a Duffel 60L da <strong>ORTLIEB<\/strong> \u00a0\u00e9 feito de lona de n\u00e1ilon estruturada, o que o torna \u00e0 prova d&#039;\u00e1gua e de poeira.<\/span><\/p>\n<p><span id=\"p163\">A Duffel pode ser usada transversalmente ao corpo ou nas costas gra\u00e7as \u00e0s suas al\u00e7as ergon\u00f4micas.\u00a0<\/span><\/p>\n<p>Sua capacidade de armazenamento de 60L permite que voc\u00ea leve coisas suficientes para v\u00e1rios dias.<\/p>\n<p><span id=\"p163\">Pode ser fechado com um pequeno cabo antirroubo (n\u00e3o fornecido).<\/span><\/p>","protected":false},"featured_media":109783,"template":"","meta":{"_acf_changed":false},"product_brand":[],"product_cat":[3645,3643],"product_tag":[],"class_list":{"0":"post-87137","1":"product","2":"type-product","3":"status-publish","4":"has-post-thumbnail","6":"product_cat-bagagerie-voyage","7":"product_cat-location-equipement-voyage","8":"pa_dimension-58-x-35-x-29-cm","9":"pa_marque-ortlieb","10":"pa_volume-sac-a-dos-en-litre-4001","12":"first","13":"instock","14":"taxable","15":"shipping-taxable","16":"purchasable","17":"product-type-simple"},"bundled_by":["88539","88547","88549"],"bundle_stock_status":"instock","bundle_stock_quantity":1,"bundle_virtual":false,"bundle_layout":"","bundle_add_to_cart_form_location":"","bundle_editable_in_cart":false,"bundle_sold_individually_context":"","bundle_item_grouping":"","bundle_min_size":"","bundle_max_size":"","bundled_items":[],"bundle_sell_ids":[],"_links":{"self":[{"href":"https:\/\/www.orentees.com\/pt\/wp-json\/wp\/v2\/product\/87137","targetHints":{"allow":["GET"]}}],"collection":[{"href":"https:\/\/www.orentees.com\/pt\/wp-json\/wp\/v2\/product"}],"about":[{"href":"https:\/\/www.orentees.com\/pt\/wp-json\/wp\/v2\/types\/product"}],"version-history":[{"count":3,"href":"https:\/\/www.orentees.com\/pt\/wp-json\/wp\/v2\/product\/87137\/revisions"}],"predecessor-version":[{"id":145147,"href":"https:\/\/www.orentees.com\/pt\/wp-json\/wp\/v2\/product\/87137\/revisions\/145147"}],"wp:featuredmedia":[{"embeddable":true,"href":"https:\/\/www.orentees.com\/pt\/wp-json\/wp\/v2\/media\/109783"}],"wp:attachment":[{"href":"https:\/\/www.orentees.com\/pt\/wp-json\/wp\/v2\/media?parent=87137"}],"wp:term":[{"taxonomy":"product_brand","embeddable":true,"href":"https:\/\/www.orentees.com\/pt\/wp-json\/wp\/v2\/product_brand?post=87137"},{"taxonomy":"product_cat","embeddable":true,"href":"https:\/\/www.orentees.com\/pt\/wp-json\/wp\/v2\/product_cat?post=87137"},{"taxonomy":"product_tag","embeddable":true,"href":"https:\/\/www.orentees.com\/pt\/wp-json\/wp\/v2\/product_tag?post=87137"}],"curies":[{"name":"wp","href":"https:\/\/api.w.org\/{rel}","templated":true}]}}