{"id":87177,"date":"2023-03-31T17:41:36","date_gmt":"2023-03-31T15:41:36","guid":{"rendered":"https:\/\/www.orentees.com\/?post_type=product&#038;p=87177"},"modified":"2024-12-04T13:36:48","modified_gmt":"2024-12-04T12:36:48","slug":"location-panneau-solaire-65-watt","status":"publish","type":"product","link":"https:\/\/www.orentees.com\/pt\/product\/location-panneau-solaire-65-watt\/","title":{"rendered":"Aluguel de painel solar, 6,5 watts"},"content":{"rendered":"<h3><strong>Alugue um carregador solar SUNMOOVE de 6,5 watts da Solar Brother.<\/strong><\/h3>\n<p>Ideal para todos os passeios ao ar livre, ele se prende com mosquet\u00f5es \u00e0 sua bicicleta, mochila, caiaque <\/p>","protected":false},"excerpt":{"rendered":"<p style=\"text-align: left; font-size: 18px;\"><strong>Apresenta\u00e7\u00e3o:<\/strong><\/p>\n<p>O painel solar Solar Brother, uma vers\u00e3o menor do modelo de 16 watts, mas igualmente eficiente considerando seu tamanho, oferece uma pot\u00eancia de sa\u00edda de 6,5 watts. Ele pode recarregar um smartphone em 3 horas (sob luz solar plena).<\/p>\n<p>A pot\u00eancia de sa\u00edda \u00e9 de 1300mA, proporcionando uma produ\u00e7\u00e3o de energia de 25 a 35 vezes mais potente que as c\u00e9lulas convencionais.<\/p>\n<p>Ele vem com 2 mosquet\u00f5es para que voc\u00ea possa prend\u00ea-lo a uma mochila ou outro dispositivo de transporte.<\/p>\n<p>Tamb\u00e9m permite recarregar uma bateria durante o dia (alugado separadamente)<\/p>\n<p>O carregador solar \u00e9 compat\u00edvel com todos os cabos de carregamento USB e vem com um cabo USB-C\/Micro USB\/iPhone. Ele pode carregar smartphones, mini c\u00e2meras de a\u00e7\u00e3o, telefones via sat\u00e9lite e outros dispositivos de 5 V.<\/p>\n<p><strong>CUIDADO: O plugue USB n\u00e3o \u00e9 \u00e0 prova d&#039;\u00e1gua, n\u00e3o o deixe na \u00e1gua<\/strong><\/p>\n<p>Dispon\u00edvel somente em pacote.<\/p>\n<hr \/>\n<p style=\"text-align: center;\"><em><strong>Opini\u00e3o de Pierre:<\/strong> \u201cOcupa (quase) nenhum espa\u00e7o e permite recarregar o celular ou a bateria externa durante o dia.\u201d<\/em><em>&#8220;<\/em><\/p>\n<hr \/>\n<p>&nbsp;<\/p>\n<p>&nbsp;<\/p>\n<p><em><span lang=\"fr\" style=\"font-size: 10pt; font-family: Verdana, sans-serif; color: #000000;\" xml:lang=\"fr\">* Foto n\u00e3o contratual<\/span><\/em><\/p>\n<p><span style=\"font-size: 10pt;\"> ** Com base em um aluguel de 8 dias<\/span><\/p>","protected":false},"featured_media":144539,"template":"","meta":{"_acf_changed":false},"product_brand":[],"product_cat":[3051],"product_tag":[],"class_list":{"0":"post-87177","1":"product","2":"type-product","3":"status-publish","4":"has-post-thumbnail","6":"product_cat-accueil","7":"pa_dimension-14-x-40-x-15-cm","8":"pa_marque-solar-brother","9":"pa_poids-190-gr","11":"first","12":"instock","13":"taxable","14":"shipping-taxable","15":"purchasable","16":"product-type-simple"},"bundled_by":["35400","35403","35406","35417","35993","35997","36000","36036","36071","50795","88539","88547","88549","92979","178911","178917","179951","186205"],"bundle_stock_status":"instock","bundle_stock_quantity":6,"bundle_virtual":false,"bundle_layout":"","bundle_add_to_cart_form_location":"","bundle_editable_in_cart":false,"bundle_sold_individually_context":"","bundle_item_grouping":"","bundle_min_size":"","bundle_max_size":"","bundled_items":[],"bundle_sell_ids":[],"_links":{"self":[{"href":"https:\/\/www.orentees.com\/pt\/wp-json\/wp\/v2\/product\/87177","targetHints":{"allow":["GET"]}}],"collection":[{"href":"https:\/\/www.orentees.com\/pt\/wp-json\/wp\/v2\/product"}],"about":[{"href":"https:\/\/www.orentees.com\/pt\/wp-json\/wp\/v2\/types\/product"}],"version-history":[{"count":3,"href":"https:\/\/www.orentees.com\/pt\/wp-json\/wp\/v2\/product\/87177\/revisions"}],"predecessor-version":[{"id":146685,"href":"https:\/\/www.orentees.com\/pt\/wp-json\/wp\/v2\/product\/87177\/revisions\/146685"}],"wp:featuredmedia":[{"embeddable":true,"href":"https:\/\/www.orentees.com\/pt\/wp-json\/wp\/v2\/media\/144539"}],"wp:attachment":[{"href":"https:\/\/www.orentees.com\/pt\/wp-json\/wp\/v2\/media?parent=87177"}],"wp:term":[{"taxonomy":"product_brand","embeddable":true,"href":"https:\/\/www.orentees.com\/pt\/wp-json\/wp\/v2\/product_brand?post=87177"},{"taxonomy":"product_cat","embeddable":true,"href":"https:\/\/www.orentees.com\/pt\/wp-json\/wp\/v2\/product_cat?post=87177"},{"taxonomy":"product_tag","embeddable":true,"href":"https:\/\/www.orentees.com\/pt\/wp-json\/wp\/v2\/product_tag?post=87177"}],"curies":[{"name":"wp","href":"https:\/\/api.w.org\/{rel}","templated":true}]}}