{"id":87325,"date":"2023-04-03T13:07:16","date_gmt":"2023-04-03T11:07:16","guid":{"rendered":"https:\/\/www.orentees.com\/?post_type=product&#038;p=87325"},"modified":"2024-09-30T15:03:03","modified_gmt":"2024-09-30T13:03:03","slug":"location-camera-action-2-dji","status":"publish","type":"product","link":"https:\/\/www.orentees.com\/pt\/product\/location-camera-action-2-dji\/","title":{"rendered":"Aluguel de c\u00e2mera DJI Action 2"},"content":{"rendered":"<h3><strong>Aluguel de pacote de tela dupla DJI Action 2<\/strong><\/h3>\n<p>Para mem\u00f3rias inesquec\u00edveis, a c\u00e2mera de a\u00e7\u00e3o da DJI, mundialmente conhecida por seus drones e outros produtos de v\u00eddeo.<\/p>\n<p><span style=\"text-decoration: underline;\"><strong>Conte\u00fado do Pacote oferecido para loca\u00e7\u00e3o:<\/strong><\/span><br \/>\n\u2013 C\u00e2mera de a\u00e7\u00e3o DJI Action 2<br \/>\n\u2013 M\u00f3dulo de tela sens\u00edvel ao toque frontal DJI Action 2<br \/>\n\u2013 Cabo magn\u00e9tico DJI Action 2<br \/>\n\u2013 Suporte de instala\u00e7\u00e3o articulado magn\u00e9tico DJI Action 2<br \/>\n\u2013 Suporte magn\u00e9tico DJI Action 2<br \/>\n\u2013 Cabo de alimenta\u00e7\u00e3o<br \/>\n\u2013 Caixa \u00e0 prova d\u2019\u00e1gua<br \/>\n\u2013 Al\u00e7a flutuante<\/p>","protected":false},"excerpt":{"rendered":"<p style=\"text-align: left; font-size: 18px;\"><strong>Apresenta\u00e7\u00e3o:<\/strong><\/p>\n<p>O DJI Action 2 Bundle \u00e9 o companheiro perfeito para aventureiros e aventureiros. No cora\u00e7\u00e3o do pacote est\u00e1 a c\u00e2mera DJI Action 2, reconhecida por sua excepcional qualidade de imagem e versatilidade. A adi\u00e7\u00e3o do m\u00f3dulo de tela sens\u00edvel ao toque frontal aprimora a experi\u00eancia, oferecendo duas telas OLED sens\u00edveis ao toque para navega\u00e7\u00e3o f\u00e1cil e selfies sem esfor\u00e7o, al\u00e9m de estender a dura\u00e7\u00e3o da bateria para at\u00e9 160 minutos.<\/p>\n<p><strong>O pacote inclui<\/strong> tamb\u00e9m um <strong>caixa \u00e0 prova d&#039;\u00e1gua<\/strong> capaz de proteger seus equipamentos em at\u00e9 60 metros de profundidade, ideal para explora\u00e7\u00f5es subaqu\u00e1ticas. Com o <strong>suporte magn\u00e9tico<\/strong>, monte sua c\u00e2mera em v\u00e1rias superf\u00edcies para \u00e2ngulos de vis\u00e3o inovadores, enquanto o<strong> al\u00e7a flutuante<\/strong> mant\u00e9m sua c\u00e2mera segura na \u00e1gua, adicionando um toque de praticidade.<\/p>\n<p>O cart\u00e3o microSD de 128 GB incluso garante amplo espa\u00e7o de armazenamento para todas as suas fotos. Este pacote completo oferece uma solu\u00e7\u00e3o robusta e vers\u00e1til para capturar todos os seus momentos de aventura com facilidade e qualidade.<\/p>\n<hr \/>\n<p style=\"text-align: center;\"><em><strong>Opini\u00e3o de Pierre:<\/strong> \u201c\u00d3tima alternativa \u00e0 famosa GoPro. Sua facilidade de uso, aliada \u00e0 qualidade de imagem incompar\u00e1vel, me permite capturar a beleza do momento, onde quer que eu esteja, sem precisar me preocupar com equipamentos.<\/em><em>&#8220;<\/em><\/p>\n<hr \/>\n<p>&nbsp;<\/p>\n<p><em><span lang=\"fr\" style=\"font-size: 10pt; font-family: Verdana, sans-serif; color: #000000;\" xml:lang=\"fr\">* Foto n\u00e3o contratual<\/span><\/em><\/p>\n<p><span style=\"font-size: 10pt;\"> ** Com base em um aluguel de 8 dias<\/span><\/p>","protected":false},"featured_media":144903,"template":"","meta":{"_acf_changed":false},"product_brand":[],"product_cat":[3835],"product_tag":[],"class_list":{"0":"post-87325","1":"product","2":"type-product","3":"status-publish","4":"has-post-thumbnail","6":"product_cat-photo-video-voyage","7":"pa_dimension-20-x-9-x-3-cm","8":"pa_marque-dji","10":"first","11":"instock","12":"taxable","13":"shipping-taxable","14":"purchasable","15":"product-type-simple"},"bundled_by":["88539","88547","88549","92979"],"bundle_stock_status":"instock","bundle_stock_quantity":1,"bundle_virtual":false,"bundle_layout":"","bundle_add_to_cart_form_location":"","bundle_editable_in_cart":false,"bundle_sold_individually_context":"","bundle_item_grouping":"","bundle_min_size":"","bundle_max_size":"","bundled_items":[],"bundle_sell_ids":[],"_links":{"self":[{"href":"https:\/\/www.orentees.com\/pt\/wp-json\/wp\/v2\/product\/87325","targetHints":{"allow":["GET"]}}],"collection":[{"href":"https:\/\/www.orentees.com\/pt\/wp-json\/wp\/v2\/product"}],"about":[{"href":"https:\/\/www.orentees.com\/pt\/wp-json\/wp\/v2\/types\/product"}],"version-history":[{"count":5,"href":"https:\/\/www.orentees.com\/pt\/wp-json\/wp\/v2\/product\/87325\/revisions"}],"predecessor-version":[{"id":144909,"href":"https:\/\/www.orentees.com\/pt\/wp-json\/wp\/v2\/product\/87325\/revisions\/144909"}],"wp:featuredmedia":[{"embeddable":true,"href":"https:\/\/www.orentees.com\/pt\/wp-json\/wp\/v2\/media\/144903"}],"wp:attachment":[{"href":"https:\/\/www.orentees.com\/pt\/wp-json\/wp\/v2\/media?parent=87325"}],"wp:term":[{"taxonomy":"product_brand","embeddable":true,"href":"https:\/\/www.orentees.com\/pt\/wp-json\/wp\/v2\/product_brand?post=87325"},{"taxonomy":"product_cat","embeddable":true,"href":"https:\/\/www.orentees.com\/pt\/wp-json\/wp\/v2\/product_cat?post=87325"},{"taxonomy":"product_tag","embeddable":true,"href":"https:\/\/www.orentees.com\/pt\/wp-json\/wp\/v2\/product_tag?post=87325"}],"curies":[{"name":"wp","href":"https:\/\/api.w.org\/{rel}","templated":true}]}}