{"id":97739,"date":"2023-09-25T13:53:50","date_gmt":"2023-09-25T11:53:50","guid":{"rendered":"https:\/\/www.orentees.com\/?post_type=product&#038;p=97739"},"modified":"2025-01-13T22:42:37","modified_gmt":"2025-01-13T21:42:37","slug":"location-veste-ski-homme-sunvalley-darkyl-camel","status":"publish","type":"product","link":"https:\/\/www.orentees.com\/pt\/product\/location-veste-ski-homme-sunvalley-darkyl-camel\/","title":{"rendered":"ALUGUEL DE JAQUETA DE ESQUI SUNVALLEY DARKYL CAMEL MASCULINA"},"content":{"rendered":"","protected":false},"excerpt":{"rendered":"<p style=\"text-align: left; font-size: 18px;\"><strong>Apresenta\u00e7\u00e3o<\/strong><\/p>\n<p>Seja a estrela dos cumes com a jaqueta DARKYL da<strong> VALE DO SOL<\/strong> ! Uma maravilha francesa projetada para lhe oferecer uma <strong>liberdade total<\/strong> nas montanhas. Seu design engenhoso oferece as vantagens de uma jaqueta de 3 camadas, ao mesmo tempo em que proporciona isolamento direcionado em \u00e1reas sens\u00edveis. Gra\u00e7as \u00e0 sua <strong>costuras seladas<\/strong> , seu tratamento repelente \u00e0 \u00e1gua Teflon\u00ae EcoEliteTM e seu tecido <strong>imperme\u00e1vel<\/strong> de <strong>15 mil<\/strong>, mesmo sob a chuva mais intensa, mantenha-se calmo e seco. E com seus in\u00fameros bolsos, z\u00edperes de ventila\u00e7\u00e3o refrescantes e capuz ajust\u00e1vel, a DARKYL tem muitos truques para tornar suas escapadas na montanha inesquec\u00edveis.<\/p>\n<h3 style=\"font-size: 23px; font-weight: 600;\">Benef\u00edcios<\/h3>\n<table style=\"text-align: center; vertical-align: middle; border-color: #c8d4d0;\" border=\"1\">\n<tbody>\n<tr>\n<th>Aquecer<\/th>\n<th>Impermeabilidade<\/th>\n<th>Respirabilidade<\/th>\n<th>Nota Ecol\u00f3gica<\/th>\n<\/tr>\n<tr style=\"font-size: 1.1em; color: #f59f40;\">\n<td>\u25cf\u25cf\u25cb\u25cb\u25cb<\/td>\n<td>\u25cf\u25cf\u25cf\u25cf\u25cb<\/td>\n<td>\u25cf\u25cf\u25cf\u25cf\u25cb<\/td>\n<td>\u25cf\u25cf\u25cf\u25cf\u25cb<\/td>\n<\/tr>\n<\/tbody>\n<\/table>\n<p><em>Nota: Verifique o guia de tamanhos com aten\u00e7\u00e3o, o Sun Valley tende a cortar bem pr\u00f3ximo ao corpo<\/em><\/p>\n<hr \/>","protected":false},"featured_media":134597,"template":"","meta":{"_acf_changed":false},"product_brand":[],"product_cat":[3055,4187,1925],"product_tag":[],"class_list":{"0":"post-97739","1":"product","2":"type-product","3":"status-publish","4":"has-post-thumbnail","6":"product_cat-location-vetement-de-ski","7":"product_cat-location-vetement-ski-sun-valley","8":"product_cat-homme","9":"pa_caution-en-eur-1253","10":"pa_couleur-veste-bleu-fonce","11":"pa_couleur-veste-camel","12":"pa_coupe-veste-regular","13":"pa_genre-homme","14":"pa_impermeabilite-15000-mm","15":"pa_marque-sunvalley","16":"pa_respirabilite-20000-gr-m2","17":"pa_taille-s","18":"pa_taille-m","19":"pa_taille-l","20":"pa_taille-xl","21":"pa_type-produit-veste-de-ski","23":"first","24":"instock","25":"sale","26":"virtual","27":"taxable","28":"purchasable","29":"product-type-bundle"},"bundled_by":[],"bundle_stock_status":"instock","bundle_stock_quantity":11,"bundle_virtual":false,"bundle_layout":"default","bundle_add_to_cart_form_location":"default","bundle_editable_in_cart":false,"bundle_sold_individually_context":"product","bundle_item_grouping":"parent","bundle_min_size":"","bundle_max_size":"","bundled_items":[{"bundled_item_id":22141,"product_id":97741,"menu_order":0,"quantity_min":1,"quantity_max":1,"quantity_default":1,"priced_individually":true,"shipped_individually":false,"override_title":true,"title":"Jaqueta","override_description":true,"description":"Escolha o tamanho:","optional":false,"hide_thumbnail":false,"discount":"40","override_variations":false,"allowed_variations":[],"override_default_variation_attributes":false,"default_variation_attributes":[],"single_product_visibility":"visible","cart_visibility":"visible","order_visibility":"visible","single_product_price_visibility":"visible","cart_price_visibility":"visible","order_price_visibility":"visible","stock_status":"in_stock"},{"bundled_item_id":22143,"product_id":33226,"menu_order":1,"quantity_min":1,"quantity_max":1,"quantity_default":1,"priced_individually":true,"shipped_individually":false,"override_title":true,"title":"Segunda camada de l\u00e3 polar - MILHO-MI\u00daDO -","override_description":false,"description":"16 \u20ac \/ location","optional":true,"hide_thumbnail":false,"discount":"","override_variations":false,"allowed_variations":[],"override_default_variation_attributes":false,"default_variation_attributes":[],"single_product_visibility":"visible","cart_visibility":"visible","order_visibility":"visible","single_product_price_visibility":"hidden","cart_price_visibility":"hidden","order_price_visibility":"hidden","stock_status":"in_stock"},{"bundled_item_id":22145,"product_id":32868,"menu_order":2,"quantity_min":1,"quantity_max":1,"quantity_default":1,"priced_individually":true,"shipped_individually":false,"override_title":true,"title":"M\u00e1scara de esqui \/ \u00d3culos de prote\u00e7\u00e3o -JULBO-","override_description":false,"description":"16 \u20ac \/ location","optional":true,"hide_thumbnail":false,"discount":"","override_variations":false,"allowed_variations":[],"override_default_variation_attributes":false,"default_variation_attributes":[],"single_product_visibility":"visible","cart_visibility":"visible","order_visibility":"visible","single_product_price_visibility":"hidden","cart_price_visibility":"hidden","order_price_visibility":"hidden","stock_status":"in_stock"},{"bundled_item_id":22147,"product_id":30102,"menu_order":3,"quantity_min":1,"quantity_max":1,"quantity_default":1,"priced_individually":true,"shipped_individually":false,"override_title":true,"title":"Luvas - RACER -","override_description":false,"description":"16 \u20ac \/ location","optional":true,"hide_thumbnail":false,"discount":"","override_variations":false,"allowed_variations":[],"override_default_variation_attributes":false,"default_variation_attributes":[],"single_product_visibility":"visible","cart_visibility":"visible","order_visibility":"visible","single_product_price_visibility":"hidden","cart_price_visibility":"hidden","order_price_visibility":"hidden","stock_status":"in_stock"},{"bundled_item_id":22149,"product_id":33243,"menu_order":4,"quantity_min":1,"quantity_max":2,"quantity_default":1,"priced_individually":true,"shipped_individually":false,"override_title":true,"title":"Camiseta Active Wam ML - ODLO -","override_description":false,"description":"16 \u20ac \/ location","optional":true,"hide_thumbnail":false,"discount":"","override_variations":false,"allowed_variations":[],"override_default_variation_attributes":false,"default_variation_attributes":[],"single_product_visibility":"visible","cart_visibility":"visible","order_visibility":"visible","single_product_price_visibility":"hidden","cart_price_visibility":"hidden","order_price_visibility":"hidden","stock_status":"in_stock"},{"bundled_item_id":22151,"product_id":33325,"menu_order":5,"quantity_min":1,"quantity_max":3,"quantity_default":1,"priced_individually":true,"shipped_individually":false,"override_title":true,"title":"Meias de esqui - MONNET -","override_description":false,"description":"6 \u20ac \/ aluguer","optional":true,"hide_thumbnail":false,"discount":"","override_variations":false,"allowed_variations":[],"override_default_variation_attributes":false,"default_variation_attributes":[],"single_product_visibility":"visible","cart_visibility":"visible","order_visibility":"visible","single_product_price_visibility":"hidden","cart_price_visibility":"hidden","order_price_visibility":"hidden","stock_status":"in_stock"},{"bundled_item_id":22153,"product_id":29962,"menu_order":6,"quantity_min":1,"quantity_max":1,"quantity_default":1,"priced_individually":true,"shipped_individually":false,"override_title":true,"title":"Apr\u00e8s-ski \/ Botas de neve - SOREL -","override_description":false,"description":"36 \u20ac \/ location","optional":true,"hide_thumbnail":false,"discount":"","override_variations":false,"allowed_variations":[],"override_default_variation_attributes":false,"default_variation_attributes":[],"single_product_visibility":"visible","cart_visibility":"visible","order_visibility":"visible","single_product_price_visibility":"hidden","cart_price_visibility":"hidden","order_price_visibility":"hidden","stock_status":"in_stock"},{"bundled_item_id":22155,"product_id":31106,"menu_order":7,"quantity_min":1,"quantity_max":1,"quantity_default":1,"priced_individually":true,"shipped_individually":true,"override_title":false,"title":"ASSURANCE ANNULATION (+5 \u20ac)","override_description":false,"description":"","optional":true,"hide_thumbnail":true,"discount":"","override_variations":false,"allowed_variations":[],"override_default_variation_attributes":false,"default_variation_attributes":[],"single_product_visibility":"visible","cart_visibility":"visible","order_visibility":"visible","single_product_price_visibility":"hidden","cart_price_visibility":"hidden","order_price_visibility":"hidden","stock_status":"in_stock"},{"bundled_item_id":22157,"product_id":31104,"menu_order":8,"quantity_min":1,"quantity_max":1,"quantity_default":1,"priced_individually":true,"shipped_individually":true,"override_title":false,"title":"ASSURANCE TRANQUILIT\u00c9 (+5 \u20ac)","override_description":false,"description":"","optional":true,"hide_thumbnail":true,"discount":"","override_variations":false,"allowed_variations":[],"override_default_variation_attributes":false,"default_variation_attributes":[],"single_product_visibility":"visible","cart_visibility":"visible","order_visibility":"visible","single_product_price_visibility":"hidden","cart_price_visibility":"hidden","order_price_visibility":"hidden","stock_status":"in_stock"}],"bundle_sell_ids":[],"_links":{"self":[{"href":"https:\/\/www.orentees.com\/pt\/wp-json\/wp\/v2\/product\/97739","targetHints":{"allow":["GET"]}}],"collection":[{"href":"https:\/\/www.orentees.com\/pt\/wp-json\/wp\/v2\/product"}],"about":[{"href":"https:\/\/www.orentees.com\/pt\/wp-json\/wp\/v2\/types\/product"}],"version-history":[{"count":7,"href":"https:\/\/www.orentees.com\/pt\/wp-json\/wp\/v2\/product\/97739\/revisions"}],"predecessor-version":[{"id":145313,"href":"https:\/\/www.orentees.com\/pt\/wp-json\/wp\/v2\/product\/97739\/revisions\/145313"}],"wp:featuredmedia":[{"embeddable":true,"href":"https:\/\/www.orentees.com\/pt\/wp-json\/wp\/v2\/media\/134597"}],"wp:attachment":[{"href":"https:\/\/www.orentees.com\/pt\/wp-json\/wp\/v2\/media?parent=97739"}],"wp:term":[{"taxonomy":"product_brand","embeddable":true,"href":"https:\/\/www.orentees.com\/pt\/wp-json\/wp\/v2\/product_brand?post=97739"},{"taxonomy":"product_cat","embeddable":true,"href":"https:\/\/www.orentees.com\/pt\/wp-json\/wp\/v2\/product_cat?post=97739"},{"taxonomy":"product_tag","embeddable":true,"href":"https:\/\/www.orentees.com\/pt\/wp-json\/wp\/v2\/product_tag?post=97739"}],"curies":[{"name":"wp","href":"https:\/\/api.w.org\/{rel}","templated":true}]}}