{"id":98111,"date":"2023-09-26T19:00:00","date_gmt":"2023-09-26T17:00:00","guid":{"rendered":"https:\/\/www.orentees.com\/?post_type=product&#038;p=98111"},"modified":"2025-01-13T22:42:48","modified_gmt":"2025-01-13T21:42:48","slug":"location-pantalon-ski-femme-rossignol-ski-pant-noir","status":"publish","type":"product","link":"https:\/\/www.orentees.com\/pt\/product\/location-pantalon-ski-femme-rossignol-ski-pant-noir\/","title":{"rendered":"CAL\u00c7AS DE ESQUI ROSSIGNOL CAL\u00c7AS DE ESQUI PRETAS FEMININAS PARA ALUGUEL"},"content":{"rendered":"","protected":false},"excerpt":{"rendered":"<p style=\"text-align: left; font-size: 18px;\"><strong>Apresenta\u00e7\u00e3o<\/strong><\/p>\n<p>Apresentamos as cal\u00e7as de esqui que completam o seu visual nas pistas: a Rossignol &quot;SKI PANT&quot; em preto chique! Projetadas para serem suas aliadas perfeitas em todas as condi\u00e7\u00f5es clim\u00e1ticas, estas cal\u00e7as oferecem respirabilidade e impermeabilidade 20K. Assim, voc\u00ea pode dizer adeus \u00e0s sensa\u00e7\u00f5es desagrad\u00e1veis de umidade ou frio.<\/p>\n<hr \/>","protected":false},"featured_media":134903,"template":"","meta":{"_acf_changed":false},"product_brand":[],"product_cat":[4185,3055,3439],"product_tag":[],"class_list":{"0":"post-98111","1":"product","2":"type-product","3":"status-publish","4":"has-post-thumbnail","6":"product_cat-location-vetement-ski-rossignol","7":"product_cat-location-vetement-de-ski","8":"product_cat-femme","9":"pa_caution-en-eur-1253","10":"pa_couleur-pantalon-noir","11":"pa_coupe-pantalon-regular","12":"pa_genre-femme","13":"pa_impermeabilite-20000-mm","14":"pa_marque-rossignol","15":"pa_respirabilite-20000-gr-m2","16":"pa_taille-xs","17":"pa_taille-s","18":"pa_taille-m","19":"pa_taille-l","20":"pa_taille-xl","21":"pa_taille-2xl","22":"pa_type-produit-pantalon-de-ski","24":"first","25":"instock","26":"sale","27":"virtual","28":"taxable","29":"purchasable","30":"product-type-bundle"},"bundled_by":[],"bundle_stock_status":"instock","bundle_stock_quantity":26,"bundle_virtual":false,"bundle_layout":"default","bundle_add_to_cart_form_location":"default","bundle_editable_in_cart":false,"bundle_sold_individually_context":"product","bundle_item_grouping":"parent","bundle_min_size":"","bundle_max_size":"","bundled_items":[{"bundled_item_id":22479,"product_id":98039,"menu_order":0,"quantity_min":1,"quantity_max":1,"quantity_default":1,"priced_individually":true,"shipped_individually":false,"override_title":true,"title":"Cal\u00e7a","override_description":true,"description":"Escolha o tamanho","optional":false,"hide_thumbnail":false,"discount":"40","override_variations":false,"allowed_variations":[],"override_default_variation_attributes":false,"default_variation_attributes":[],"single_product_visibility":"visible","cart_visibility":"visible","order_visibility":"visible","single_product_price_visibility":"hidden","cart_price_visibility":"hidden","order_price_visibility":"hidden","stock_status":"in_stock"},{"bundled_item_id":22481,"product_id":33234,"menu_order":1,"quantity_min":1,"quantity_max":1,"quantity_default":1,"priced_individually":true,"shipped_individually":false,"override_title":true,"title":"Segunda camada de l\u00e3 polar - MILHO-MI\u00daDO -","override_description":false,"description":"16 \u20ac \/ location","optional":true,"hide_thumbnail":false,"discount":"","override_variations":false,"allowed_variations":[],"override_default_variation_attributes":false,"default_variation_attributes":[],"single_product_visibility":"visible","cart_visibility":"visible","order_visibility":"visible","single_product_price_visibility":"hidden","cart_price_visibility":"hidden","order_price_visibility":"hidden","stock_status":"in_stock"},{"bundled_item_id":22483,"product_id":32868,"menu_order":2,"quantity_min":1,"quantity_max":1,"quantity_default":1,"priced_individually":true,"shipped_individually":false,"override_title":true,"title":"M\u00e1scara de esqui \/ \u00d3culos de prote\u00e7\u00e3o -JULBO-","override_description":false,"description":"16 \u20ac \/ location","optional":true,"hide_thumbnail":false,"discount":"","override_variations":false,"allowed_variations":[],"override_default_variation_attributes":false,"default_variation_attributes":[],"single_product_visibility":"visible","cart_visibility":"visible","order_visibility":"visible","single_product_price_visibility":"hidden","cart_price_visibility":"hidden","order_price_visibility":"hidden","stock_status":"in_stock"},{"bundled_item_id":22485,"product_id":30100,"menu_order":3,"quantity_min":1,"quantity_max":1,"quantity_default":1,"priced_individually":true,"shipped_individually":false,"override_title":true,"title":"Luvas - RACER -","override_description":false,"description":"16 \u20ac \/ location","optional":true,"hide_thumbnail":false,"discount":"","override_variations":false,"allowed_variations":[],"override_default_variation_attributes":false,"default_variation_attributes":[],"single_product_visibility":"visible","cart_visibility":"visible","order_visibility":"visible","single_product_price_visibility":"hidden","cart_price_visibility":"hidden","order_price_visibility":"hidden","stock_status":"in_stock"},{"bundled_item_id":22487,"product_id":75247,"menu_order":4,"quantity_min":1,"quantity_max":1,"quantity_default":1,"priced_individually":true,"shipped_individually":false,"override_title":true,"title":"aquecedor de pesco\u00e7o","override_description":false,"description":"6 \u20ac \/ aluguer","optional":true,"hide_thumbnail":false,"discount":"","override_variations":false,"allowed_variations":[],"override_default_variation_attributes":false,"default_variation_attributes":[],"single_product_visibility":"visible","cart_visibility":"visible","order_visibility":"visible","single_product_price_visibility":"hidden","cart_price_visibility":"hidden","order_price_visibility":"hidden","stock_status":"in_stock"},{"bundled_item_id":22489,"product_id":33267,"menu_order":5,"quantity_min":1,"quantity_max":2,"quantity_default":1,"priced_individually":true,"shipped_individually":false,"override_title":true,"title":"Camiseta Active Wam ML - ODLO -","override_description":false,"description":"16 \u20ac \/ location","optional":true,"hide_thumbnail":false,"discount":"","override_variations":false,"allowed_variations":[],"override_default_variation_attributes":false,"default_variation_attributes":[],"single_product_visibility":"visible","cart_visibility":"visible","order_visibility":"visible","single_product_price_visibility":"hidden","cart_price_visibility":"hidden","order_price_visibility":"hidden","stock_status":"in_stock"},{"bundled_item_id":22491,"product_id":33277,"menu_order":6,"quantity_min":1,"quantity_max":2,"quantity_default":1,"priced_individually":true,"shipped_individually":false,"override_title":true,"title":"Cal\u00e7as compridas \/ Cal\u00e7as t\u00e9rmicas Active Wam - ODLO -","override_description":false,"description":"16 \u20ac \/ location","optional":true,"hide_thumbnail":false,"discount":"","override_variations":false,"allowed_variations":[],"override_default_variation_attributes":false,"default_variation_attributes":[],"single_product_visibility":"visible","cart_visibility":"visible","order_visibility":"visible","single_product_price_visibility":"hidden","cart_price_visibility":"hidden","order_price_visibility":"hidden","stock_status":"in_stock"},{"bundled_item_id":22493,"product_id":33325,"menu_order":7,"quantity_min":1,"quantity_max":3,"quantity_default":1,"priced_individually":true,"shipped_individually":false,"override_title":true,"title":"Meias de esqui - MONNET -","override_description":false,"description":"6 \u20ac \/ aluguer","optional":true,"hide_thumbnail":false,"discount":"","override_variations":false,"allowed_variations":[],"override_default_variation_attributes":false,"default_variation_attributes":[],"single_product_visibility":"visible","cart_visibility":"visible","order_visibility":"visible","single_product_price_visibility":"hidden","cart_price_visibility":"hidden","order_price_visibility":"visible","stock_status":"in_stock"},{"bundled_item_id":22495,"product_id":29974,"menu_order":8,"quantity_min":1,"quantity_max":1,"quantity_default":1,"priced_individually":true,"shipped_individually":false,"override_title":true,"title":"Apr\u00e8s-ski \/ Botas de neve - SOREL -","override_description":false,"description":"36 \u20ac \/ location","optional":true,"hide_thumbnail":false,"discount":"","override_variations":false,"allowed_variations":[],"override_default_variation_attributes":false,"default_variation_attributes":[],"single_product_visibility":"visible","cart_visibility":"visible","order_visibility":"visible","single_product_price_visibility":"hidden","cart_price_visibility":"hidden","order_price_visibility":"hidden","stock_status":"in_stock"},{"bundled_item_id":22497,"product_id":31106,"menu_order":9,"quantity_min":1,"quantity_max":1,"quantity_default":1,"priced_individually":true,"shipped_individually":true,"override_title":false,"title":"ASSURANCE ANNULATION (+5 \u20ac)","override_description":false,"description":"","optional":true,"hide_thumbnail":true,"discount":"","override_variations":false,"allowed_variations":[],"override_default_variation_attributes":false,"default_variation_attributes":[],"single_product_visibility":"visible","cart_visibility":"visible","order_visibility":"visible","single_product_price_visibility":"hidden","cart_price_visibility":"hidden","order_price_visibility":"hidden","stock_status":"in_stock"},{"bundled_item_id":22499,"product_id":31104,"menu_order":10,"quantity_min":1,"quantity_max":1,"quantity_default":1,"priced_individually":true,"shipped_individually":true,"override_title":false,"title":"ASSURANCE TRANQUILIT\u00c9 (+5 \u20ac)","override_description":false,"description":"","optional":true,"hide_thumbnail":true,"discount":"","override_variations":false,"allowed_variations":[],"override_default_variation_attributes":false,"default_variation_attributes":[],"single_product_visibility":"visible","cart_visibility":"visible","order_visibility":"visible","single_product_price_visibility":"hidden","cart_price_visibility":"hidden","order_price_visibility":"hidden","stock_status":"in_stock"}],"bundle_sell_ids":[],"_links":{"self":[{"href":"https:\/\/www.orentees.com\/pt\/wp-json\/wp\/v2\/product\/98111","targetHints":{"allow":["GET"]}}],"collection":[{"href":"https:\/\/www.orentees.com\/pt\/wp-json\/wp\/v2\/product"}],"about":[{"href":"https:\/\/www.orentees.com\/pt\/wp-json\/wp\/v2\/types\/product"}],"version-history":[{"count":7,"href":"https:\/\/www.orentees.com\/pt\/wp-json\/wp\/v2\/product\/98111\/revisions"}],"predecessor-version":[{"id":145249,"href":"https:\/\/www.orentees.com\/pt\/wp-json\/wp\/v2\/product\/98111\/revisions\/145249"}],"wp:featuredmedia":[{"embeddable":true,"href":"https:\/\/www.orentees.com\/pt\/wp-json\/wp\/v2\/media\/134903"}],"wp:attachment":[{"href":"https:\/\/www.orentees.com\/pt\/wp-json\/wp\/v2\/media?parent=98111"}],"wp:term":[{"taxonomy":"product_brand","embeddable":true,"href":"https:\/\/www.orentees.com\/pt\/wp-json\/wp\/v2\/product_brand?post=98111"},{"taxonomy":"product_cat","embeddable":true,"href":"https:\/\/www.orentees.com\/pt\/wp-json\/wp\/v2\/product_cat?post=98111"},{"taxonomy":"product_tag","embeddable":true,"href":"https:\/\/www.orentees.com\/pt\/wp-json\/wp\/v2\/product_tag?post=98111"}],"curies":[{"name":"wp","href":"https:\/\/api.w.org\/{rel}","templated":true}]}}