{"id":98515,"date":"2023-09-27T17:21:00","date_gmt":"2023-09-27T15:21:00","guid":{"rendered":"https:\/\/www.orentees.com\/?post_type=product&#038;p=98515"},"modified":"2025-01-13T22:43:02","modified_gmt":"2025-01-13T21:43:02","slug":"location-pantalon-ski-homme-rossignol-dark-navy","status":"publish","type":"product","link":"https:\/\/www.orentees.com\/pt\/product\/location-pantalon-ski-homme-rossignol-dark-navy\/","title":{"rendered":"CAL\u00c7AS DE ESQUI MASCULINAS ROSSIGNOL DARK NAVY PARA ALUGUEL"},"content":{"rendered":"","protected":false},"excerpt":{"rendered":"<p style=\"text-align: left; font-size: 18px;\"><strong>Apresenta\u00e7\u00e3o:<\/strong><\/p>\n<p>\u00c9 hora de atualizar. Esque\u00e7a as cal\u00e7as de esqui baratas que te faziam tremer. Apresentamos a Cal\u00e7a de Esqui Rossignol. Seu visual azul-escuro \u00e9 t\u00e3o sofisticado quanto voc\u00ea. Projetada para quem n\u00e3o abre m\u00e3o da qualidade, esta cal\u00e7a \u00e9 o Rolls-Royce das roupas de esqui. Ela n\u00e3o s\u00f3 mant\u00e9m voc\u00ea aquecido com seu isolamento Primaloft\u00ae 100 % reciclado, como tamb\u00e9m resiste aos piores caprichos do clima com sua membrana imperme\u00e1vel e respir\u00e1vel 20.000\/20.000. Assim, voc\u00ea pode subir as encostas ou sair das pistas com confian\u00e7a. E para quem gosta de ajustar o estilo, esta cal\u00e7a vem com suspens\u00f3rios remov\u00edveis e c\u00f3s ajust\u00e1vel. Ent\u00e3o, voc\u00ea est\u00e1 pronto para conquistar as montanhas?<\/p>\n<hr \/>","protected":false},"featured_media":135465,"template":"","meta":{"_acf_changed":false},"product_brand":[],"product_cat":[3055,4185,1925],"product_tag":[],"class_list":{"0":"post-98515","1":"product","2":"type-product","3":"status-publish","4":"has-post-thumbnail","6":"product_cat-location-vetement-de-ski","7":"product_cat-location-vetement-ski-rossignol","8":"product_cat-homme","9":"pa_caution-en-eur-1235","10":"pa_couleur-pantalon-bleu-marine","11":"pa_coupe-pantalon-regular","12":"pa_genre-homme","13":"pa_impermeabilite-20000-mm","14":"pa_marque-rossignol","15":"pa_respirabilite-15000-gr-m2","16":"pa_taille-xs","17":"pa_taille-s","18":"pa_taille-m","19":"pa_taille-l","20":"pa_taille-xl","21":"pa_taille-2xl","22":"pa_taille-3xl","23":"pa_type-produit-pantalon-de-ski","25":"first","26":"instock","27":"sale","28":"virtual","29":"taxable","30":"purchasable","31":"product-type-bundle"},"bundled_by":[],"bundle_stock_status":"instock","bundle_stock_quantity":30,"bundle_virtual":false,"bundle_layout":"default","bundle_add_to_cart_form_location":"default","bundle_editable_in_cart":false,"bundle_sold_individually_context":"product","bundle_item_grouping":"parent","bundle_min_size":"","bundle_max_size":"","bundled_items":[{"bundled_item_id":22815,"product_id":98455,"menu_order":0,"quantity_min":1,"quantity_max":1,"quantity_default":1,"priced_individually":true,"shipped_individually":false,"override_title":true,"title":"Cal\u00e7a","override_description":true,"description":"Escolha o tamanho:","optional":false,"hide_thumbnail":false,"discount":"40","override_variations":false,"allowed_variations":[],"override_default_variation_attributes":false,"default_variation_attributes":[],"single_product_visibility":"visible","cart_visibility":"visible","order_visibility":"visible","single_product_price_visibility":"hidden","cart_price_visibility":"hidden","order_price_visibility":"hidden","stock_status":"in_stock"},{"bundled_item_id":22817,"product_id":32868,"menu_order":1,"quantity_min":1,"quantity_max":1,"quantity_default":1,"priced_individually":true,"shipped_individually":false,"override_title":true,"title":"M\u00e1scara de esqui \/ \u00d3culos de prote\u00e7\u00e3o -JULBO-","override_description":false,"description":"16 \u20ac \/ location","optional":true,"hide_thumbnail":false,"discount":"","override_variations":false,"allowed_variations":[],"override_default_variation_attributes":false,"default_variation_attributes":[],"single_product_visibility":"visible","cart_visibility":"visible","order_visibility":"visible","single_product_price_visibility":"hidden","cart_price_visibility":"hidden","order_price_visibility":"hidden","stock_status":"in_stock"},{"bundled_item_id":22819,"product_id":30102,"menu_order":2,"quantity_min":1,"quantity_max":1,"quantity_default":1,"priced_individually":true,"shipped_individually":false,"override_title":true,"title":"Luvas - RACER -","override_description":false,"description":"16 \u20ac \/ location","optional":true,"hide_thumbnail":false,"discount":"","override_variations":false,"allowed_variations":[],"override_default_variation_attributes":false,"default_variation_attributes":[],"single_product_visibility":"visible","cart_visibility":"visible","order_visibility":"visible","single_product_price_visibility":"hidden","cart_price_visibility":"hidden","order_price_visibility":"hidden","stock_status":"in_stock"},{"bundled_item_id":22821,"product_id":75247,"menu_order":3,"quantity_min":1,"quantity_max":1,"quantity_default":1,"priced_individually":true,"shipped_individually":false,"override_title":true,"title":"aquecedor de pesco\u00e7o","override_description":false,"description":"6 \u20ac \/ aluguer","optional":true,"hide_thumbnail":false,"discount":"","override_variations":false,"allowed_variations":[],"override_default_variation_attributes":false,"default_variation_attributes":[],"single_product_visibility":"visible","cart_visibility":"visible","order_visibility":"visible","single_product_price_visibility":"hidden","cart_price_visibility":"hidden","order_price_visibility":"hidden","stock_status":"in_stock"},{"bundled_item_id":22823,"product_id":33258,"menu_order":4,"quantity_min":1,"quantity_max":2,"quantity_default":1,"priced_individually":true,"shipped_individually":false,"override_title":true,"title":"Cal\u00e7as compridas \/ Cal\u00e7as t\u00e9rmicas Active Wam - ODLO -","override_description":false,"description":"16 \u20ac \/ location","optional":true,"hide_thumbnail":false,"discount":"","override_variations":false,"allowed_variations":[],"override_default_variation_attributes":false,"default_variation_attributes":[],"single_product_visibility":"visible","cart_visibility":"visible","order_visibility":"visible","single_product_price_visibility":"hidden","cart_price_visibility":"hidden","order_price_visibility":"hidden","stock_status":"in_stock"},{"bundled_item_id":22825,"product_id":33325,"menu_order":5,"quantity_min":1,"quantity_max":3,"quantity_default":1,"priced_individually":true,"shipped_individually":false,"override_title":true,"title":"Meias de esqui - MONNET -","override_description":false,"description":"6 \u20ac \/ aluguer","optional":true,"hide_thumbnail":false,"discount":"","override_variations":false,"allowed_variations":[],"override_default_variation_attributes":false,"default_variation_attributes":[],"single_product_visibility":"visible","cart_visibility":"visible","order_visibility":"visible","single_product_price_visibility":"hidden","cart_price_visibility":"hidden","order_price_visibility":"hidden","stock_status":"in_stock"},{"bundled_item_id":22827,"product_id":29962,"menu_order":6,"quantity_min":1,"quantity_max":1,"quantity_default":1,"priced_individually":true,"shipped_individually":false,"override_title":true,"title":"Apr\u00e8s-ski \/ Botas de neve - SOREL -","override_description":false,"description":"36 \u20ac \/ location","optional":true,"hide_thumbnail":false,"discount":"","override_variations":false,"allowed_variations":[],"override_default_variation_attributes":false,"default_variation_attributes":[],"single_product_visibility":"visible","cart_visibility":"visible","order_visibility":"visible","single_product_price_visibility":"hidden","cart_price_visibility":"hidden","order_price_visibility":"hidden","stock_status":"in_stock"},{"bundled_item_id":22829,"product_id":31106,"menu_order":7,"quantity_min":1,"quantity_max":1,"quantity_default":1,"priced_individually":true,"shipped_individually":true,"override_title":false,"title":"ASSURANCE ANNULATION (+5 \u20ac)","override_description":false,"description":"","optional":true,"hide_thumbnail":true,"discount":"","override_variations":false,"allowed_variations":[],"override_default_variation_attributes":false,"default_variation_attributes":[],"single_product_visibility":"visible","cart_visibility":"visible","order_visibility":"visible","single_product_price_visibility":"hidden","cart_price_visibility":"hidden","order_price_visibility":"hidden","stock_status":"in_stock"},{"bundled_item_id":22831,"product_id":31104,"menu_order":8,"quantity_min":1,"quantity_max":1,"quantity_default":1,"priced_individually":true,"shipped_individually":true,"override_title":false,"title":"ASSURANCE TRANQUILIT\u00c9 (+5 \u20ac)","override_description":false,"description":"","optional":true,"hide_thumbnail":true,"discount":"","override_variations":false,"allowed_variations":[],"override_default_variation_attributes":false,"default_variation_attributes":[],"single_product_visibility":"visible","cart_visibility":"visible","order_visibility":"visible","single_product_price_visibility":"hidden","cart_price_visibility":"hidden","order_price_visibility":"hidden","stock_status":"in_stock"}],"bundle_sell_ids":[],"_links":{"self":[{"href":"https:\/\/www.orentees.com\/pt\/wp-json\/wp\/v2\/product\/98515","targetHints":{"allow":["GET"]}}],"collection":[{"href":"https:\/\/www.orentees.com\/pt\/wp-json\/wp\/v2\/product"}],"about":[{"href":"https:\/\/www.orentees.com\/pt\/wp-json\/wp\/v2\/types\/product"}],"version-history":[{"count":8,"href":"https:\/\/www.orentees.com\/pt\/wp-json\/wp\/v2\/product\/98515\/revisions"}],"predecessor-version":[{"id":145377,"href":"https:\/\/www.orentees.com\/pt\/wp-json\/wp\/v2\/product\/98515\/revisions\/145377"}],"wp:featuredmedia":[{"embeddable":true,"href":"https:\/\/www.orentees.com\/pt\/wp-json\/wp\/v2\/media\/135465"}],"wp:attachment":[{"href":"https:\/\/www.orentees.com\/pt\/wp-json\/wp\/v2\/media?parent=98515"}],"wp:term":[{"taxonomy":"product_brand","embeddable":true,"href":"https:\/\/www.orentees.com\/pt\/wp-json\/wp\/v2\/product_brand?post=98515"},{"taxonomy":"product_cat","embeddable":true,"href":"https:\/\/www.orentees.com\/pt\/wp-json\/wp\/v2\/product_cat?post=98515"},{"taxonomy":"product_tag","embeddable":true,"href":"https:\/\/www.orentees.com\/pt\/wp-json\/wp\/v2\/product_tag?post=98515"}],"curies":[{"name":"wp","href":"https:\/\/api.w.org\/{rel}","templated":true}]}}